{"id":1155,"date":"2015-04-09T09:14:24","date_gmt":"2015-04-09T06:14:24","guid":{"rendered":"http:\/\/siracotrans.ro\/siraco_new\/?page_id=1155"},"modified":"2017-06-27T22:43:21","modified_gmt":"2017-06-27T19:43:21","slug":"8-motive-sa-alegi-siraco-trans","status":"publish","type":"page","link":"http:\/\/siracotrans.ro\/en_US\/8-motive-sa-alegi-siraco-trans\/","title":{"rendered":"8 Motive s\u0103 alegi Siraco Trans"},"content":{"rendered":"<p>[et_pb_section admin_label=&#8221;section&#8221; fullwidth=&#8221;on&#8221; specialty=&#8221;off&#8221;][et_pb_fullwidth_header admin_label=&#8221;Fullwidth Header&#8221; title=&#8221;8 Motive s\u0103 alegi Siraco Trans&#8221; background_layout=&#8221;dark&#8221; text_orientation=&#8221;left&#8221; module_class=&#8221;action-wrapper-despre&#8221;]<\/p>\n<p>[\/et_pb_fullwidth_header][\/et_pb_section][et_pb_section admin_label=&#8221;section&#8221; fullwidth=&#8221;off&#8221; specialty=&#8221;off&#8221; transparent_background=&#8221;off&#8221; background_color=&#8221;#ffffff&#8221; inner_shadow=&#8221;off&#8221; parallax=&#8221;off&#8221; parallax_method=&#8221;off&#8221; module_class=&#8221;8-motive-wrapper&#8221;][et_pb_row admin_label=&#8221;8-motive-row&#8221; make_fullwidth=&#8221;off&#8221; use_custom_width=&#8221;off&#8221; width_unit=&#8221;on&#8221; use_custom_gutter=&#8221;off&#8221; padding_mobile=&#8221;off&#8221; allow_player_pause=&#8221;off&#8221; parallax=&#8221;off&#8221; parallax_method=&#8221;off&#8221; make_equal=&#8221;off&#8221; parallax_1=&#8221;off&#8221; parallax_method_1=&#8221;off&#8221; parallax_2=&#8221;off&#8221; parallax_method_2=&#8221;off&#8221; parallax_3=&#8221;off&#8221; parallax_method_3=&#8221;off&#8221; column_padding_mobile=&#8221;on&#8221;][et_pb_column type=&#8221;1_4&#8243;][et_pb_cta admin_label=&#8221;Call To Action&#8221; button_url=&#8221;http:\/\/siracotrans.ro\/cotatii&#8221; button_text=&#8221;Cere Cotatii&#8221; use_background_color=&#8221;on&#8221; background_color=&#8221;#ff4c0e&#8221; background_layout=&#8221;dark&#8221; text_orientation=&#8221;center&#8221;]<\/p>\n<p>[\/et_pb_cta][et_pb_tabs admin_label=&#8221;Tabs&#8221;]<\/p>\n<p>[et_pb_tab title=&#8221;Meniu&#8221;]<\/p>\n<ul>\n<li style=\"list-style: square;\"><a href=\"http:\/\/siracotrans.ro\/\">Acasa<\/a><\/li>\n<li style=\"list-style: square;\"><a href=\"http:\/\/siracotrans.ro\/servicii\">Servicii<\/a><\/li>\n<li style=\"list-style: square;\"><a href=\"http:\/\/siracotrans.ro\/flota\">Flota<\/a><\/li>\n<li style=\"list-style: square;\"><a href=\"http:\/\/siracotrans.ro\/cotatii\">Cotatii<\/a><\/li>\n<li style=\"list-style: square;\"><a href=\"http:\/\/siracotrans.ro\/cariere\">Cariere<\/a><\/li>\n<li style=\"list-style: square;\"><a href=\"http:\/\/siracotrans.ro\/contact\">Contact<\/a><\/li>\n<\/ul>\n<p>[\/et_pb_tab][et_pb_tab title=&#8221;SOCIAL MEDIA&#8221;]<\/p>\n<ul>\n<li style=\"list-style: square;\"><a href=\"https:\/\/ro-ro.facebook.com\/pages\/Siraco-Trans\/598242463526804\">Facebook<\/a><\/li>\n<li style=\"list-style: square;\"><a href=\"https:\/\/plus.google.com\/app\/basic\/105479435082682364531\/posts?cbp=1f038jwkn9mcu&amp;sview=25&amp;cid=5&amp;soc-app=115&amp;soc-platform=1\">Google Plus<\/a><\/li>\n<li style=\"list-style: square;\"><a href=\"https:\/\/www.youtube.com\/watch?v=SSqD32bdwXA\">Youtube<\/a><\/li>\n<\/ul>\n<p>[\/et_pb_tab]<\/p>\n<p>[\/et_pb_tabs][et_pb_cta admin_label=&#8221;Call To Action&#8221; button_url=&#8221;http:\/\/siracotrans.ro\/marturii&#8221; button_text=&#8221;Ce spun Clientii !&#8221; use_background_color=&#8221;on&#8221; background_color=&#8221;#ff4c0e&#8221; background_layout=&#8221;dark&#8221; text_orientation=&#8221;center&#8221; module_class=&#8221;ce-spun-clientii&#8221;]<\/p>\n<p>[\/et_pb_cta][\/et_pb_column][et_pb_column type=&#8221;1_4&#8243;][et_pb_divider admin_label=&#8221;Divider&#8221; color=&#8221;#ffffff&#8221; show_divider=&#8221;off&#8221; height=&#8221;30&#8243; divider_style=&#8221;solid&#8221; divider_position=&#8221;top&#8221; hide_on_mobile=&#8221;on&#8221;]<\/p>\n<p>[\/et_pb_divider][et_pb_blurb admin_label=&#8221;Blurb&#8221; url_new_window=&#8221;off&#8221; use_icon=&#8221;off&#8221; icon_color=&#8221;#7EBEC5&#8243; use_circle=&#8221;off&#8221; circle_color=&#8221;#7EBEC5&#8243; use_circle_border=&#8221;off&#8221; circle_border_color=&#8221;#7EBEC5&#8243; image=&#8221;http:\/\/siracotrans.ro\/wp-content\/uploads\/2015\/03\/orange-number-1-100.png&#8221; icon_placement=&#8221;top&#8221; animation=&#8221;off&#8221; background_layout=&#8221;light&#8221; text_orientation=&#8221;center&#8221; use_icon_font_size=&#8221;off&#8221; use_border_color=&#8221;off&#8221; border_color=&#8221;#ffffff&#8221; border_style=&#8221;solid&#8221;]<\/p>\n<p>[\/et_pb_blurb][et_pb_divider admin_label=&#8221;Divider&#8221; color=&#8221;#ffffff&#8221; show_divider=&#8221;off&#8221; height=&#8221;60&#8243; divider_style=&#8221;solid&#8221; divider_position=&#8221;top&#8221; hide_on_mobile=&#8221;on&#8221;]<\/p>\n<p>[\/et_pb_divider][et_pb_blurb admin_label=&#8221;Blurb&#8221; url_new_window=&#8221;off&#8221; use_icon=&#8221;off&#8221; icon_color=&#8221;#7EBEC5&#8243; use_circle=&#8221;off&#8221; circle_color=&#8221;#7EBEC5&#8243; use_circle_border=&#8221;off&#8221; circle_border_color=&#8221;#7EBEC5&#8243; image=&#8221;http:\/\/siracotrans.ro\/wp-content\/uploads\/2015\/03\/orange-number-2-100.png&#8221; icon_placement=&#8221;top&#8221; animation=&#8221;off&#8221; background_layout=&#8221;light&#8221; text_orientation=&#8221;center&#8221; use_icon_font_size=&#8221;off&#8221; use_border_color=&#8221;off&#8221; border_color=&#8221;#ffffff&#8221; border_style=&#8221;solid&#8221;]<\/p>\n<p>[\/et_pb_blurb][et_pb_divider admin_label=&#8221;Divider&#8221; color=&#8221;#ffffff&#8221; show_divider=&#8221;off&#8221; height=&#8221;80&#8243; divider_style=&#8221;solid&#8221; divider_position=&#8221;top&#8221; hide_on_mobile=&#8221;on&#8221;]<\/p>\n<p>[\/et_pb_divider][et_pb_blurb admin_label=&#8221;Blurb&#8221; url_new_window=&#8221;off&#8221; use_icon=&#8221;off&#8221; icon_color=&#8221;#7EBEC5&#8243; use_circle=&#8221;off&#8221; circle_color=&#8221;#7EBEC5&#8243; use_circle_border=&#8221;off&#8221; circle_border_color=&#8221;#7EBEC5&#8243; image=&#8221;http:\/\/siracotrans.ro\/wp-content\/uploads\/2015\/03\/orange-number-3-100.png&#8221; icon_placement=&#8221;top&#8221; animation=&#8221;off&#8221; background_layout=&#8221;light&#8221; text_orientation=&#8221;center&#8221; use_icon_font_size=&#8221;off&#8221; use_border_color=&#8221;off&#8221; border_color=&#8221;#ffffff&#8221; border_style=&#8221;solid&#8221;]<\/p>\n<p>[\/et_pb_blurb][\/et_pb_column][et_pb_column type=&#8221;1_2&#8243;][et_pb_cta admin_label=&#8221;Call To Action&#8221; use_background_color=&#8221;on&#8221; background_color=&#8221;#ffffff&#8221; background_layout=&#8221;light&#8221; text_orientation=&#8221;left&#8221; module_class=&#8221;8-motive-action&#8221;]<\/p>\n<h1>Parc Auto Propriu<\/h1>\n<p style=\"text-align: justify;\">V\u0103 punem la dispozi\u021bie o flot\u0103 auto de peste 40 de camioane, de diverse tipuri, echipate cu sisteme performante de urm\u0103rire GPS, programe de comunicare prin e-mail, fax \u0219i telefon. Comunicarea cu \u0219oferul este garantat\u0103 non-stop.<\/p>\n<p>[\/et_pb_cta][et_pb_divider admin_label=&#8221;Divider&#8221; color=&#8221;#ffffff&#8221; show_divider=&#8221;off&#8221; height=&#8221;2&#8243; divider_style=&#8221;solid&#8221; divider_position=&#8221;top&#8221; hide_on_mobile=&#8221;on&#8221;]<\/p>\n<p>[\/et_pb_divider][et_pb_cta admin_label=&#8221;Call To Action&#8221; use_background_color=&#8221;on&#8221; background_color=&#8221;#ffffff&#8221; background_layout=&#8221;light&#8221; text_orientation=&#8221;left&#8221; module_class=&#8221;8-motive-action&#8221;]<\/p>\n<h1>Experient\u0103 de peste 20 de ani<\/h1>\n<p style=\"text-align: justify;\">Dispunem de o vast\u0103 experient\u0103 dob\u00e2ndit\u0103 de-a lungul a peste 20 de ani \u00een domeniul activit\u0103\u0163ii de transport ce a dus la rela\u0163ii consolidate de colaborare cu parteneri din \u00eentreaga Europ\u0103.<\/p>\n<p>[\/et_pb_cta][et_pb_divider admin_label=&#8221;Divider&#8221; color=&#8221;#ffffff&#8221; show_divider=&#8221;off&#8221; height=&#8221;2&#8243; divider_style=&#8221;solid&#8221; divider_position=&#8221;top&#8221; hide_on_mobile=&#8221;on&#8221;]<\/p>\n<p>[\/et_pb_divider][et_pb_cta admin_label=&#8221;Call To Action&#8221; use_background_color=&#8221;on&#8221; background_color=&#8221;#ffffff&#8221; background_layout=&#8221;light&#8221; text_orientation=&#8221;left&#8221; module_class=&#8221;8-motive-action&#8221; url_new_window=&#8221;off&#8221; use_border_color=&#8221;off&#8221; border_color=&#8221;#ffffff&#8221; border_style=&#8221;solid&#8221; custom_button=&#8221;off&#8221; button_letter_spacing=&#8221;0&#8243; button_use_icon=&#8221;default&#8221; button_icon_placement=&#8221;right&#8221; button_on_hover=&#8221;on&#8221; button_letter_spacing_hover=&#8221;0&#8243;]<\/p>\n<h1>Departament Profesionist de Agenti Transport<\/h1>\n<p style=\"text-align: justify;\">Gestionarea flotei auto c\u00e2t \u015fi a solu\u0163iilor de transport cad\u00a0\u00een sarcina unui departament dotat cu echipamente de ultim\u0103 genera\u021bie \u0219i format dintr-o echip\u0103 profesionist\u0103, cu vaste cuno\u0219tin\u021be \u00een domeniu, vorbitori de mai multe limbi str\u0103ine, preg\u0103tit\u0103 de a\u0219a manier\u0103 \u00eenc\u00e2t s\u0103 v\u0103 asigure flexibilitate, operativitate plus tranzit minim, costuri optime \u0219i siguran\u0163\u0103.<\/p>\n<p>[\/et_pb_cta][\/et_pb_column][\/et_pb_row][\/et_pb_section][et_pb_section admin_label=&#8221;section&#8221; fullwidth=&#8221;on&#8221; specialty=&#8221;off&#8221;][et_pb_fullwidth_header admin_label=&#8221;Fullwidth Header&#8221; background_layout=&#8221;dark&#8221; text_orientation=&#8221;center&#8221; module_class=&#8221;action-wrapper&#8221; header_fullscreen=&#8221;off&#8221; header_scroll_down=&#8221;off&#8221; parallax=&#8221;off&#8221; parallax_method=&#8221;off&#8221; content_orientation=&#8221;center&#8221; image_orientation=&#8221;center&#8221; custom_button_one=&#8221;off&#8221; button_one_letter_spacing=&#8221;0&#8243; button_one_use_icon=&#8221;default&#8221; button_one_icon_placement=&#8221;right&#8221; button_one_on_hover=&#8221;on&#8221; button_one_letter_spacing_hover=&#8221;0&#8243; custom_button_two=&#8221;off&#8221; button_two_letter_spacing=&#8221;0&#8243; button_two_use_icon=&#8221;default&#8221; button_two_icon_placement=&#8221;right&#8221; button_two_on_hover=&#8221;on&#8221; button_two_letter_spacing_hover=&#8221;0&#8243; title=&#8221;SUNA ACUM LA +40 723 355 712 PENTRU O COTATIE DIRECTA&#8221;]<\/p>\n<p>[\/et_pb_fullwidth_header][\/et_pb_section][et_pb_section admin_label=&#8221;section&#8221; fullwidth=&#8221;off&#8221; specialty=&#8221;off&#8221;][et_pb_row admin_label=&#8221;8-motive-row&#8221; make_fullwidth=&#8221;off&#8221; use_custom_width=&#8221;off&#8221; width_unit=&#8221;on&#8221; use_custom_gutter=&#8221;off&#8221; padding_mobile=&#8221;off&#8221; allow_player_pause=&#8221;off&#8221; parallax=&#8221;off&#8221; parallax_method=&#8221;off&#8221; make_equal=&#8221;off&#8221; parallax_1=&#8221;off&#8221; parallax_method_1=&#8221;off&#8221; parallax_2=&#8221;off&#8221; parallax_method_2=&#8221;off&#8221; parallax_3=&#8221;off&#8221; parallax_method_3=&#8221;off&#8221; column_padding_mobile=&#8221;on&#8221;][et_pb_column type=&#8221;1_4&#8243;][et_pb_text admin_label=&#8221;Text&#8221; background_layout=&#8221;light&#8221; text_orientation=&#8221;center&#8221;]<\/p>\n<h2>Noutati<\/h2>\n<p>[\/et_pb_text][et_pb_blog admin_label=&#8221;Blog&#8221; fullwidth=&#8221;off&#8221; posts_number=&#8221;5&#8243; meta_date=&#8221;M j, Y&#8221; show_thumbnail=&#8221;on&#8221; show_content=&#8221;off&#8221; show_more=&#8221;off&#8221; show_author=&#8221;off&#8221; show_date=&#8221;on&#8221; show_categories=&#8221;on&#8221; show_pagination=&#8221;off&#8221; background_layout=&#8221;light&#8221; include_categories=&#8221;3&#8243; offset_number=&#8221;0&#8243;]<\/p>\n<p>[\/et_pb_blog][\/et_pb_column][et_pb_column type=&#8221;1_4&#8243;][et_pb_divider admin_label=&#8221;Divider&#8221; color=&#8221;#ffffff&#8221; show_divider=&#8221;off&#8221; height=&#8221;120&#8243;]<\/p>\n<p>[\/et_pb_divider][et_pb_blurb admin_label=&#8221;Blurb&#8221; url_new_window=&#8221;off&#8221; use_icon=&#8221;off&#8221; icon_color=&#8221;#7EBEC5&#8243; use_circle=&#8221;off&#8221; circle_color=&#8221;#7EBEC5&#8243; use_circle_border=&#8221;off&#8221; circle_border_color=&#8221;#7EBEC5&#8243; image=&#8221;http:\/\/siracotrans.ro\/wp-content\/uploads\/2015\/03\/orange-number-4-100.png&#8221; icon_placement=&#8221;top&#8221; animation=&#8221;off&#8221; background_layout=&#8221;light&#8221; text_orientation=&#8221;center&#8221; use_icon_font_size=&#8221;off&#8221; use_border_color=&#8221;off&#8221; border_color=&#8221;#ffffff&#8221; border_style=&#8221;solid&#8221;]<\/p>\n<p>[\/et_pb_blurb][et_pb_divider admin_label=&#8221;Divider&#8221; color=&#8221;#ffffff&#8221; show_divider=&#8221;off&#8221; height=&#8221;200&#8243;]<\/p>\n<p>[\/et_pb_divider][et_pb_blurb admin_label=&#8221;Blurb&#8221; url_new_window=&#8221;off&#8221; use_icon=&#8221;off&#8221; icon_color=&#8221;#7EBEC5&#8243; use_circle=&#8221;off&#8221; circle_color=&#8221;#7EBEC5&#8243; use_circle_border=&#8221;off&#8221; circle_border_color=&#8221;#7EBEC5&#8243; image=&#8221;http:\/\/siracotrans.ro\/wp-content\/uploads\/2015\/03\/orange-number-5-100.png&#8221; icon_placement=&#8221;top&#8221; animation=&#8221;off&#8221; background_layout=&#8221;light&#8221; text_orientation=&#8221;center&#8221; use_icon_font_size=&#8221;off&#8221; use_border_color=&#8221;off&#8221; border_color=&#8221;#ffffff&#8221; border_style=&#8221;solid&#8221;]<\/p>\n<p>[\/et_pb_blurb][et_pb_divider admin_label=&#8221;Divider&#8221; color=&#8221;#ffffff&#8221; show_divider=&#8221;off&#8221; height=&#8221;200&#8243;]<\/p>\n<p>[\/et_pb_divider][et_pb_blurb admin_label=&#8221;Blurb&#8221; url_new_window=&#8221;off&#8221; use_icon=&#8221;off&#8221; icon_color=&#8221;#7EBEC5&#8243; use_circle=&#8221;off&#8221; circle_color=&#8221;#7EBEC5&#8243; use_circle_border=&#8221;off&#8221; circle_border_color=&#8221;#7EBEC5&#8243; image=&#8221;http:\/\/siracotrans.ro\/wp-content\/uploads\/2015\/03\/orange-number-6-100.png&#8221; icon_placement=&#8221;top&#8221; animation=&#8221;off&#8221; background_layout=&#8221;light&#8221; text_orientation=&#8221;center&#8221; use_icon_font_size=&#8221;off&#8221; use_border_color=&#8221;off&#8221; border_color=&#8221;#ffffff&#8221; border_style=&#8221;solid&#8221;]<\/p>\n<p>[\/et_pb_blurb][et_pb_divider admin_label=&#8221;Divider&#8221; color=&#8221;#ffffff&#8221; show_divider=&#8221;off&#8221; height=&#8221;180&#8243;]<\/p>\n<p>[\/et_pb_divider][et_pb_blurb admin_label=&#8221;Blurb&#8221; url_new_window=&#8221;off&#8221; use_icon=&#8221;off&#8221; icon_color=&#8221;#7EBEC5&#8243; use_circle=&#8221;off&#8221; circle_color=&#8221;#7EBEC5&#8243; use_circle_border=&#8221;off&#8221; circle_border_color=&#8221;#7EBEC5&#8243; image=&#8221;http:\/\/siracotrans.ro\/wp-content\/uploads\/2015\/03\/orange-number-7-100.png&#8221; icon_placement=&#8221;top&#8221; animation=&#8221;off&#8221; background_layout=&#8221;light&#8221; text_orientation=&#8221;center&#8221; use_icon_font_size=&#8221;off&#8221; use_border_color=&#8221;off&#8221; border_color=&#8221;#ffffff&#8221; border_style=&#8221;solid&#8221;]<\/p>\n<p>[\/et_pb_blurb][et_pb_divider admin_label=&#8221;Divider&#8221; color=&#8221;#ffffff&#8221; show_divider=&#8221;off&#8221; height=&#8221;170&#8243;]<\/p>\n<p>[\/et_pb_divider][et_pb_blurb admin_label=&#8221;Blurb&#8221; url_new_window=&#8221;off&#8221; use_icon=&#8221;off&#8221; icon_color=&#8221;#7EBEC5&#8243; use_circle=&#8221;off&#8221; circle_color=&#8221;#7EBEC5&#8243; use_circle_border=&#8221;off&#8221; circle_border_color=&#8221;#7EBEC5&#8243; image=&#8221;http:\/\/siracotrans.ro\/wp-content\/uploads\/2015\/03\/orange-number-8-100.png&#8221; icon_placement=&#8221;top&#8221; animation=&#8221;off&#8221; background_layout=&#8221;light&#8221; text_orientation=&#8221;center&#8221; use_icon_font_size=&#8221;off&#8221; use_border_color=&#8221;off&#8221; border_color=&#8221;#ffffff&#8221; border_style=&#8221;solid&#8221;]<\/p>\n<p>[\/et_pb_blurb][\/et_pb_column][et_pb_column type=&#8221;1_2&#8243;][et_pb_cta admin_label=&#8221;Call To Action&#8221; use_background_color=&#8221;on&#8221; background_color=&#8221;#ffffff&#8221; background_layout=&#8221;light&#8221; text_orientation=&#8221;left&#8221; module_class=&#8221;8-motive-toggle&#8221;]<\/p>\n<h1>Servicii diversificate de transport<\/h1>\n<p>&nbsp;<\/p>\n<h4>Asigur\u0103m transporturi de m\u0103rfuri \u00een regim:<\/h4>\n<p style=\"text-align: justify;\"><strong>COMPLET<\/strong><br \/>\nTransportul complet, exclusiv, reprezint\u0103 solu\u0163ia de transport cea mai rapid\u0103 \u015fi eficient\u0103, chiar dac\u0103 nu s-a utilizat \u00eentreaga capacitate de \u00eenc\u0103rcare a camionului;<\/p>\n<div class=\"et_pb_toggle et_pb_toggle_close\">\n<h5 class=\"et_pb_toggle_title\">Mai Mult<\/h5>\n<div class=\"et_pb_toggle_content clearfix\" style=\"display: none; text-align: justify;\"><strong>PARTIAL<\/strong><br \/>\nTransportul par\u0163ial este destinat clien\u0163ilor care dispun de partide de marf\u0103 ce nu necesit\u0103 camion complet, m\u0103rfuri care nu impun livrare urgent\u0103, pe care le grup\u0103m cu alte m\u0103rfuri pe un singur camion pentru optimizarea costurilor. Tariful se stabile\u015fte \u00een func\u0163ie de greutate \u015fi m\/podea;<br \/>\n<strong>GRUPAJ<\/strong><br \/>\nTransportul \u00een regim de grupaj se tarifeaz\u0103 pornind de la 100 de kg;<br \/>\n<strong>ECONOMY EXPRESS<\/strong><br \/>\nPentru trasportul \u00een regim economy express tariful se stabile\u015fte la euro\/kg;<br \/>\n<strong>SPECIAL SERVICES<\/strong><br \/>\nPentru trasportul \u00een regim special services punem la dispozitia clientului orice tip de autovehicul. Pentru acest serviciu putem asigura doi soferi pe camion, ceea ce implic\u0103 reducerea pauzelor \u015fi implicit timp de tranzit mai scurt;<br \/>\n<strong>AIR FREIGHT pe \u00eentreg cuprinsul Europei, inclusiv \u0163\u0103rile extra-comunitare.<\/strong><br \/>\nAir Freight cu operare de pe toate aeroporturile din Rom\u00e2nia;<\/div>\n<\/div>\n<p>[\/et_pb_cta][et_pb_divider admin_label=&#8221;Divider&#8221; color=&#8221;#ffffff&#8221; show_divider=&#8221;off&#8221; height=&#8221;2&#8243;]<\/p>\n<p>[\/et_pb_divider][et_pb_cta admin_label=&#8221;Call To Action&#8221; use_background_color=&#8221;on&#8221; background_color=&#8221;#ffffff&#8221; background_layout=&#8221;light&#8221; text_orientation=&#8221;left&#8221; module_class=&#8221;8-motive-toggle&#8221;]<\/p>\n<h1>Logistic\u0103<\/h1>\n<p>Serviciile de Logistic\u0103 SIRACO EXIM 94 SRL includ:<\/p>\n<ul>\n<li>Inc\u0103rcare \/ Desc\u0103rcare<\/li>\n<li>Depozitare<\/li>\n<li>Repaletare<\/li>\n<li>Transport<\/li>\n<\/ul>\n<div class=\"et_pb_toggle et_pb_toggle_close\">\n<h5 class=\"et_pb_toggle_title\">Mai mult<\/h5>\n<div class=\"et_pb_toggle_content clearfix\" style=\"display: none; text-align: justify;\">Dispunem de un departament profesionist de Agenti Transport Intern \u0219i Interna\u0163ional care v\u0103 pot organiza transportul \u00een cel mai mic detaliu \u0219i pot fi contacta\u0163i rapid prin diferite canale de comunicare: accesare telefonic\u0103, e-mail ori prin platforma on-line de cerere cota\u0163ii gratuite.<\/div>\n<\/div>\n<p>[\/et_pb_cta][et_pb_divider admin_label=&#8221;Divider&#8221; color=&#8221;#ffffff&#8221; show_divider=&#8221;off&#8221; height=&#8221;2&#8243;]<\/p>\n<p>[\/et_pb_divider][et_pb_cta admin_label=&#8221;Call To Action&#8221; use_background_color=&#8221;on&#8221; background_color=&#8221;#ffffff&#8221; background_layout=&#8221;light&#8221; text_orientation=&#8221;left&#8221;]<\/p>\n<h1>Service auto propriu<\/h1>\n<p style=\"text-align: justify;\">Pentru asigurarea serviciilor de transport de cea mai bun\u0103 calitate, Siraco Trans are:<\/p>\n<ul>\n<li style=\"text-align: justify;\">Service auto propriu: dispune de tehnicieni specializa\u0163i;<\/li>\n<li style=\"text-align: justify;\">Echip\u0103 de mentenant\u0103: atelier mobil ce st\u0103 non-stop la dispozi\u0163ia \u015foferilor pentru a remedia \u015fi diminua orice tip de defec\u0163iune, \u015fi pentru a evita eventuale \u00eent\u00e2rzieri ale camioanelor;<\/li>\n<\/ul>\n<p>[\/et_pb_cta][et_pb_divider admin_label=&#8221;Divider&#8221; color=&#8221;#ffffff&#8221; show_divider=&#8221;off&#8221; height=&#8221;2&#8243;]<\/p>\n<p>[\/et_pb_divider][et_pb_cta admin_label=&#8221;Call To Action&#8221; use_background_color=&#8221;on&#8221; background_color=&#8221;#ffffff&#8221; background_layout=&#8221;light&#8221; text_orientation=&#8221;left&#8221; module_class=&#8221;8-motive-toggle&#8221;]<\/p>\n<h1>Garantia calita\u0163ii<\/h1>\n<p style=\"text-align: justify;\">Av\u00e2nd un volum mare de marf\u0103 transportat\u0103, reu\u0219im s\u0103 rentabiliz\u0103m activitatea de transport rutier; Astfel, v\u0103 oferim tarife de transport f\u0103r\u0103 concuren\u021b\u0103 pentru majoritatea rutelor europene, chiar \u0219i \u00een condi\u021bii de transport \u00een regim grupaj\/par\u021bial.<\/p>\n<p>Transportul este sus\u0163inut de o gam\u0103 larg\u0103 de asigur\u0103ri \u00een func\u0163ie de valoarea acestuia \u015fi v\u0103 punem la dispozitie varianta de asigurare<\/p>\n<div class=\"et_pb_toggle et_pb_toggle_close\">\n<h5 class=\"et_pb_toggle_title\">Mai mult<\/h5>\n<div class=\"et_pb_toggle_content clearfix\" style=\"display: none; text-align: justify;\">suplimentar\u0103, la cererea clientului, pentru transporturi de excep\u0163ie.<br \/>\nSuntem operativi atunci c\u00e2nd prelu\u0103m \u0219i efectu\u0103m transportul dar nu numai. Pentru noi e foarte important\u0103 \u015fi documenta\u0163ia, astfel c\u0103 prin intermediul firmelor de curierat colaboratoare v\u0103 oferim un sistem sigur \u015fi rapid de returnare a documentelor \u00een orice loc din \u0163ar\u0103 sau din str\u0103in\u0103tate.<\/div>\n<\/div>\n<p>[\/et_pb_cta][et_pb_divider admin_label=&#8221;Divider&#8221; color=&#8221;#ffffff&#8221; show_divider=&#8221;off&#8221; height=&#8221;2&#8243;]<\/p>\n<p>[\/et_pb_divider][et_pb_cta admin_label=&#8221;Call To Action&#8221; use_background_color=&#8221;on&#8221; background_color=&#8221;#ffffff&#8221; background_layout=&#8221;light&#8221; text_orientation=&#8221;left&#8221; module_class=&#8221;8-motive-toggle&#8221;]<\/p>\n<h1>Flexibilitate \u015fi Diversitate<\/h1>\n<p style=\"text-align: justify;\">\u00cencrederea pe care noi ne-am pastrat-o constant de-a lungul anilor, ne-a f\u0103cut s\u0103 ne adapt\u0103m \u00een permanen\u0163\u0103 la schimb\u0103rile pie\u0163ei \u015fi s\u0103 privim spre viitor.<\/p>\n<p>Astfel am \u00eenfiin\u0163at o nou\u0103 firm\u0103 pe teritoriul Bulgariei, <strong>Siraco Trans LTD<\/strong>, ce v\u0103 ofer\u0103 acelea\u015fi servicii de transport iar ca plus ave\u0163i TVA 0.<\/p>\n<p>[\/et_pb_cta][\/et_pb_column][\/et_pb_row][\/et_pb_section]<\/p>\n","protected":false},"excerpt":{"rendered":"<p>[et_pb_section admin_label=&#8221;section&#8221; fullwidth=&#8221;on&#8221; specialty=&#8221;off&#8221;][et_pb_fullwidth_header admin_label=&#8221;Fullwidth Header&#8221; title=&#8221;8 Motive s\u0103 alegi Siraco Trans&#8221; background_layout=&#8221;dark&#8221; text_orientation=&#8221;left&#8221; module_class=&#8221;action-wrapper-despre&#8221;] [\/et_pb_fullwidth_header][\/et_pb_section][et_pb_section admin_label=&#8221;section&#8221; fullwidth=&#8221;off&#8221; specialty=&#8221;off&#8221; transparent_background=&#8221;off&#8221; background_color=&#8221;#ffffff&#8221; inner_shadow=&#8221;off&#8221; parallax=&#8221;off&#8221; parallax_method=&#8221;off&#8221; module_class=&#8221;8-motive-wrapper&#8221;][et_pb_row admin_label=&#8221;8-motive-row&#8221; make_fullwidth=&#8221;off&#8221; use_custom_width=&#8221;off&#8221; width_unit=&#8221;on&#8221; use_custom_gutter=&#8221;off&#8221; padding_mobile=&#8221;off&#8221; allow_player_pause=&#8221;off&#8221; parallax=&#8221;off&#8221; parallax_method=&#8221;off&#8221; make_equal=&#8221;off&#8221; parallax_1=&#8221;off&#8221; parallax_method_1=&#8221;off&#8221; parallax_2=&#8221;off&#8221; parallax_method_2=&#8221;off&#8221; parallax_3=&#8221;off&#8221; parallax_method_3=&#8221;off&#8221; column_padding_mobile=&#8221;on&#8221;][et_pb_column type=&#8221;1_4&#8243;][et_pb_cta admin_label=&#8221;Call To Action&#8221; button_url=&#8221;http:\/\/siracotrans.ro\/cotatii&#8221; button_text=&#8221;Cere Cotatii&#8221; use_background_color=&#8221;on&#8221; background_color=&#8221;#ff4c0e&#8221; background_layout=&#8221;dark&#8221; text_orientation=&#8221;center&#8221;] [\/et_pb_cta][et_pb_tabs admin_label=&#8221;Tabs&#8221;] [&hellip;]<\/p>\n","protected":false},"author":1,"featured_media":0,"parent":0,"menu_order":0,"comment_status":"open","ping_status":"open","template":"","meta":[],"categories":[],"tags":[],"_links":{"self":[{"href":"http:\/\/siracotrans.ro\/en_US\/wp-json\/wp\/v2\/pages\/1155"}],"collection":[{"href":"http:\/\/siracotrans.ro\/en_US\/wp-json\/wp\/v2\/pages"}],"about":[{"href":"http:\/\/siracotrans.ro\/en_US\/wp-json\/wp\/v2\/types\/page"}],"author":[{"embeddable":true,"href":"http:\/\/siracotrans.ro\/en_US\/wp-json\/wp\/v2\/users\/1"}],"replies":[{"embeddable":true,"href":"http:\/\/siracotrans.ro\/en_US\/wp-json\/wp\/v2\/comments?post=1155"}],"version-history":[{"count":33,"href":"http:\/\/siracotrans.ro\/en_US\/wp-json\/wp\/v2\/pages\/1155\/revisions"}],"predecessor-version":[{"id":2108,"href":"http:\/\/siracotrans.ro\/en_US\/wp-json\/wp\/v2\/pages\/1155\/revisions\/2108"}],"wp:attachment":[{"href":"http:\/\/siracotrans.ro\/en_US\/wp-json\/wp\/v2\/media?parent=1155"}],"wp:term":[{"taxonomy":"category","embeddable":true,"href":"http:\/\/siracotrans.ro\/en_US\/wp-json\/wp\/v2\/categories?post=1155"},{"taxonomy":"post_tag","embeddable":true,"href":"http:\/\/siracotrans.ro\/en_US\/wp-json\/wp\/v2\/tags?post=1155"}],"curies":[{"name":"wp","href":"https:\/\/api.w.org\/{rel}","templated":true}]}}