{"id":1174,"date":"2015-04-09T10:12:40","date_gmt":"2015-04-09T07:12:40","guid":{"rendered":"http:\/\/siracotrans.ro\/siraco_new\/?page_id=1174"},"modified":"2017-02-08T12:26:07","modified_gmt":"2017-02-08T10:26:07","slug":"camioane-mega-cu-prelata-2","status":"publish","type":"page","link":"http:\/\/siracotrans.ro\/en_US\/camioane-mega-cu-prelata-2\/","title":{"rendered":"Camioane mega tandem cu prelata"},"content":{"rendered":"<p>[et_pb_section admin_label=&#8221;section&#8221;][et_pb_row admin_label=&#8221;row&#8221;][et_pb_column type=&#8221;1_4&#8243;][et_pb_cta admin_label=&#8221;Call To Action&#8221; button_url=&#8221;http:\/\/siracotrans.ro\/cotatii&#8221; button_text=&#8221;Cere Cotatie !&#8221; use_background_color=&#8221;on&#8221; background_color=&#8221;#ff4c0e&#8221; background_layout=&#8221;dark&#8221; text_orientation=&#8221;center&#8221;]<\/p>\n<p>[\/et_pb_cta][et_pb_tabs admin_label=&#8221;Tabs&#8221;]<\/p>\n<p>[et_pb_tab title=&#8221;Meniu&#8221;]<\/p>\n<ul>\n<li><a href=\"http:\/\/siracotrans.ro\/camioane-cu-prelata\">Camioane cu Prelat\u0103<\/a><\/li>\n<li><a href=\"http:\/\/siracotrans.ro\/camioane-mega-cu-prelata\">Camioane Mega cu Prelat\u0103<\/a><\/li>\n<li><a href=\"http:\/\/siracotrans.ro\/camioane-tandem-cu-prelata\">Camioane Tandem cu Prelat\u0103<\/a><\/li>\n<li><a href=\"http:\/\/siracotrans.ro\/camioane-frigorifice\">Camioane Frigorifice<\/a><\/li>\n<li><a href=\"http:\/\/siracotrans.ro\/camionete-dube-prelate\">Camionete cu Prelat\u0103<\/a><\/li>\n<li><a href=\"http:\/\/siracotrans.ro\/van-uri-sprintere-dube\">Van-uri (Sprintere, dube)<\/a><\/li>\n<\/ul>\n<p>[\/et_pb_tab][et_pb_tab title=&#8221;SOCIAL MEDIA&#8221;]<\/p>\n<ul>\n<li style=\"list-style: square;\"><a href=\"https:\/\/ro-ro.facebook.com\/pages\/Siraco-Trans\/598242463526804\">Facebook<\/a><\/li>\n<li style=\"list-style: square;\"><a href=\"https:\/\/plus.google.com\/app\/basic\/105479435082682364531\/posts?cbp=1f038jwkn9mcu&amp;sview=25&amp;cid=5&amp;soc-app=115&amp;soc-platform=1\">Google Plus<\/a><\/li>\n<li style=\"list-style: square;\"><a href=\"https:\/\/www.youtube.com\/watch?v=SSqD32bdwXA\">Youtube<\/a><\/li>\n<\/ul>\n<p>[\/et_pb_tab]<\/p>\n<p>[\/et_pb_tabs][et_pb_cta admin_label=&#8221;Call To Action&#8221; button_url=&#8221;http:\/\/siracotrans.ro\/8-motive-sa-alegi-siraco&#8221; button_text=&#8221;De ce Siraco?&#8221; use_background_color=&#8221;on&#8221; background_color=&#8221;#ff4c0e&#8221; background_layout=&#8221;dark&#8221; text_orientation=&#8221;center&#8221;]<\/p>\n<p>[\/et_pb_cta][\/et_pb_column][et_pb_column type=&#8221;3_4&#8243;][et_pb_tabs admin_label=&#8221;Tabs&#8221;]<\/p>\n<p>[et_pb_tab title=&#8221;Camion mega tandem&#8221;]<\/p>\n<p style=\"text-align: justify;\">Camioanele mega \u00a0tandem cu prelat\u0103 pot fi \u00eenc\u0103rcate \u00een semiremorc\u0103 \u015fi remorc\u0103 separat. Acestea asigur\u0103 \u00eenc\u0103rcarea unui volum mai mare de marf\u0103. \u00cen func\u0163ie de tipul prelatei, \u00eenc\u0103rcarea se poate face pe sus, prin lateral sau prin spatele camionului.<\/p>\n<p style=\"text-align: justify;\"><br style=\"clear: both;\" \/><a href=\"http:\/\/siracotrans.ro\/wp-content\/uploads\/2015\/03\/mega-tandem.jpg\"><img loading=\"lazy\" class=\"alignleft size-full wp-image-1070\" src=\"http:\/\/siracotrans.ro\/wp-content\/uploads\/2015\/03\/mega-tandem.jpg\" alt=\"mega-tandem\" width=\"800\" height=\"445\" \/><\/a><\/p>\n<p>[\/et_pb_tab][et_pb_tab title=&#8221;Capacitati de incarcare&#8221;]<\/p>\n<h4>Capacitati de incarcare<\/h4>\n<table class=\"footable\">\n<thead>\n<tr>\n<th>Ton\u0103 (t)<\/th>\n<th>Lungime (L)<\/th>\n<th>L\u0103\u0163ime (l)<\/th>\n<th>\u00cen\u0103l\u0163ime (h)<\/th>\n<th>Metri cubi (m3)<\/th>\n<\/tr>\n<\/thead>\n<tbody>\n<tr>\n<td>20<\/td>\n<td>14.8<\/td>\n<td>2.45<\/td>\n<td>3<\/td>\n<td>120<\/td>\n<\/tr>\n<tr>\n<td><\/td>\n<td><span class=\"first-number\">7.4<\/span><span class=\"second-number\">7.4<\/span><\/td>\n<td><\/td>\n<td><\/td>\n<td><\/td>\n<\/tr>\n<\/tbody>\n<\/table>\n<p>[\/et_pb_tab]<\/p>\n<p>[\/et_pb_tabs][\/et_pb_column][\/et_pb_row][\/et_pb_section]<\/p>\n","protected":false},"excerpt":{"rendered":"<p>[et_pb_section admin_label=&#8221;section&#8221;][et_pb_row admin_label=&#8221;row&#8221;][et_pb_column type=&#8221;1_4&#8243;][et_pb_cta admin_label=&#8221;Call To Action&#8221; button_url=&#8221;http:\/\/siracotrans.ro\/cotatii&#8221; button_text=&#8221;Cere Cotatie !&#8221; use_background_color=&#8221;on&#8221; background_color=&#8221;#ff4c0e&#8221; background_layout=&#8221;dark&#8221; text_orientation=&#8221;center&#8221;] [\/et_pb_cta][et_pb_tabs admin_label=&#8221;Tabs&#8221;] [et_pb_tab title=&#8221;Meniu&#8221;] Camioane cu Prelat\u0103 Camioane Mega cu Prelat\u0103 Camioane Tandem cu Prelat\u0103 Camioane Frigorifice Camionete cu Prelat\u0103 Van-uri (Sprintere, dube) [\/et_pb_tab][et_pb_tab title=&#8221;SOCIAL MEDIA&#8221;] Facebook Google Plus Youtube [\/et_pb_tab] [\/et_pb_tabs][et_pb_cta admin_label=&#8221;Call To Action&#8221; button_url=&#8221;http:\/\/siracotrans.ro\/8-motive-sa-alegi-siraco&#8221; button_text=&#8221;De ce Siraco?&#8221; use_background_color=&#8221;on&#8221; [&hellip;]<\/p>\n","protected":false},"author":1,"featured_media":0,"parent":0,"menu_order":0,"comment_status":"open","ping_status":"open","template":"","meta":[],"categories":[4],"tags":[],"_links":{"self":[{"href":"http:\/\/siracotrans.ro\/en_US\/wp-json\/wp\/v2\/pages\/1174"}],"collection":[{"href":"http:\/\/siracotrans.ro\/en_US\/wp-json\/wp\/v2\/pages"}],"about":[{"href":"http:\/\/siracotrans.ro\/en_US\/wp-json\/wp\/v2\/types\/page"}],"author":[{"embeddable":true,"href":"http:\/\/siracotrans.ro\/en_US\/wp-json\/wp\/v2\/users\/1"}],"replies":[{"embeddable":true,"href":"http:\/\/siracotrans.ro\/en_US\/wp-json\/wp\/v2\/comments?post=1174"}],"version-history":[{"count":7,"href":"http:\/\/siracotrans.ro\/en_US\/wp-json\/wp\/v2\/pages\/1174\/revisions"}],"predecessor-version":[{"id":2003,"href":"http:\/\/siracotrans.ro\/en_US\/wp-json\/wp\/v2\/pages\/1174\/revisions\/2003"}],"wp:attachment":[{"href":"http:\/\/siracotrans.ro\/en_US\/wp-json\/wp\/v2\/media?parent=1174"}],"wp:term":[{"taxonomy":"category","embeddable":true,"href":"http:\/\/siracotrans.ro\/en_US\/wp-json\/wp\/v2\/categories?post=1174"},{"taxonomy":"post_tag","embeddable":true,"href":"http:\/\/siracotrans.ro\/en_US\/wp-json\/wp\/v2\/tags?post=1174"}],"curies":[{"name":"wp","href":"https:\/\/api.w.org\/{rel}","templated":true}]}}