{"id":1182,"date":"2015-04-09T10:33:47","date_gmt":"2015-04-09T07:33:47","guid":{"rendered":"http:\/\/siracotrans.ro\/siraco_new\/?page_id=1182"},"modified":"2017-06-26T16:20:42","modified_gmt":"2017-06-26T13:20:42","slug":"servicii","status":"publish","type":"page","link":"http:\/\/siracotrans.ro\/en_US\/servicii\/","title":{"rendered":"Servicii"},"content":{"rendered":"<p>[et_pb_section admin_label=&#8221;section&#8221; fullwidth=&#8221;off&#8221; specialty=&#8221;off&#8221; background_color=&#8221;#ffffff&#8221; inner_shadow=&#8221;off&#8221; parallax=&#8221;off&#8221; transparent_background=&#8221;off&#8221; parallax_method=&#8221;off&#8221; module_class=&#8221;servicii&#8221;][et_pb_row admin_label=&#8221;row&#8221;][et_pb_column type=&#8221;4_4&#8243;][et_pb_cta admin_label=&#8221;Call To Action&#8221; title=&#8221;Efectu\u0103m transporturi tur-retur din Rom\u00e2nia spre orice destina\u0163ie din spa\u0163iul Uniunii Europene \u015fi din spa\u0163iul extra comunitar.&#8221; use_background_color=&#8221;on&#8221; background_color=&#8221;#e56300&#8243; background_layout=&#8221;dark&#8221; text_orientation=&#8221;center&#8221;]<\/p>\n<p>[\/et_pb_cta][et_pb_text admin_label=&#8221;Text&#8221; background_layout=&#8221;light&#8221; text_orientation=&#8221;left&#8221;]<\/p>\n<h4>V\u0103 punem la dispozi\u0163ie urm\u0103toarele servicii de transport marf\u0103:<\/h4>\n<p>[\/et_pb_text][\/et_pb_column][\/et_pb_row][et_pb_row admin_label=&#8221;row&#8221;][et_pb_column type=&#8221;1_4&#8243;][et_pb_blurb admin_label=&#8221;Blurb&#8221; title=&#8221;Transport Complet&#8221; url_new_window=&#8221;off&#8221; animation=&#8221;off&#8221; background_layout=&#8221;light&#8221; text_orientation=&#8221;left&#8221; use_icon=&#8221;on&#8221; font_icon=&#8221;Z&#8221; icon_color=&#8221;#000000&#8243; use_circle=&#8221;on&#8221; circle_color=&#8221;#e0e0e0&#8243; use_circle_border=&#8221;on&#8221; circle_border_color=&#8221;#ff4c0e&#8221; icon_placement=&#8221;top&#8221; url=&#8221;http:\/\/siracotrans.ro\/cotatii&#8221; use_icon_font_size=&#8221;off&#8221; use_border_color=&#8221;off&#8221; border_color=&#8221;#ffffff&#8221; border_style=&#8221;solid&#8221;]<\/p>\n<p>Transportul complet, exclusiv reprezint\u0103 solu\u0163ia de transport cea mai rapid\u0103 \u015fi eficient\u0103, chiar dac\u0103 nu s-a utilizat \u00eentreaga capacitate de \u00eenc\u0103rcare a camionului.<\/p>\n<p>[\/et_pb_blurb][\/et_pb_column][et_pb_column type=&#8221;1_4&#8243;][et_pb_blurb admin_label=&#8221;Blurb&#8221; title=&#8221;Transport par\u0163ial&#8221; url_new_window=&#8221;off&#8221; animation=&#8221;off&#8221; background_layout=&#8221;light&#8221; text_orientation=&#8221;left&#8221; use_icon=&#8221;on&#8221; font_icon=&#8221;Z&#8221; icon_color=&#8221;#000000&#8243; use_circle=&#8221;on&#8221; circle_color=&#8221;#e0e0e0&#8243; use_circle_border=&#8221;on&#8221; circle_border_color=&#8221;#ff4c0e&#8221; icon_placement=&#8221;top&#8221; url=&#8221;http:\/\/siracotrans.ro\/cotatii&#8221; use_icon_font_size=&#8221;off&#8221; use_border_color=&#8221;off&#8221; border_color=&#8221;#ffffff&#8221; border_style=&#8221;solid&#8221;]<\/p>\n<p>Transportul par\u0163ial este destinat clien\u0163ilor care dispun de partide de marf\u0103 ce nu necesit\u0103 camion complet, m\u0103rfuri care nu impun livrare urgent\u0103, pe care le grupam cu alte marfuri pe un singur camion, pentru optimizarea costurilor. Tariful se stabile\u015fte \u00een func\u0163ie de greutate \u015fi m\/podea.<\/p>\n<p>[\/et_pb_blurb][\/et_pb_column][et_pb_column type=&#8221;1_4&#8243;][et_pb_blurb admin_label=&#8221;Blurb&#8221; title=&#8221;Transport \u00een regim special services&#8221; url_new_window=&#8221;off&#8221; animation=&#8221;off&#8221; background_layout=&#8221;light&#8221; text_orientation=&#8221;left&#8221; use_icon=&#8221;on&#8221; font_icon=&#8221;Z&#8221; icon_color=&#8221;#000000&#8243; use_circle=&#8221;on&#8221; circle_color=&#8221;#e0e0e0&#8243; use_circle_border=&#8221;on&#8221; circle_border_color=&#8221;#ff4c0e&#8221; icon_placement=&#8221;top&#8221; url=&#8221;http:\/\/siracotrans.ro\/cotatii&#8221; use_icon_font_size=&#8221;off&#8221; use_border_color=&#8221;off&#8221; border_color=&#8221;#ffffff&#8221; border_style=&#8221;solid&#8221;]<\/p>\n<p>Pentru trasportul \u00een regim special services punem la dispozi\u0163ia clientului orice tip de autovehicul pentru transporturile urgente. Pentru acest serviciu putem asigura doi \u015foferi pe camion, ceea ce implic\u0103 reducerea pauzelor \u015fi implicit timp de tranzit mai scurt.<\/p>\n<p>[\/et_pb_blurb][\/et_pb_column][et_pb_column type=&#8221;1_4&#8243;][et_pb_blurb admin_label=&#8221;Blurb&#8221; title=&#8221;Transport \u00een regim de grupaj&#8221; url_new_window=&#8221;off&#8221; animation=&#8221;off&#8221; background_layout=&#8221;light&#8221; text_orientation=&#8221;left&#8221; use_icon=&#8221;on&#8221; font_icon=&#8221;Z&#8221; icon_color=&#8221;#000000&#8243; use_circle=&#8221;on&#8221; circle_color=&#8221;#e0e0e0&#8243; use_circle_border=&#8221;on&#8221; circle_border_color=&#8221;#ff4c0e&#8221; icon_placement=&#8221;top&#8221; url=&#8221;http:\/\/siracotrans.ro\/cotatii&#8221; use_icon_font_size=&#8221;off&#8221; use_border_color=&#8221;off&#8221; border_color=&#8221;#ffffff&#8221; border_style=&#8221;solid&#8221;]<\/p>\n<p>Transportul \u00een regim de grupaj se tarifeaz\u0103 pornind de la 100 de kg.<\/p>\n<p>[\/et_pb_blurb][\/et_pb_column][\/et_pb_row][\/et_pb_section][et_pb_section admin_label=&#8221;section&#8221; fullwidth=&#8221;on&#8221; specialty=&#8221;off&#8221;][et_pb_fullwidth_header admin_label=&#8221;Fullwidth Header&#8221; title=&#8221;SUN\u0102 ACUM LA +40 723 355 712 PENTRU O COTA\u021aIE DIRECT\u0102&#8221; background_layout=&#8221;dark&#8221; text_orientation=&#8221;center&#8221; module_class=&#8221;action-wrapper&#8221;]<\/p>\n<p>[\/et_pb_fullwidth_header][\/et_pb_section][et_pb_section admin_label=&#8221;section&#8221; fullwidth=&#8221;off&#8221; specialty=&#8221;off&#8221; transparent_background=&#8221;off&#8221; background_color=&#8221;#ffffff&#8221; inner_shadow=&#8221;off&#8221; parallax=&#8221;off&#8221; parallax_method=&#8221;off&#8221; module_class=&#8221;servicii-bottom&#8221;][et_pb_row admin_label=&#8221;row&#8221;][et_pb_column type=&#8221;1_4&#8243;][et_pb_blurb admin_label=&#8221;Blurb&#8221; title=&#8221;Transport \u00een regim economy express&#8221; url_new_window=&#8221;off&#8221; animation=&#8221;off&#8221; background_layout=&#8221;light&#8221; text_orientation=&#8221;left&#8221; use_icon=&#8221;on&#8221; font_icon=&#8221;Z&#8221; icon_color=&#8221;#000000&#8243; use_circle=&#8221;on&#8221; circle_color=&#8221;#e0e0e0&#8243; use_circle_border=&#8221;on&#8221; circle_border_color=&#8221;#ff4c0e&#8221; icon_placement=&#8221;top&#8221; url=&#8221;http:\/\/siracotrans.ro\/cotatii&#8221; use_icon_font_size=&#8221;off&#8221; use_border_color=&#8221;off&#8221; border_color=&#8221;#ffffff&#8221; border_style=&#8221;solid&#8221;]<\/p>\n<p>Pentru trasportul \u00een regim economy express tariful se stabile\u015fte la euro\/kg.<\/p>\n<p>[\/et_pb_blurb][\/et_pb_column][et_pb_column type=&#8221;1_4&#8243;][et_pb_blurb admin_label=&#8221;Blurb&#8221; title=&#8221;Servicii Relocari&#8221; url_new_window=&#8221;off&#8221; animation=&#8221;off&#8221; background_layout=&#8221;light&#8221; text_orientation=&#8221;left&#8221; use_icon=&#8221;on&#8221; font_icon=&#8221;Z&#8221; icon_color=&#8221;#000000&#8243; use_circle=&#8221;on&#8221; circle_color=&#8221;#e0e0e0&#8243; use_circle_border=&#8221;on&#8221; circle_border_color=&#8221;#ff4c0e&#8221; icon_placement=&#8221;top&#8221; url=&#8221;http:\/\/siracotrans.ro\/cotatii&#8221; use_icon_font_size=&#8221;off&#8221; use_border_color=&#8221;off&#8221; border_color=&#8221;#ffffff&#8221; border_style=&#8221;solid&#8221;]<\/p>\n<p>Pentru mai multe detalii v\u0103 rug\u0103m s\u0103 suna\u021bi la mobil: 0723355712 sau prin <a href=\"http:\/\/www.siracotrans.ro\/cotatii-relocari\/\">formularul de cotatii relocari<\/a>.<\/p>\n<p>[\/et_pb_blurb][\/et_pb_column][et_pb_column type=&#8221;1_4&#8243;][et_pb_blurb admin_label=&#8221;Blurb&#8221; title=&#8221;Servicii de deconsolidare \u015fi livrare a m\u0103rfurilor aduse \u00een regim de grupaj&#8221; url_new_window=&#8221;off&#8221; animation=&#8221;off&#8221; background_layout=&#8221;light&#8221; text_orientation=&#8221;left&#8221; use_icon=&#8221;on&#8221; font_icon=&#8221;Z&#8221; icon_color=&#8221;#000000&#8243; use_circle=&#8221;on&#8221; circle_color=&#8221;#e0e0e0&#8243; use_circle_border=&#8221;on&#8221; circle_border_color=&#8221;#ff4c0e&#8221; icon_placement=&#8221;top&#8221; url=&#8221;http:\/\/siracotrans.ro\/cotatii&#8221; use_icon_font_size=&#8221;off&#8221; use_border_color=&#8221;off&#8221; border_color=&#8221;#ffffff&#8221; border_style=&#8221;solid&#8221;]<\/p>\n<p>[\/et_pb_blurb][\/et_pb_column][et_pb_column type=&#8221;1_4&#8243;][et_pb_blurb admin_label=&#8221;Blurb&#8221; title=&#8221;Inchirieri Semiremorci&#8221; url_new_window=&#8221;off&#8221; animation=&#8221;off&#8221; background_layout=&#8221;light&#8221; text_orientation=&#8221;left&#8221; use_icon=&#8221;on&#8221; font_icon=&#8221;Z&#8221; icon_color=&#8221;#000000&#8243; use_circle=&#8221;on&#8221; circle_color=&#8221;#e0e0e0&#8243; use_circle_border=&#8221;on&#8221; circle_border_color=&#8221;#ff4c0e&#8221; icon_placement=&#8221;top&#8221; url=&#8221;http:\/\/siracotrans.ro\/contact&#8221; use_icon_font_size=&#8221;off&#8221; use_border_color=&#8221;off&#8221; border_color=&#8221;#ffffff&#8221; border_style=&#8221;solid&#8221;]<\/p>\n<p>Pentru mai multe detalii v\u0103 rug\u0103m s\u0103 suna\u021bi la mobil: 0723355712 sau prin <a href=\"http:\/\/www.siracotrans.ro\/contact\/\">formularul de contact.<\/a><\/p>\n<p>[\/et_pb_blurb][\/et_pb_column][\/et_pb_row][et_pb_row admin_label=&#8221;row&#8221;][et_pb_column type=&#8221;1_4&#8243;][et_pb_text admin_label=&#8221;Text&#8221; background_layout=&#8221;light&#8221; text_orientation=&#8221;left&#8221; module_class=&#8221;servicii&#8221;]<\/p>\n<h3>TRANSPORT INTERNATIONAL<\/h3>\n<p>[\/et_pb_text][et_pb_image admin_label=&#8221;Image&#8221; src=&#8221;http:\/\/siracotrans.ro\/wp-content\/uploads\/2015\/03\/harta-europa_siraco.jpg&#8221; alt=&#8221;TRANSPORT INTERNTIONAL&#8221; title_text=&#8221;TRANSPORT INTERNTIONAL&#8221; show_in_lightbox=&#8221;off&#8221; url=&#8221;http:\/\/siracotrans.ro\/transport-international&#8221; url_new_window=&#8221;off&#8221; animation=&#8221;off&#8221; sticky=&#8221;off&#8221; use_overlay=&#8221;off&#8221; align=&#8221;left&#8221; force_fullwidth=&#8221;off&#8221; always_center_on_mobile=&#8221;on&#8221; use_border_color=&#8221;off&#8221; border_color=&#8221;#ffffff&#8221; border_style=&#8221;solid&#8221;]<\/p>\n<p>[\/et_pb_image][et_pb_text admin_label=&#8221;Text&#8221; background_layout=&#8221;light&#8221; text_orientation=&#8221;left&#8221;]<\/p>\n<p>V\u0103 asiguram transportul, din \u015fi spre orice destina\u0163ie, pun\u00e2ndu-v\u0103 la dispozi\u0163ie camioane normale cu prelat\u0103 din parcul nostru\u2026..<br \/>\n<br style=\"clear: both;\" \/><br \/>\n<a href='http:\/\/siracotrans.ro\/transport-international' class='small-button smallsilver'>Vezi Detalii<\/a><\/p>\n<p>[\/et_pb_text][\/et_pb_column][et_pb_column type=&#8221;1_4&#8243;][et_pb_text admin_label=&#8221;Text&#8221; background_layout=&#8221;light&#8221; text_orientation=&#8221;left&#8221; module_class=&#8221;servicii&#8221;]<\/p>\n<h3>TRANSPORT INTERN<\/h3>\n<p>[\/et_pb_text][et_pb_image admin_label=&#8221;Image&#8221; src=&#8221;http:\/\/siracotrans.ro\/wp-content\/uploads\/2015\/03\/harta-romania_siraco.jpg&#8221; alt=&#8221;TRANSPORT INTERNTIONAL&#8221; title_text=&#8221;TRANSPORT INTERNTIONAL&#8221; show_in_lightbox=&#8221;off&#8221; url=&#8221;http:\/\/siracotrans.ro\/transport-intern&#8221; url_new_window=&#8221;off&#8221; animation=&#8221;off&#8221; sticky=&#8221;off&#8221; use_overlay=&#8221;off&#8221; align=&#8221;left&#8221; force_fullwidth=&#8221;off&#8221; always_center_on_mobile=&#8221;on&#8221; use_border_color=&#8221;off&#8221; border_color=&#8221;#ffffff&#8221; border_style=&#8221;solid&#8221;]<\/p>\n<p>[\/et_pb_image][et_pb_text admin_label=&#8221;Text&#8221; background_layout=&#8221;light&#8221; text_orientation=&#8221;left&#8221;]<\/p>\n<p>Organiz\u0103m transport de marf\u0103 intern, at\u00e2t \u00een regim de grupaj, c\u00e2t \u0219i \u00een regim de camion complet spre \/ dinspre toate localita\u021bile\u2026<br \/>\n<br style=\"clear: both;\" \/><br \/>\n<a href='http:\/\/siracotrans.ro\/transport-intern' class='small-button smallsilver'>Vezi Detalii<\/a><\/p>\n<p>[\/et_pb_text][\/et_pb_column][et_pb_column type=&#8221;1_4&#8243;][et_pb_text admin_label=&#8221;Text&#8221; background_layout=&#8221;light&#8221; text_orientation=&#8221;left&#8221; module_class=&#8221;servicii&#8221;]<\/p>\n<h3>LOGISTICA<\/h3>\n<p>[\/et_pb_text][et_pb_image admin_label=&#8221;Image&#8221; src=&#8221;http:\/\/siracotrans.ro\/wp-content\/uploads\/2015\/03\/logistica.jpg&#8221; alt=&#8221;TRANSPORT INTERNTIONAL&#8221; title_text=&#8221;TRANSPORT INTERNTIONAL&#8221; show_in_lightbox=&#8221;off&#8221; url=&#8221;http:\/\/siracotrans.ro\/logistica&#8221; url_new_window=&#8221;off&#8221; animation=&#8221;off&#8221; sticky=&#8221;off&#8221; use_overlay=&#8221;off&#8221; align=&#8221;left&#8221; force_fullwidth=&#8221;off&#8221; always_center_on_mobile=&#8221;on&#8221; use_border_color=&#8221;off&#8221; border_color=&#8221;#ffffff&#8221; border_style=&#8221;solid&#8221;]<\/p>\n<p>[\/et_pb_image][et_pb_text admin_label=&#8221;Text&#8221; background_layout=&#8221;light&#8221; text_orientation=&#8221;left&#8221; use_border_color=&#8221;off&#8221; border_color=&#8221;#ffffff&#8221; border_style=&#8221;solid&#8221;]<\/p>\n<p>Serviciile de Logistic\u0103 SIRACO EXIM 94 SRL includ: \u00cenc\u0103rcare \/ Desc\u0103rcare, Depozitare, Repaletare, Transport\u2026.<br \/>\n<br style=\"clear: both;\"><br \/>\n<a href='http:\/\/siracotrans.ro\/logistica' class='small-button smallsilver'>Vezi Detalii<\/a><\/p>\n<p>[\/et_pb_text][\/et_pb_column][et_pb_column type=&#8221;1_4&#8243;][et_pb_text admin_label=&#8221;Text&#8221; background_layout=&#8221;light&#8221; text_orientation=&#8221;left&#8221; module_class=&#8221;servicii&#8221; use_border_color=&#8221;off&#8221; border_color=&#8221;#ffffff&#8221; border_style=&#8221;solid&#8221;]<\/p>\n<h3>SERVICII RELOCARI<\/h3>\n<p>[\/et_pb_text][et_pb_image admin_label=&#8221;Image&#8221; src=&#8221;http:\/\/siracotrans.ro\/wp-content\/uploads\/2015\/04\/relocari.jpg&#8221; alt=&#8221;Servicii Relocare&#8221; title_text=&#8221;TRANSPORT INTERNTIONAL&#8221; show_in_lightbox=&#8221;off&#8221; url=&#8221;http:\/\/siracotrans.ro\/ro_RO\/relocari\/&#8221; url_new_window=&#8221;off&#8221; animation=&#8221;off&#8221; sticky=&#8221;off&#8221; use_overlay=&#8221;off&#8221; align=&#8221;left&#8221; force_fullwidth=&#8221;off&#8221; always_center_on_mobile=&#8221;on&#8221; use_border_color=&#8221;off&#8221; border_color=&#8221;#ffffff&#8221; border_style=&#8221;solid&#8221;]<\/p>\n<p>[\/et_pb_image][et_pb_text admin_label=&#8221;Text&#8221; background_layout=&#8221;light&#8221; text_orientation=&#8221;left&#8221; use_border_color=&#8221;off&#8221; border_color=&#8221;#ffffff&#8221; border_style=&#8221;solid&#8221;]<\/p>\n<p style=\"text-align: justify;\">Servicii complete de mutari pentru locuinte, sedii de companii, relocari internationale, atat pentru persoane fizice cat si juridice<\/p>\n<p><br style=\"clear: both;\"><br \/>\n<a href='http:\/\/siracotrans.ro\/ro_RO\/relocari\/' class='small-button smallsilver'>Vezi Detalii<\/a><\/p>\n<p>[\/et_pb_text][\/et_pb_column][\/et_pb_row][\/et_pb_section]<\/p>\n","protected":false},"excerpt":{"rendered":"<p>[et_pb_section admin_label=&#8221;section&#8221; fullwidth=&#8221;off&#8221; specialty=&#8221;off&#8221; background_color=&#8221;#ffffff&#8221; inner_shadow=&#8221;off&#8221; parallax=&#8221;off&#8221; transparent_background=&#8221;off&#8221; parallax_method=&#8221;off&#8221; module_class=&#8221;servicii&#8221;][et_pb_row admin_label=&#8221;row&#8221;][et_pb_column type=&#8221;4_4&#8243;][et_pb_cta admin_label=&#8221;Call To Action&#8221; title=&#8221;Efectu\u0103m transporturi tur-retur din Rom\u00e2nia spre orice destina\u0163ie din spa\u0163iul Uniunii Europene \u015fi din spa\u0163iul extra comunitar.&#8221; use_background_color=&#8221;on&#8221; background_color=&#8221;#e56300&#8243; background_layout=&#8221;dark&#8221; text_orientation=&#8221;center&#8221;] [\/et_pb_cta][et_pb_text admin_label=&#8221;Text&#8221; background_layout=&#8221;light&#8221; text_orientation=&#8221;left&#8221;] V\u0103 punem la dispozi\u0163ie urm\u0103toarele servicii de transport marf\u0103: [\/et_pb_text][\/et_pb_column][\/et_pb_row][et_pb_row admin_label=&#8221;row&#8221;][et_pb_column type=&#8221;1_4&#8243;][et_pb_blurb admin_label=&#8221;Blurb&#8221; title=&#8221;Transport Complet&#8221; [&hellip;]<\/p>\n","protected":false},"author":1,"featured_media":0,"parent":0,"menu_order":0,"comment_status":"open","ping_status":"open","template":"","meta":[],"categories":[],"tags":[],"_links":{"self":[{"href":"http:\/\/siracotrans.ro\/en_US\/wp-json\/wp\/v2\/pages\/1182"}],"collection":[{"href":"http:\/\/siracotrans.ro\/en_US\/wp-json\/wp\/v2\/pages"}],"about":[{"href":"http:\/\/siracotrans.ro\/en_US\/wp-json\/wp\/v2\/types\/page"}],"author":[{"embeddable":true,"href":"http:\/\/siracotrans.ro\/en_US\/wp-json\/wp\/v2\/users\/1"}],"replies":[{"embeddable":true,"href":"http:\/\/siracotrans.ro\/en_US\/wp-json\/wp\/v2\/comments?post=1182"}],"version-history":[{"count":15,"href":"http:\/\/siracotrans.ro\/en_US\/wp-json\/wp\/v2\/pages\/1182\/revisions"}],"predecessor-version":[{"id":2094,"href":"http:\/\/siracotrans.ro\/en_US\/wp-json\/wp\/v2\/pages\/1182\/revisions\/2094"}],"wp:attachment":[{"href":"http:\/\/siracotrans.ro\/en_US\/wp-json\/wp\/v2\/media?parent=1182"}],"wp:term":[{"taxonomy":"category","embeddable":true,"href":"http:\/\/siracotrans.ro\/en_US\/wp-json\/wp\/v2\/categories?post=1182"},{"taxonomy":"post_tag","embeddable":true,"href":"http:\/\/siracotrans.ro\/en_US\/wp-json\/wp\/v2\/tags?post=1182"}],"curies":[{"name":"wp","href":"https:\/\/api.w.org\/{rel}","templated":true}]}}