{"id":1202,"date":"2015-04-09T10:52:41","date_gmt":"2015-04-09T07:52:41","guid":{"rendered":"http:\/\/siracotrans.ro\/siraco_new\/?page_id=1202"},"modified":"2016-02-22T12:17:48","modified_gmt":"2016-02-22T10:17:48","slug":"despre-siraco","status":"publish","type":"page","link":"http:\/\/siracotrans.ro\/en_US\/despre-siraco\/","title":{"rendered":"Despre siraco"},"content":{"rendered":"<p>[et_pb_section][et_pb_row][et_pb_column type=&#8221;1_4&#8243;][et_pb_cta admin_label=&#8221;Call To Action&#8221; button_url=&#8221;http:\/\/siracotrans.ro\/cotatii&#8221; button_text=&#8221;Cere Cotatie !&#8221; use_background_color=&#8221;on&#8221; background_color=&#8221;#ff4c0e&#8221; background_layout=&#8221;dark&#8221; text_orientation=&#8221;center&#8221; \/][et_pb_tabs admin_label=&#8221;Tabs&#8221;][et_pb_tab title=&#8221;Meniu&#8221;]<\/p>\n<ul>\n<li style=\"list-style: square;\"><a href=\"http:\/\/siracotrans.ro\/\">Acasa<\/a><\/li>\n<li style=\"list-style: square;\"><a href=\"http:\/\/siracotrans.ro\/servicii\">Servicii<\/a><\/li>\n<li style=\"list-style: square;\"><a href=\"http:\/\/siracotrans.ro\/flota\">Flota<\/a><\/li>\n<li style=\"list-style: square;\"><a href=\"http:\/\/siracotrans.ro\/cotatii\">Cotatii<\/a><\/li>\n<li style=\"list-style: square;\"><a href=\"http:\/\/siracotrans.ro\/cariere\">Cariere<\/a><\/li>\n<li style=\"list-style: square;\"><a href=\"http:\/\/siracotrans.ro\/contact\">Contact<\/a><\/li>\n<\/ul>\n<p>[\/et_pb_tab][et_pb_tab title=&#8221;SOCIAL MEDIA&#8221;]<\/p>\n<ul>\n<li style=\"list-style: square;\"><a href=\"https:\/\/ro-ro.facebook.com\/pages\/Siraco-Trans\/598242463526804\">Facebook<\/a><\/li>\n<li style=\"list-style: square;\"><a href=\"https:\/\/plus.google.com\/app\/basic\/105479435082682364531\/posts?cbp=1f038jwkn9mcu&amp;sview=25&amp;cid=5&amp;soc-app=115&amp;soc-platform=1\">Google Plus<\/a><\/li>\n<li style=\"list-style: square;\"><a href=\"https:\/\/www.youtube.com\/watch?v=SSqD32bdwXA\">Youtube<\/a><\/li>\n<\/ul>\n<p>[\/et_pb_tab][\/et_pb_tabs][et_pb_cta admin_label=&#8221;Call To Action&#8221; button_url=&#8221;http:\/\/siracotrans.ro\/8-motive-sa-alegi-siraco&#8221; button_text=&#8221;De ce Siraco !&#8221; use_background_color=&#8221;on&#8221; background_color=&#8221;#ff4c0e&#8221; background_layout=&#8221;dark&#8221; text_orientation=&#8221;center&#8221; \/][et_pb_text admin_label=&#8221;Text&#8221; background_layout=&#8221;light&#8221; text_orientation=&#8221;center&#8221;]<a href=\"http:\/\/siracotrans.ro\/inchirieri-semiremorci\"><br \/>\n<\/a><\/p>\n<h2>Nout\u0103\u021bi<\/h2>\n<p>&nbsp;<\/p>\n<p>[\/et_pb_text][et_pb_blog admin_label=&#8221;Blog&#8221; fullwidth=&#8221;off&#8221; posts_number=&#8221;5&#8243; include_categories=&#8221;3&#8243; meta_date=&#8221;M j, Y&#8221; show_thumbnail=&#8221;on&#8221; show_content=&#8221;off&#8221; show_more=&#8221;off&#8221; show_author=&#8221;off&#8221; show_date=&#8221;on&#8221; show_categories=&#8221;on&#8221; show_pagination=&#8221;off&#8221; background_layout=&#8221;light&#8221; offset_number=&#8221;0&#8243; \/][et_pb_cta admin_label=&#8221;Call To Action&#8221; button_url=&#8221;http:\/\/siracotrans.ro\/marturii&#8221; button_text=&#8221;Ce spun Clientii !&#8221; use_background_color=&#8221;on&#8221; background_color=&#8221;#ff4c0e&#8221; background_layout=&#8221;dark&#8221; text_orientation=&#8221;center&#8221; module_class=&#8221;ce-spun-clientii&#8221; \/][\/et_pb_column][et_pb_column type=&#8221;3_4&#8243;][et_pb_toggle admin_label=&#8221;Toggle&#8221; open=&#8221;on&#8221; title=&#8221; Despre noi, Siraco Exim 94&#8243;]<\/p>\n<p style=\"text-align: justify;\">&nbsp; &nbsp; &nbsp;Suntem o companie de transport marf\u0103 intern \u015fi interna\u021bional cu o activitate de mai bine de 20 de ani \u00een domeniu. SIguran\u021ba, RApiditatea si COmpetitivitatea sunt valorile de baz\u0103 ce ne-au condus printre firmele de top din Rom\u00e2nia \u0219i Europa.<\/p>\n<p style=\"text-align: justify;\">&nbsp; &nbsp; &nbsp;V\u0103 asigur\u0103m de calitatea serviciilor, men\u021bion\u00e2nd faptul c\u0103 recomandarea noastr\u0103 vine din partea unui portofoliu diversificat de clien\u021bi cu care colabor\u0103m \u00eenc\u0103 de la \u00eenfiin\u021bare. De\u021binem propriul parc auto ce cuprinde peste 40 de mijloace de transport, diverse tipuri, astfel \u00eenc\u00e2t s\u0103 corespund\u0103 tuturor nevoilor dumneavoastr\u0103. Gestionarea flotei auto c\u00e2t \u0219i a solu\u021biilor de transport cad \u00een sarcina unui departament dotat cu echipamente de ultim\u0103 genera\u021bie \u0219i format dintr-o echip\u0103 profesionist\u0103, cu vaste cuno\u0219tin\u021be \u00een domeniu, vorbitori de mai multe limbi str\u0103ine, preg\u0103tit\u0103 de a\u0219a manier\u0103 \u00eenc\u00e2t s\u0103 v\u0103 asigure flexibilitate, operativitate, costuri optime \u0219i siguran\u0163\u0103. Pentru a ne plia c\u00e2t mai eficient cererilor dumneavoastr\u0103, am creat o retea solid\u0103 de parteneri \u0219i subcontractori cu experien\u021b\u0103 \u00een domeniu, ce se \u00eentinde pe \u00eentreaga Europ\u0103 \u015fi nu numai.<\/p>\n<p style=\"text-align: justify;\">&nbsp; &nbsp; &nbsp;\u00cencrederea pe care noi ne-am p\u0103strat-o constant de-a lungul anilor, ne-a f\u0103cut s\u0103 ne adapt\u0103m \u00een permanent\u0103 la schimb\u0103rile pie\u021bei \u0219i s\u0103 privim spre viitor. Astfel am \u00eenfiin\u021bat o nou\u0103 firm\u0103 pe teritoriul Bulgariei, Siraco Trans LTD, ce v\u0103 ofer\u0103 acelea\u0219i servicii de transport iar ca &nbsp;plus ave\u021bi TVA 0.<\/p>\n<p style=\"text-align: justify;\">&nbsp; &nbsp; &nbsp;Fiecare zi pentru noi este o provocare deoarece ne dorim tot ce e mai bun pentru clien\u021bii no\u0219tri. Apela\u021bi cu \u00eencredere la serviciile oferite de c\u0103tre Siraco Exim 94.<\/p>\n<p style=\"text-align: center;\">Ne dorim s\u0103 devenim partenerii dumneavoastr\u0103 de \u00eencredere!<\/p>\n<p style=\"text-align: right;\">Cu stim\u0103,<br \/>\nEchipa Siraco Trans<\/p>\n<p>[\/et_pb_toggle][\/et_pb_column][\/et_pb_row][\/et_pb_section]<\/p>\n","protected":false},"excerpt":{"rendered":"<p>[et_pb_section][et_pb_row][et_pb_column type=&#8221;1_4&#8243;][et_pb_cta admin_label=&#8221;Call To Action&#8221; button_url=&#8221;http:\/\/siracotrans.ro\/cotatii&#8221; button_text=&#8221;Cere Cotatie !&#8221; use_background_color=&#8221;on&#8221; background_color=&#8221;#ff4c0e&#8221; background_layout=&#8221;dark&#8221; text_orientation=&#8221;center&#8221; \/][et_pb_tabs admin_label=&#8221;Tabs&#8221;][et_pb_tab title=&#8221;Meniu&#8221;] Acasa Servicii Flota Cotatii Cariere Contact [\/et_pb_tab][et_pb_tab title=&#8221;SOCIAL MEDIA&#8221;] Facebook Google Plus Youtube [\/et_pb_tab][\/et_pb_tabs][et_pb_cta admin_label=&#8221;Call To Action&#8221; button_url=&#8221;http:\/\/siracotrans.ro\/8-motive-sa-alegi-siraco&#8221; button_text=&#8221;De ce Siraco !&#8221; use_background_color=&#8221;on&#8221; background_color=&#8221;#ff4c0e&#8221; background_layout=&#8221;dark&#8221; text_orientation=&#8221;center&#8221; \/][et_pb_text admin_label=&#8221;Text&#8221; background_layout=&#8221;light&#8221; text_orientation=&#8221;center&#8221;] Nout\u0103\u021bi &nbsp; [\/et_pb_text][et_pb_blog admin_label=&#8221;Blog&#8221; fullwidth=&#8221;off&#8221; posts_number=&#8221;5&#8243; include_categories=&#8221;3&#8243; meta_date=&#8221;M j, [&hellip;]<\/p>\n","protected":false},"author":1,"featured_media":0,"parent":0,"menu_order":0,"comment_status":"open","ping_status":"open","template":"","meta":[],"categories":[],"tags":[],"_links":{"self":[{"href":"http:\/\/siracotrans.ro\/en_US\/wp-json\/wp\/v2\/pages\/1202"}],"collection":[{"href":"http:\/\/siracotrans.ro\/en_US\/wp-json\/wp\/v2\/pages"}],"about":[{"href":"http:\/\/siracotrans.ro\/en_US\/wp-json\/wp\/v2\/types\/page"}],"author":[{"embeddable":true,"href":"http:\/\/siracotrans.ro\/en_US\/wp-json\/wp\/v2\/users\/1"}],"replies":[{"embeddable":true,"href":"http:\/\/siracotrans.ro\/en_US\/wp-json\/wp\/v2\/comments?post=1202"}],"version-history":[{"count":18,"href":"http:\/\/siracotrans.ro\/en_US\/wp-json\/wp\/v2\/pages\/1202\/revisions"}],"predecessor-version":[{"id":1531,"href":"http:\/\/siracotrans.ro\/en_US\/wp-json\/wp\/v2\/pages\/1202\/revisions\/1531"}],"wp:attachment":[{"href":"http:\/\/siracotrans.ro\/en_US\/wp-json\/wp\/v2\/media?parent=1202"}],"wp:term":[{"taxonomy":"category","embeddable":true,"href":"http:\/\/siracotrans.ro\/en_US\/wp-json\/wp\/v2\/categories?post=1202"},{"taxonomy":"post_tag","embeddable":true,"href":"http:\/\/siracotrans.ro\/en_US\/wp-json\/wp\/v2\/tags?post=1202"}],"curies":[{"name":"wp","href":"https:\/\/api.w.org\/{rel}","templated":true}]}}