{"id":1210,"date":"2015-04-09T11:11:47","date_gmt":"2015-04-09T08:11:47","guid":{"rendered":"http:\/\/siracotrans.ro\/siraco_new\/?page_id=1210"},"modified":"2018-04-01T15:33:09","modified_gmt":"2018-04-01T12:33:09","slug":"transport-intern","status":"publish","type":"page","link":"http:\/\/siracotrans.ro\/en_US\/transport-intern\/","title":{"rendered":"Transport intern"},"content":{"rendered":"<p>[et_pb_section admin_label=&#8221;section&#8221; fullwidth=&#8221;off&#8221; specialty=&#8221;off&#8221;][et_pb_row admin_label=&#8221;row&#8221;][et_pb_column type=&#8221;1_4&#8243;][et_pb_cta admin_label=&#8221;Call To Action&#8221; button_url=&#8221;http:\/\/siracotrans.ro\/cotatii&#8221; button_text=&#8221;Cere Cotatie !&#8221; use_background_color=&#8221;on&#8221; background_color=&#8221;#ff4c0e&#8221; background_layout=&#8221;dark&#8221; text_orientation=&#8221;center&#8221;]<\/p>\n<p>&nbsp;<\/p>\n<p>[\/et_pb_cta][et_pb_sidebar admin_label=&#8221;Bara lateral\u0103&#8221; orientation=&#8221;left&#8221; area=&#8221;et_pb_widget_area_3&#8243; background_layout=&#8221;light&#8221; remove_border=&#8221;off&#8221;]<\/p>\n<p>&nbsp;<\/p>\n<p>[\/et_pb_sidebar][et_pb_cta admin_label=&#8221;Call To Action&#8221; button_url=&#8221;http:\/\/siracotrans.ro\/8-motive-sa-alegi-siraco&#8221; button_text=&#8221;De ce Siraco?&#8221; use_background_color=&#8221;on&#8221; background_color=&#8221;#ff4c0e&#8221; background_layout=&#8221;dark&#8221; text_orientation=&#8221;center&#8221;]<\/p>\n<p>&nbsp;<\/p>\n<p>[\/et_pb_cta][\/et_pb_column][et_pb_column type=&#8221;3_4&#8243;][et_pb_image admin_label=&#8221;Image&#8221; src=&#8221;http:\/\/siracotrans.ro\/wp-content\/uploads\/2018\/04\/camion_prelata_full_1.jpg&#8221; show_in_lightbox=&#8221;off&#8221; url_new_window=&#8221;off&#8221; use_overlay=&#8221;off&#8221; animation=&#8221;left&#8221; sticky=&#8221;off&#8221; align=&#8221;left&#8221; force_fullwidth=&#8221;off&#8221; always_center_on_mobile=&#8221;on&#8221; use_border_color=&#8221;off&#8221; border_color=&#8221;#ffffff&#8221; border_style=&#8221;solid&#8221;]<\/p>\n<p>&nbsp;<\/p>\n<p>[\/et_pb_image][et_pb_accordion admin_label=&#8221;Accordion&#8221; use_border_color=&#8221;off&#8221; border_color=&#8221;#ffffff&#8221; border_style=&#8221;solid&#8221;] [et_pb_accordion_item title=&#8221;Transport Intern&amp;International&#8221;]<\/p>\n<p>Efectu\u0103m transporturi interne de m\u0103rfuri \u00een regim de grupaj sau camion complet pe \u00eentreg teritoriul Rom\u00e2niei.<\/p>\n<p style=\"text-align: justify;\">Transport\u0103m diverse categorii de m\u0103rfuri de la produse industriale, utilaje, materiale de construc\u0163ii, confec\u0163ii, efecte personale \u015fi produse alimentare.<\/p>\n<p style=\"text-align: justify;\">Siraco Trans, efectueaz\u0103 transport interna\u0163ional de m\u0103rfuri \u00een regim de grupaj (LTL) sau camion complet \u00a0(FTL) pe \u00eentreg teritoriul Europei, inclusiv \u00een t\u0103rile extracomunitare.<\/p>\n<p>[\/et_pb_accordion_item][et_pb_accordion_item title=&#8221;Rute Interne&#8221;]<\/p>\n<p>&nbsp;<\/p>\n<p>&nbsp;<\/p>\n<p>&nbsp;<\/p>\n<p><a href=\"http:\/\/siracotrans.ro\/wp-content\/uploads\/2015\/03\/harta-intern.jpg\"><img loading=\"lazy\" class=\"alignleft size-full wp-image-773\" src=\"http:\/\/siracotrans.ro\/wp-content\/uploads\/2015\/03\/harta-intern.jpg\" alt=\"harta-intern\" width=\"500\" height=\"353\" \/><\/a><\/p>\n<p>&nbsp;<\/p>\n<p>&nbsp;<\/p>\n<p>&nbsp;<\/p>\n<p class=\"marfa-intern\"><a href=\"http:\/\/siracotrans.ro\/cotatii\">Transport Marfa Alba<\/a> | <a href=\"http:\/\/siracotrans.ro\/cotatii\">Transport Marf\u0103 Arad<\/a> | <a href=\"http:\/\/siracotrans.ro\/cotatii\">Transport Marf\u0103 Arge\u0219<\/a> | <a href=\"http:\/\/siracotrans.ro\/cotatii\">Transport Marf\u0103 Bac\u0103u<\/a> | <a href=\"http:\/\/siracotrans.ro\/cotatii\">Transport Marf\u0103 Bihor<\/a> | <a href=\"http:\/\/siracotrans.ro\/cotatii\">Transport Marf\u0103 Bistri\u021ba-N\u0103s\u0103ud<\/a> | <a href=\"http:\/\/siracotrans.ro\/cotatii\">Transport Marf\u0103 Boto\u0219ani<\/a> | <a href=\"http:\/\/siracotrans.ro\/cotatii\">Transport Marf\u0103 Br\u0103ila<\/a> | <a href=\"http:\/\/siracotrans.ro\/cotatii\">Transport Marf\u0103 Bra\u0219ov<\/a> | <a href=\"http:\/\/siracotrans.ro\/cotatii\">Transport Marf\u0103 Bucure\u0219ti<\/a> | <a href=\"http:\/\/siracotrans.ro\/cotatii\">Transport Marf\u0103 Buz\u0103u<\/a> | <a href=\"http:\/\/siracotrans.ro\/cotatii\">Transport Marf\u0103 C\u0103l\u0103ra\u0219i<\/a> | <a href=\"http:\/\/siracotrans.ro\/cotatii\">Transport Marf\u0103 Cara\u0219-Severin<\/a> | <a href=\"http:\/\/siracotrans.ro\/cotatii\">Transport Marf\u0103 Cluj<\/a> | <a href=\"http:\/\/siracotrans.ro\/cotatii\">Transport Marf\u0103 Constan\u021ba<\/a> | <a href=\"http:\/\/siracotrans.ro\/cotatii\">Transport Marf\u0103 Covasna<\/a> | <a href=\"http:\/\/siracotrans.ro\/cotatii\">Transport Marf\u0103 D\u00e2mbovi\u021ba<\/a> | <a href=\"http:\/\/siracotrans.ro\/cotatii\">Transport Marf\u0103 Dolj<\/a> | <a href=\"http:\/\/siracotrans.ro\/cotatii\">Transport Marf\u0103 Gala\u021bi<\/a> | <a href=\"http:\/\/siracotrans.ro\/cotatii\">Transport Marf\u0103 Giurgiu<\/a> | <a href=\"http:\/\/siracotrans.ro\/cotatii\">Transport Marf\u0103 Gorj<\/a> | <a href=\"http:\/\/siracotrans.ro\/cotatii\">Transport Marf\u0103 Harghita<\/a> | <a href=\"http:\/\/siracotrans.ro\/cotatii\">Transport Marf\u0103 Hunedoara<\/a> | <a href=\"http:\/\/siracotrans.ro\/cotatii\">Transport Marf\u0103 Ialomi\u021ba<\/a> | <a href=\"http:\/\/siracotrans.ro\/cotatii\">Transport Marf\u0103 Ia\u0219i<\/a> | <a href=\"http:\/\/siracotrans.ro\/cotatii\">Transport Marf\u0103 Ilfov<\/a> | <a href=\"http:\/\/siracotrans.ro\/cotatii\">Transport Marf\u0103 Maramure\u0219<\/a> | <a href=\"http:\/\/siracotrans.ro\/cotatii\">Transport Marf\u0103 Mehedin\u021bi<\/a> | <a href=\"http:\/\/siracotrans.ro\/cotatii\">Transport Marf\u0103 Mure\u0219<\/a> | <a href=\"http:\/\/siracotrans.ro\/cotatii\">Transport Marf\u0103 Neam\u021b<\/a> | <a href=\"http:\/\/siracotrans.ro\/cotatii\">Transport Marf\u0103 Olt<\/a> | <a href=\"http:\/\/siracotrans.ro\/cotatii\">Transport Marf\u0103 Prahova<\/a> | <a href=\"http:\/\/siracotrans.ro\/cotatii\">Transport Marf\u0103 S\u0103laj<\/a> | <a href=\"http:\/\/siracotrans.ro\/cotatii\">Transport Marf\u0103 Satu Mare<\/a> | <a href=\"http:\/\/siracotrans.ro\/cotatii\">Transport Marf\u0103 Sibiu<\/a> | <a href=\"http:\/\/siracotrans.ro\/cotatii\">Transport Marf\u0103 Suceava<\/a> | <a href=\"http:\/\/siracotrans.ro\/cotatii\">Transport Marf\u0103 Teleorman<\/a> | <a href=\"http:\/\/siracotrans.ro\/cotatii\">Transport Marf\u0103 Timi\u0219<\/a> | <a href=\"http:\/\/siracotrans.ro\/cotatii\">Transport Marf\u0103 Tulcea<\/a> | <a href=\"http:\/\/siracotrans.ro\/cotatii\">Transport Marf\u0103 V\u00e2lcea<\/a> | <a href=\"http:\/\/siracotrans.ro\/cotatii\">Transport Marf\u0103 Vaslui<\/a> | <a href=\"http:\/\/siracotrans.ro\/cotatii\">Transport Marf\u0103 Vrancea<\/a><\/p>\n<p>[\/et_pb_accordion_item][et_pb_accordion_item title=&#8221;Rute Externe&#8221;]<\/p>\n<p>C\u00e2teva dintre destina\u021biile interna\u021bionale \u00een care pute\u021bi face transporturi de marf\u0103, prin Siraco Exim 94 SRL.<\/p>\n<p><img loading=\"lazy\" class=\"alignnone\" src=\"http:\/\/siracotrans.ro\/wp-content\/uploads\/2015\/03\/harta-europei.jpg\" width=\"365\" height=\"395\" \/><\/p>\n<p>[\/et_pb_accordion_item]<\/p>\n<p>[\/et_pb_accordion][\/et_pb_column][\/et_pb_row][\/et_pb_section]<\/p>\n","protected":false},"excerpt":{"rendered":"<p>[et_pb_section admin_label=&#8221;section&#8221; fullwidth=&#8221;off&#8221; specialty=&#8221;off&#8221;][et_pb_row admin_label=&#8221;row&#8221;][et_pb_column type=&#8221;1_4&#8243;][et_pb_cta admin_label=&#8221;Call To Action&#8221; button_url=&#8221;http:\/\/siracotrans.ro\/cotatii&#8221; button_text=&#8221;Cere Cotatie !&#8221; use_background_color=&#8221;on&#8221; background_color=&#8221;#ff4c0e&#8221; background_layout=&#8221;dark&#8221; text_orientation=&#8221;center&#8221;] &nbsp; [\/et_pb_cta][et_pb_sidebar admin_label=&#8221;Bara lateral\u0103&#8221; orientation=&#8221;left&#8221; area=&#8221;et_pb_widget_area_3&#8243; background_layout=&#8221;light&#8221; remove_border=&#8221;off&#8221;] &nbsp; [\/et_pb_sidebar][et_pb_cta admin_label=&#8221;Call To Action&#8221; button_url=&#8221;http:\/\/siracotrans.ro\/8-motive-sa-alegi-siraco&#8221; button_text=&#8221;De ce Siraco?&#8221; use_background_color=&#8221;on&#8221; background_color=&#8221;#ff4c0e&#8221; background_layout=&#8221;dark&#8221; text_orientation=&#8221;center&#8221;] &nbsp; [\/et_pb_cta][\/et_pb_column][et_pb_column type=&#8221;3_4&#8243;][et_pb_image admin_label=&#8221;Image&#8221; src=&#8221;http:\/\/siracotrans.ro\/wp-content\/uploads\/2018\/04\/camion_prelata_full_1.jpg&#8221; show_in_lightbox=&#8221;off&#8221; url_new_window=&#8221;off&#8221; use_overlay=&#8221;off&#8221; animation=&#8221;left&#8221; sticky=&#8221;off&#8221; align=&#8221;left&#8221; force_fullwidth=&#8221;off&#8221; always_center_on_mobile=&#8221;on&#8221; use_border_color=&#8221;off&#8221; border_color=&#8221;#ffffff&#8221; border_style=&#8221;solid&#8221;] &nbsp; [&hellip;]<\/p>\n","protected":false},"author":1,"featured_media":0,"parent":0,"menu_order":0,"comment_status":"open","ping_status":"open","template":"","meta":[],"categories":[],"tags":[],"_links":{"self":[{"href":"http:\/\/siracotrans.ro\/en_US\/wp-json\/wp\/v2\/pages\/1210"}],"collection":[{"href":"http:\/\/siracotrans.ro\/en_US\/wp-json\/wp\/v2\/pages"}],"about":[{"href":"http:\/\/siracotrans.ro\/en_US\/wp-json\/wp\/v2\/types\/page"}],"author":[{"embeddable":true,"href":"http:\/\/siracotrans.ro\/en_US\/wp-json\/wp\/v2\/users\/1"}],"replies":[{"embeddable":true,"href":"http:\/\/siracotrans.ro\/en_US\/wp-json\/wp\/v2\/comments?post=1210"}],"version-history":[{"count":19,"href":"http:\/\/siracotrans.ro\/en_US\/wp-json\/wp\/v2\/pages\/1210\/revisions"}],"predecessor-version":[{"id":2171,"href":"http:\/\/siracotrans.ro\/en_US\/wp-json\/wp\/v2\/pages\/1210\/revisions\/2171"}],"wp:attachment":[{"href":"http:\/\/siracotrans.ro\/en_US\/wp-json\/wp\/v2\/media?parent=1210"}],"wp:term":[{"taxonomy":"category","embeddable":true,"href":"http:\/\/siracotrans.ro\/en_US\/wp-json\/wp\/v2\/categories?post=1210"},{"taxonomy":"post_tag","embeddable":true,"href":"http:\/\/siracotrans.ro\/en_US\/wp-json\/wp\/v2\/tags?post=1210"}],"curies":[{"name":"wp","href":"https:\/\/api.w.org\/{rel}","templated":true}]}}