{"id":1242,"date":"2015-04-09T12:56:32","date_gmt":"2015-04-09T09:56:32","guid":{"rendered":"http:\/\/siracotrans.ro\/siraco_new\/?page_id=1242"},"modified":"2016-03-20T17:52:19","modified_gmt":"2016-03-20T15:52:19","slug":"logistica","status":"publish","type":"page","link":"http:\/\/siracotrans.ro\/en_US\/logistica\/","title":{"rendered":"Logistica"},"content":{"rendered":"<p>[et_pb_section admin_label=&#8221;section&#8221; fullwidth=&#8221;off&#8221; specialty=&#8221;off&#8221;][et_pb_row admin_label=&#8221;row&#8221;][et_pb_column type=&#8221;1_4&#8243;][et_pb_cta admin_label=&#8221;Call To Action&#8221; button_url=&#8221;http:\/\/siracotrans.ro\/cotatii&#8221; button_text=&#8221;Cere Cotatie !&#8221; use_background_color=&#8221;on&#8221; background_color=&#8221;#ff4c0e&#8221; background_layout=&#8221;dark&#8221; text_orientation=&#8221;center&#8221;]<\/p>\n<p>[\/et_pb_cta][et_pb_sidebar admin_label=&#8221;Bara lateral\u0103&#8221; orientation=&#8221;left&#8221; area=&#8221;et_pb_widget_area_4&#8243; background_layout=&#8221;light&#8221; remove_border=&#8221;off&#8221; \/][et_pb_cta admin_label=&#8221;Call To Action&#8221; button_url=&#8221;http:\/\/siracotrans.ro\/8-motive-sa-alegi-siraco&#8221; button_text=&#8221;De ce Siraco?&#8221; use_background_color=&#8221;on&#8221; background_color=&#8221;#ff4c0e&#8221; background_layout=&#8221;dark&#8221; text_orientation=&#8221;center&#8221;]<\/p>\n<p>[\/et_pb_cta][\/et_pb_column][et_pb_column type=&#8221;3_4&#8243;][et_pb_accordion admin_label=&#8221;Accordion&#8221;]<\/p>\n<p>[et_pb_accordion_item title=&#8221;Servicii de Logistica&#8221;]<a href=\"http:\/\/siracotrans.ro\/wp-content\/uploads\/2015\/03\/servicii-logistica.jpg\"><img loading=\"lazy\" class=\"alignleft size-full wp-image-837\" src=\"http:\/\/siracotrans.ro\/wp-content\/uploads\/2015\/03\/servicii-logistica.jpg\" alt=\"servicii-logistica\" height=\"345\" width=\"500\"><\/a><\/p>\n<p>&nbsp;<\/p>\n<h4>Servicii de Logistica<\/h4>\n<ul class=\"siraco\">\n<li style=\"list-style-type: square;\">\u00cenc\u0103rcare \/ Desc\u0103rcare<\/li>\n<li style=\"list-style-type: square;\">Depozitare<\/li>\n<li style=\"list-style-type: square;\">Repaletare<\/li>\n<li style=\"list-style-type: square;\">Transport<\/li>\n<\/ul>\n<p>[\/et_pb_accordion_item][et_pb_accordion_item title=&#8221;Avantaje&#8221;]<\/p>\n<ul class=\"siraco\">\n<li style=\"list-style-type: square;\"><strong>Costuri minime<\/strong>\n<p>Av\u00e2nd un volum mare de marf\u0103 transportat\u0103, reu\u0219im s\u0103 rentabiliz\u0103m activitatea de transport rutier; astfel, v\u0103 oferim tarife de transport f\u0103r\u0103 concuren\u021b\u0103 pentru majoritatea rutelor europene, chiar \u0219i \u00een condi\u021bii de transport \u00een regim grupaj\/ par\u021bial.<\/li>\n<\/ul>\n<ul class=\"siraco\">\n<li style=\"list-style-type: square;\"><strong>Sigurant\u0103<\/strong><br \/>\nDispunem de service auto propriu cu tehnicieni specializa\u021bi, iar o echip\u0103 de mentenan\u021b\u0103 cu un atelier mobil st\u0103 la dispozi\u021bia \u0219oferilor 24\/24 h pentru a remedia orice defec\u021biune \u0219i pentru a evita orice posibil\u0103 \u00eent\u00e2rziere.<\/li>\n<\/ul>\n<ul class=\"siraco\">\n<li style=\"list-style-type: square;\"><strong>Asistent\u0103 rutier\u0103<\/strong><br \/>\nV\u0103 punem la dispozi\u021bie suport tehnic \u0219i informativ \u00een vederea derul\u0103rii \u00een condi\u021bii c\u00e2t mai optime a cursei efectuate (solu\u021bii de \u00eenc\u0103rcare, rute optime, documente necesare transportului \u0219i proceduri vamale).<\/li>\n<\/ul>\n<p>[\/et_pb_accordion_item]<\/p>\n<p>[\/et_pb_accordion][\/et_pb_column][\/et_pb_row][\/et_pb_section]<\/p>\n","protected":false},"excerpt":{"rendered":"<p>[et_pb_section admin_label=&#8221;section&#8221; fullwidth=&#8221;off&#8221; specialty=&#8221;off&#8221;][et_pb_row admin_label=&#8221;row&#8221;][et_pb_column type=&#8221;1_4&#8243;][et_pb_cta admin_label=&#8221;Call To Action&#8221; button_url=&#8221;http:\/\/siracotrans.ro\/cotatii&#8221; button_text=&#8221;Cere Cotatie !&#8221; use_background_color=&#8221;on&#8221; background_color=&#8221;#ff4c0e&#8221; background_layout=&#8221;dark&#8221; text_orientation=&#8221;center&#8221;] [\/et_pb_cta][et_pb_sidebar admin_label=&#8221;Bara lateral\u0103&#8221; orientation=&#8221;left&#8221; area=&#8221;et_pb_widget_area_4&#8243; background_layout=&#8221;light&#8221; remove_border=&#8221;off&#8221; \/][et_pb_cta admin_label=&#8221;Call To Action&#8221; button_url=&#8221;http:\/\/siracotrans.ro\/8-motive-sa-alegi-siraco&#8221; button_text=&#8221;De ce Siraco?&#8221; use_background_color=&#8221;on&#8221; background_color=&#8221;#ff4c0e&#8221; background_layout=&#8221;dark&#8221; text_orientation=&#8221;center&#8221;] [\/et_pb_cta][\/et_pb_column][et_pb_column type=&#8221;3_4&#8243;][et_pb_accordion admin_label=&#8221;Accordion&#8221;] [et_pb_accordion_item title=&#8221;Servicii de Logistica&#8221;] &nbsp; Servicii de Logistica \u00cenc\u0103rcare \/ Desc\u0103rcare Depozitare Repaletare Transport [\/et_pb_accordion_item][et_pb_accordion_item title=&#8221;Avantaje&#8221;] [&hellip;]<\/p>\n","protected":false},"author":1,"featured_media":0,"parent":0,"menu_order":0,"comment_status":"open","ping_status":"open","template":"","meta":[],"categories":[],"tags":[],"_links":{"self":[{"href":"http:\/\/siracotrans.ro\/en_US\/wp-json\/wp\/v2\/pages\/1242"}],"collection":[{"href":"http:\/\/siracotrans.ro\/en_US\/wp-json\/wp\/v2\/pages"}],"about":[{"href":"http:\/\/siracotrans.ro\/en_US\/wp-json\/wp\/v2\/types\/page"}],"author":[{"embeddable":true,"href":"http:\/\/siracotrans.ro\/en_US\/wp-json\/wp\/v2\/users\/1"}],"replies":[{"embeddable":true,"href":"http:\/\/siracotrans.ro\/en_US\/wp-json\/wp\/v2\/comments?post=1242"}],"version-history":[{"count":3,"href":"http:\/\/siracotrans.ro\/en_US\/wp-json\/wp\/v2\/pages\/1242\/revisions"}],"predecessor-version":[{"id":1647,"href":"http:\/\/siracotrans.ro\/en_US\/wp-json\/wp\/v2\/pages\/1242\/revisions\/1647"}],"wp:attachment":[{"href":"http:\/\/siracotrans.ro\/en_US\/wp-json\/wp\/v2\/media?parent=1242"}],"wp:term":[{"taxonomy":"category","embeddable":true,"href":"http:\/\/siracotrans.ro\/en_US\/wp-json\/wp\/v2\/categories?post=1242"},{"taxonomy":"post_tag","embeddable":true,"href":"http:\/\/siracotrans.ro\/en_US\/wp-json\/wp\/v2\/tags?post=1242"}],"curies":[{"name":"wp","href":"https:\/\/api.w.org\/{rel}","templated":true}]}}