{"id":1866,"date":"2017-02-03T16:50:52","date_gmt":"2017-02-03T14:50:52","guid":{"rendered":"http:\/\/siracotrans.ro\/flota-2\/"},"modified":"2017-02-08T12:13:13","modified_gmt":"2017-02-08T10:13:13","slug":"fleet-3","status":"publish","type":"page","link":"http:\/\/siracotrans.ro\/en_US\/fleet-3\/","title":{"rendered":"Fleet"},"content":{"rendered":"<p>[et_pb_section admin_label=&#8221;section&#8221; fullwidth=&#8221;off&#8221; specialty=&#8221;off&#8221;][et_pb_row admin_label=&#8221;row&#8221;][et_pb_column type=&#8221;1_4&#8243;][et_pb_cta admin_label=&#8221;Call To Action&#8221; button_url=&#8221;http:\/\/siracotrans.ro\/cotatii&#8221; button_text=&#8221;Ask a quotation!&#8221; use_background_color=&#8221;on&#8221; background_color=&#8221;#ff4c0e&#8221; background_layout=&#8221;dark&#8221; text_orientation=&#8221;center&#8221; url_new_window=&#8221;off&#8221; use_border_color=&#8221;off&#8221; border_color=&#8221;#ffffff&#8221; border_style=&#8221;solid&#8221; custom_button=&#8221;off&#8221; button_letter_spacing=&#8221;0&#8243; button_use_icon=&#8221;default&#8221; button_icon_placement=&#8221;right&#8221; button_on_hover=&#8221;on&#8221; button_letter_spacing_hover=&#8221;0&#8243;] [\/et_pb_cta][et_pb_tabs admin_label=&#8221;Tabs&#8221; use_border_color=&#8221;off&#8221; border_color=&#8221;#ffffff&#8221; border_style=&#8221;solid&#8221;] [et_pb_tab title=&#8221;Meniu&#8221; tab_font_select=&#8221;default&#8221; tab_font=&#8221;||||&#8221; tab_line_height=&#8221;2em&#8221; tab_line_height_tablet=&#8221;2em&#8221; tab_line_height_phone=&#8221;2em&#8221; body_font_select=&#8221;default&#8221; body_font=&#8221;||||&#8221; body_line_height=&#8221;2em&#8221; body_line_height_tablet=&#8221;2em&#8221; body_line_height_phone=&#8221;2em&#8221;]<\/p>\n<ul>\n<li style=\"list-style: square;\"><a href=\"http:\/\/siracotrans.ro\/ro_RO\/about-siraco-3\/\">Home<\/a><\/li>\n<li style=\"list-style: square;\"><a href=\"http:\/\/siracotrans.ro\/ro_RO\/fleet-3\/\">Fleet<\/a><\/li>\n<li style=\"list-style: square;\"><a href=\"http:\/\/siracotrans.ro\/ro_RO\/quotes-3\/\">Quotations<\/a><\/li>\n<li style=\"list-style: square;\"><a href=\"http:\/\/siracotrans.ro\/ro_RO\/contact-3\/\">Contact us<\/a><\/li>\n<\/ul>\n<p>[\/et_pb_tab][et_pb_tab title=&#8221;SOCIAL MEDIA&#8221; tab_font_select=&#8221;default&#8221; tab_font=&#8221;||||&#8221; tab_line_height=&#8221;2em&#8221; tab_line_height_tablet=&#8221;2em&#8221; tab_line_height_phone=&#8221;2em&#8221; body_font_select=&#8221;default&#8221; body_font=&#8221;||||&#8221; body_line_height=&#8221;2em&#8221; body_line_height_tablet=&#8221;2em&#8221; body_line_height_phone=&#8221;2em&#8221;]<\/p>\n<ul>\n<li style=\"list-style: square;\"><a>Facebook<\/a><\/li>\n<li style=\"list-style: square;\"><a>Google Plus<\/a><\/li>\n<li style=\"list-style: square;\"><a>Youtube<\/a><\/li>\n<\/ul>\n<p>[\/et_pb_tab] [\/et_pb_tabs][et_pb_cta admin_label=&#8221;Call To Action&#8221; button_url=&#8221;http:\/\/siracotrans.ro\/8-motive-sa-alegi-siraco&#8221; button_text=&#8221;Why Siraco?&#8221; use_background_color=&#8221;on&#8221; background_color=&#8221;#FF4C0E&#8221; background_layout=&#8221;dark&#8221; text_orientation=&#8221;center&#8221; url_new_window=&#8221;off&#8221; use_border_color=&#8221;off&#8221; border_color=&#8221;#ffffff&#8221; border_style=&#8221;solid&#8221; custom_button=&#8221;off&#8221; button_letter_spacing=&#8221;0&#8243; button_use_icon=&#8221;default&#8221; button_icon_placement=&#8221;right&#8221; button_on_hover=&#8221;on&#8221; button_letter_spacing_hover=&#8221;0&#8243;] [\/et_pb_cta][et_pb_text admin_label=&#8221;Text&#8221; background_layout=&#8221;light&#8221; text_orientation=&#8221;center&#8221; use_border_color=&#8221;off&#8221; border_color=&#8221;#ffffff&#8221; border_style=&#8221;solid&#8221;]<\/p>\n<p><a href=\"http:\/\/siracotrans.ro\/inchirieri-semiremorci\"><br \/>\n<\/a><\/p>\n<h2>News<\/h2>\n<p>&nbsp;<\/p>\n<p>[\/et_pb_text][et_pb_blog admin_label=&#8221;Blog&#8221; fullwidth=&#8221;off&#8221; posts_number=&#8221;1&#8243; include_categories=&#8221;3&#8243; show_thumbnail=&#8221;on&#8221; show_content=&#8221;off&#8221; show_more=&#8221;off&#8221; show_author=&#8221;off&#8221; show_date=&#8221;on&#8221; show_categories=&#8221;on&#8221; show_pagination=&#8221;off&#8221; background_layout=&#8221;light&#8221; show_comments=&#8221;on&#8221; offset_number=&#8221;0&#8243; use_overlay=&#8221;off&#8221; use_dropshadow=&#8221;off&#8221; use_border_color=&#8221;off&#8221; border_color=&#8221;#ffffff&#8221; border_style=&#8221;solid&#8221;] [\/et_pb_blog][\/et_pb_column][et_pb_column type=&#8221;3_4&#8243;][et_pb_tabs admin_label=&#8221;Tabs&#8221; module_class=&#8221;flota-wrapper&#8221; use_border_color=&#8221;off&#8221; border_color=&#8221;#ffffff&#8221; border_style=&#8221;solid&#8221;] [et_pb_tab tab_font_select=&#8221;default&#8221; tab_font=&#8221;||||&#8221; tab_line_height=&#8221;2em&#8221; tab_line_height_tablet=&#8221;2em&#8221; tab_line_height_phone=&#8221;2em&#8221; body_font_select=&#8221;default&#8221; body_font=&#8221;||||&#8221; body_line_height=&#8221;2em&#8221; body_line_height_tablet=&#8221;2em&#8221; body_line_height_phone=&#8221;2em&#8221;]<\/p>\n<p><a href=\"http:\/\/siracotrans.ro\/camioane-cu-prelata\/\"><img loading=\"lazy\" class=\"alignleft size-medium wp-image-1419\" src=\"http:\/\/siracotrans.ro\/wp-content\/uploads\/2015\/04\/camion_prelata_full-300x140.jpg\" alt=\"camion_prelata_full\" width=\"300\" height=\"138\" \/><\/a><\/p>\n<p>&nbsp;<\/p>\n<p>&nbsp;<\/p>\n<h3>Truck with Tarpaulin<\/h3>\n<p>Our fleet has many trucks with tarpaulin. They are used to fully charge&#8230; <a href='http:\/\/siracotrans.ro\/ro_RO\/trucks-with-tarpaulin\/' class='small-button smallsilver' target=\"_blank\">See details<\/a>[\/et_pb_tab] [\/et_pb_tabs][et_pb_tabs admin_label=&#8221;Tabs&#8221; module_class=&#8221;flota-wrapper&#8221; use_border_color=&#8221;off&#8221; border_color=&#8221;#ffffff&#8221; border_style=&#8221;solid&#8221;] [et_pb_tab tab_font_select=&#8221;default&#8221; tab_font=&#8221;||||&#8221; tab_line_height=&#8221;2em&#8221; tab_line_height_tablet=&#8221;2em&#8221; tab_line_height_phone=&#8221;2em&#8221; body_font_select=&#8221;default&#8221; body_font=&#8221;||||&#8221; body_line_height=&#8221;2em&#8221; body_line_height_tablet=&#8221;2em&#8221; body_line_height_phone=&#8221;2em&#8221;]<\/p>\n<p><a href=\"http:\/\/siracotrans.ro\/wp-content\/uploads\/2015\/04\/Iveco_Stralis_Hi-Way.jpg\"><img loading=\"lazy\" class=\"alignleft size-medium wp-image-1938\" src=\"http:\/\/siracotrans.ro\/wp-content\/uploads\/2015\/04\/Iveco_Stralis_Hi-Way-300x200.jpg\" alt=\"Iveco_Stralis_Hi-Way\" width=\"300\" height=\"200\" srcset=\"http:\/\/siracotrans.ro\/wp-content\/uploads\/2015\/04\/Iveco_Stralis_Hi-Way-300x200.jpg 300w, http:\/\/siracotrans.ro\/wp-content\/uploads\/2015\/04\/Iveco_Stralis_Hi-Way.jpg 610w\" sizes=\"(max-width: 300px) 100vw, 300px\" \/><\/a><\/p>\n<p>&nbsp;<\/p>\n<h3>Mega Truck with Tarp<\/h3>\n<p>We provide mega trucks type with tarpaulin, using semi trailers which can be loaded with a volume&#8230;<\/p>\n<p><a href='http:\/\/siracotrans.ro\/mega-truck-tarp-2\/' class='small-button smallsilver' target=\"_blank\">See details<\/a>[\/et_pb_tab] [\/et_pb_tabs][et_pb_tabs admin_label=&#8221;Tabs&#8221; module_class=&#8221;flota-wrapper&#8221; use_border_color=&#8221;off&#8221; border_color=&#8221;#ffffff&#8221; border_style=&#8221;solid&#8221;] [et_pb_tab tab_font_select=&#8221;default&#8221; tab_font=&#8221;||||&#8221; tab_line_height=&#8221;2em&#8221; tab_line_height_tablet=&#8221;2em&#8221; tab_line_height_phone=&#8221;2em&#8221; body_font_select=&#8221;default&#8221; body_font=&#8221;||||&#8221; body_line_height=&#8221;2em&#8221; body_line_height_tablet=&#8221;2em&#8221; body_line_height_phone=&#8221;2em&#8221;]<\/p>\n<p><a href=\"http:\/\/siracotrans.ro\/wp-content\/uploads\/2015\/04\/tandem-small1-300x164.jpg\"><img loading=\"lazy\" class=\"alignleft size-full wp-image-1233\" src=\"http:\/\/siracotrans.ro\/wp-content\/uploads\/2015\/04\/tandem-small1-300x164.jpg\" alt=\"tandem-small1-300x164\" width=\"300\" height=\"164\" \/><\/a><\/p>\n<p>&nbsp;<\/p>\n<h3>Tandem Truck with Tarp<\/h3>\n<p>Tandem trucks with tarpaulin, unlike the standard, they can load separately, both in the truck and in&#8230;<\/p>\n<p><a href='http:\/\/siracotrans.ro\/tandem-truck-tarp\/' class='small-button smallsilver' target=\"_blank\">See details<\/a>[\/et_pb_tab] [\/et_pb_tabs][et_pb_tabs admin_label=&#8221;Tabs&#8221; module_class=&#8221;flota-wrapper&#8221; use_border_color=&#8221;off&#8221; border_color=&#8221;#ffffff&#8221; border_style=&#8221;solid&#8221;] [et_pb_tab tab_font_select=&#8221;default&#8221; tab_font=&#8221;||||&#8221; tab_line_height=&#8221;2em&#8221; tab_line_height_tablet=&#8221;2em&#8221; tab_line_height_phone=&#8221;2em&#8221; body_font_select=&#8221;default&#8221; body_font=&#8221;||||&#8221; body_line_height=&#8221;2em&#8221; body_line_height_tablet=&#8221;2em&#8221; body_line_height_phone=&#8221;2em&#8221;]<\/p>\n<p><a href=\"http:\/\/siracotrans.ro\/wp-content\/uploads\/2015\/04\/tandem-mega-small-300x160.jpg\"><img loading=\"lazy\" class=\"alignleft size-full wp-image-1284\" src=\"http:\/\/siracotrans.ro\/wp-content\/uploads\/2015\/04\/tandem-mega-small-300x160.jpg\" alt=\"tandem-mega-small-300x160\" width=\"300\" height=\"160\" \/><\/a><\/p>\n<p>&nbsp;<\/p>\n<h3>Trucks mega tandem<\/h3>\n<p>Mega tandem trucks with tarpaulin, can be loaded with semi-trailer and trailer separately. They provide&#8230;<\/p>\n<a href='http:\/\/siracotrans.ro\/ro_RO\/mega-truck-tarp-2\/' class='small-button smallsilver' target=\"_blank\">See details<\/a>\n<p>[\/et_pb_tab] [\/et_pb_tabs][et_pb_tabs admin_label=&#8221;Tabs&#8221; module_class=&#8221;flota-wrapper&#8221; use_border_color=&#8221;off&#8221; border_color=&#8221;#ffffff&#8221; border_style=&#8221;solid&#8221;] [et_pb_tab tab_font_select=&#8221;default&#8221; tab_font=&#8221;||||&#8221; tab_line_height=&#8221;2em&#8221; tab_line_height_tablet=&#8221;2em&#8221; tab_line_height_phone=&#8221;2em&#8221; body_font_select=&#8221;default&#8221; body_font=&#8221;||||&#8221; body_line_height=&#8221;2em&#8221; body_line_height_tablet=&#8221;2em&#8221; body_line_height_phone=&#8221;2em&#8221;]<\/p>\n<p><a href=\"http:\/\/siracotrans.ro\/wp-content\/uploads\/2015\/04\/semiremorca-frigorifica-24-tone.jpg\"><img loading=\"lazy\" class=\"alignleft size-medium wp-image-1936\" src=\"http:\/\/siracotrans.ro\/wp-content\/uploads\/2015\/04\/semiremorca-frigorifica-24-tone-300x225.jpg\" alt=\"semiremorca frigorifica 24 tone\" width=\"300\" height=\"225\" srcset=\"http:\/\/siracotrans.ro\/wp-content\/uploads\/2015\/04\/semiremorca-frigorifica-24-tone-300x225.jpg 300w, http:\/\/siracotrans.ro\/wp-content\/uploads\/2015\/04\/semiremorca-frigorifica-24-tone.jpg 760w\" sizes=\"(max-width: 300px) 100vw, 300px\" \/><\/a><\/p>\n<p>&nbsp;<\/p>\n<h3>Refrigerated semitrailers<\/h3>\n<p>Refrigerated semitrailers provide transport\u00a0for goods showing a high perishability. There are two&#8230;<\/p>\n<p><a href='http:\/\/siracotrans.ro\/refrigerated-semitrailers\/' class='small-button smallsilver' target=\"_blank\">See details<\/a>[\/et_pb_tab] [\/et_pb_tabs][et_pb_tabs admin_label=&#8221;Tabs&#8221; module_class=&#8221;flota-wrapper&#8221; use_border_color=&#8221;off&#8221; border_color=&#8221;#ffffff&#8221; border_style=&#8221;solid&#8221;] [et_pb_tab tab_font_select=&#8221;default&#8221; tab_font=&#8221;||||&#8221; tab_line_height=&#8221;2em&#8221; tab_line_height_tablet=&#8221;2em&#8221; tab_line_height_phone=&#8221;2em&#8221; body_font_select=&#8221;default&#8221; body_font=&#8221;||||&#8221; body_line_height=&#8221;2em&#8221; body_line_height_tablet=&#8221;2em&#8221; body_line_height_phone=&#8221;2em&#8221;]<\/p>\n<p><a href=\"http:\/\/siracotrans.ro\/wp-content\/uploads\/2015\/04\/camioneta-cu-prelata-3.5-tone.jpg\"><img loading=\"lazy\" class=\"alignleft size-medium wp-image-1935\" src=\"http:\/\/siracotrans.ro\/wp-content\/uploads\/2015\/04\/camioneta-cu-prelata-3.5-tone-300x225.jpg\" alt=\"camioneta\" width=\"300\" height=\"225\" srcset=\"http:\/\/siracotrans.ro\/wp-content\/uploads\/2015\/04\/camioneta-cu-prelata-3.5-tone-300x225.jpg 300w, http:\/\/siracotrans.ro\/wp-content\/uploads\/2015\/04\/camioneta-cu-prelata-3.5-tone-768x576.jpg 768w, http:\/\/siracotrans.ro\/wp-content\/uploads\/2015\/04\/camioneta-cu-prelata-3.5-tone.jpg 960w\" sizes=\"(max-width: 300px) 100vw, 300px\" \/><\/a><\/p>\n<p>&nbsp;<\/p>\n<h3>Vans (vans, tarpaulins)<\/h3>\n<p>Our fleet has many vans, van or canvas type. Some of them are equipped with hydraulic lift &#8230;.<\/p>\n<p><a href='http:\/\/siracotrans.ro\/vans\/' class='small-button smallsilver' target=\"_blank\">See details<\/a>[\/et_pb_tab] [\/et_pb_tabs][et_pb_tabs admin_label=&#8221;Tabs&#8221; module_class=&#8221;flota-wrapper&#8221; use_border_color=&#8221;off&#8221; border_color=&#8221;#ffffff&#8221; border_style=&#8221;solid&#8221;] [et_pb_tab tab_font_select=&#8221;default&#8221; tab_font=&#8221;||||&#8221; tab_line_height=&#8221;2em&#8221; tab_line_height_tablet=&#8221;2em&#8221; tab_line_height_phone=&#8221;2em&#8221; body_font_select=&#8221;default&#8221; body_font=&#8221;||||&#8221; body_line_height=&#8221;2em&#8221; body_line_height_tablet=&#8221;2em&#8221; body_line_height_phone=&#8221;2em&#8221;]<\/p>\n<p><a href=\"http:\/\/siracotrans.ro\/wp-content\/uploads\/2015\/03\/masina-duba1-300x225.jpg\"><img loading=\"lazy\" class=\"alignleft size-full wp-image-627\" src=\"http:\/\/siracotrans.ro\/wp-content\/uploads\/2015\/03\/masina-duba1-300x225.jpg\" alt=\"masina-duba1-300x225\" width=\"300\" height=\"225\" \/><\/a><\/p>\n<p>&nbsp;<\/p>\n<h3>Van-uri (dube)<\/h3>\n<p>Acestea se folosesc \u00een special pentru transportul rapid, curierat, livr\u0103ri express \u015fi distribu\u0163ie&#8230;.<\/p>\n<p><a href='http:\/\/siracotrans.ro\/ro_RO\/sprinters\/' class='small-button smallsilver' target=\"_blank\">See details<\/a>[\/et_pb_tab] [\/et_pb_tabs][\/et_pb_column][\/et_pb_row][\/et_pb_section]<\/p>\n","protected":false},"excerpt":{"rendered":"<p>[et_pb_section admin_label=&#8221;section&#8221; fullwidth=&#8221;off&#8221; specialty=&#8221;off&#8221;][et_pb_row admin_label=&#8221;row&#8221;][et_pb_column type=&#8221;1_4&#8243;][et_pb_cta admin_label=&#8221;Call To Action&#8221; button_url=&#8221;http:\/\/siracotrans.ro\/cotatii&#8221; button_text=&#8221;Ask a quotation!&#8221; use_background_color=&#8221;on&#8221; background_color=&#8221;#ff4c0e&#8221; background_layout=&#8221;dark&#8221; text_orientation=&#8221;center&#8221; url_new_window=&#8221;off&#8221; use_border_color=&#8221;off&#8221; border_color=&#8221;#ffffff&#8221; border_style=&#8221;solid&#8221; custom_button=&#8221;off&#8221; button_letter_spacing=&#8221;0&#8243; button_use_icon=&#8221;default&#8221; button_icon_placement=&#8221;right&#8221; button_on_hover=&#8221;on&#8221; button_letter_spacing_hover=&#8221;0&#8243;] [\/et_pb_cta][et_pb_tabs admin_label=&#8221;Tabs&#8221; use_border_color=&#8221;off&#8221; border_color=&#8221;#ffffff&#8221; border_style=&#8221;solid&#8221;] [et_pb_tab title=&#8221;Meniu&#8221; tab_font_select=&#8221;default&#8221; tab_font=&#8221;||||&#8221; tab_line_height=&#8221;2em&#8221; tab_line_height_tablet=&#8221;2em&#8221; tab_line_height_phone=&#8221;2em&#8221; body_font_select=&#8221;default&#8221; body_font=&#8221;||||&#8221; body_line_height=&#8221;2em&#8221; body_line_height_tablet=&#8221;2em&#8221; body_line_height_phone=&#8221;2em&#8221;] Home Fleet Quotations Contact us [\/et_pb_tab][et_pb_tab title=&#8221;SOCIAL MEDIA&#8221; tab_font_select=&#8221;default&#8221; tab_font=&#8221;||||&#8221; tab_line_height=&#8221;2em&#8221; [&hellip;]<\/p>\n","protected":false},"author":1,"featured_media":0,"parent":0,"menu_order":0,"comment_status":"open","ping_status":"closed","template":"","meta":[],"categories":[],"tags":[],"_links":{"self":[{"href":"http:\/\/siracotrans.ro\/en_US\/wp-json\/wp\/v2\/pages\/1866"}],"collection":[{"href":"http:\/\/siracotrans.ro\/en_US\/wp-json\/wp\/v2\/pages"}],"about":[{"href":"http:\/\/siracotrans.ro\/en_US\/wp-json\/wp\/v2\/types\/page"}],"author":[{"embeddable":true,"href":"http:\/\/siracotrans.ro\/en_US\/wp-json\/wp\/v2\/users\/1"}],"replies":[{"embeddable":true,"href":"http:\/\/siracotrans.ro\/en_US\/wp-json\/wp\/v2\/comments?post=1866"}],"version-history":[{"count":15,"href":"http:\/\/siracotrans.ro\/en_US\/wp-json\/wp\/v2\/pages\/1866\/revisions"}],"predecessor-version":[{"id":1997,"href":"http:\/\/siracotrans.ro\/en_US\/wp-json\/wp\/v2\/pages\/1866\/revisions\/1997"}],"wp:attachment":[{"href":"http:\/\/siracotrans.ro\/en_US\/wp-json\/wp\/v2\/media?parent=1866"}],"wp:term":[{"taxonomy":"category","embeddable":true,"href":"http:\/\/siracotrans.ro\/en_US\/wp-json\/wp\/v2\/categories?post=1866"},{"taxonomy":"post_tag","embeddable":true,"href":"http:\/\/siracotrans.ro\/en_US\/wp-json\/wp\/v2\/tags?post=1866"}],"curies":[{"name":"wp","href":"https:\/\/api.w.org\/{rel}","templated":true}]}}