{"id":1170,"date":"2015-04-09T10:05:10","date_gmt":"2015-04-09T07:05:10","guid":{"rendered":"http:\/\/siracotrans.ro\/siraco_new\/?page_id=1170"},"modified":"2017-06-25T19:39:41","modified_gmt":"2017-06-25T16:39:41","slug":"semiremorci-cu-prelata","status":"publish","type":"page","link":"http:\/\/siracotrans.ro\/ro_RO\/semiremorci-cu-prelata\/","title":{"rendered":"Semiremorci cu prelata"},"content":{"rendered":"<p>[et_pb_section admin_label=&#8221;section&#8221;][et_pb_row admin_label=&#8221;row&#8221;][et_pb_column type=&#8221;1_4&#8243;][et_pb_cta admin_label=&#8221;Call To Action&#8221; button_url=&#8221;http:\/\/siracotrans.ro\/cotatii&#8221; button_text=&#8221;Cere Cotatie !&#8221; use_background_color=&#8221;on&#8221; background_color=&#8221;#ff4c0e&#8221; background_layout=&#8221;dark&#8221; text_orientation=&#8221;center&#8221;]<\/p>\n<p>[\/et_pb_cta][et_pb_tabs admin_label=&#8221;Tabs&#8221;]<\/p>\n<p>[et_pb_tab title=&#8221;Meniu&#8221;]<\/p>\n<ul>\n<li style=\"list-style: square;\"><a href=\"http:\/\/siracotrans.ro\/camioane-prelata\">Camioane cu Prelat\u0103<\/a><\/li>\n<li style=\"list-style: square;\"><a href=\"http:\/\/siracotrans.ro\/camioane-mega-cu-prelata\">Camioane Mega cu Prelata<\/a><\/li>\n<li style=\"list-style: square;\"><a href=\"http:\/\/siracotrans.ro\/camioane-tandem-cu-prelata\">Camioane Tandem cu Prelat\u0103<\/a><\/li>\n<li style=\"list-style: square;\"><a href=\"http:\/\/siracotrans.ro\/camioane-mega-tandem-cu-prelata\">Camioane Mega Tandem cu Prelat\u0103<\/a><\/li>\n<li style=\"list-style: square;\"><a href=\"http:\/\/siracotrans.ro\/camionete-dube-prelate\">Camionete cu Prelat\u0103<\/a><\/li>\n<li style=\"list-style: square;\"><a href=\"http:\/\/siracotrans.ro\/van-uri-sprintere-dube\">Van-uri (Sprintere, dube)<\/a><\/li>\n<\/ul>\n<p>[\/et_pb_tab][et_pb_tab title=&#8221;SOCIAL MEDIA&#8221;]<\/p>\n<ul>\n<li style=\"list-style: square;\"><a href=\"https:\/\/ro-ro.facebook.com\/pages\/Siraco-Trans\/598242463526804\">Facebook<\/a><\/li>\n<li style=\"list-style: square;\"><a href=\"https:\/\/plus.google.com\/app\/basic\/105479435082682364531\/posts?cbp=1f038jwkn9mcu&amp;sview=25&amp;cid=5&amp;soc-app=115&amp;soc-platform=1\">Google Plus<\/a><\/li>\n<li style=\"list-style: square;\"><a href=\"https:\/\/www.youtube.com\/watch?v=SSqD32bdwXA\">Youtube<\/a><\/li>\n<\/ul>\n<p>[\/et_pb_tab]<\/p>\n<p>[\/et_pb_tabs][et_pb_cta admin_label=&#8221;Call To Action&#8221; button_url=&#8221;http:\/\/siracotrans.ro\/8-motive-sa-alegi-siraco&#8221; button_text=&#8221;De ce Siraco?&#8221; use_background_color=&#8221;on&#8221; background_color=&#8221;#ff4c0e&#8221; background_layout=&#8221;dark&#8221; text_orientation=&#8221;center&#8221;]<\/p>\n<p>[\/et_pb_cta][\/et_pb_column][et_pb_column type=&#8221;3_4&#8243;][et_pb_tabs admin_label=&#8221;Tabs&#8221; use_border_color=&#8221;off&#8221; border_color=&#8221;#ffffff&#8221; border_style=&#8221;solid&#8221;]<\/p>\n<p>[et_pb_tab title=&#8221;Semiremorci frigorifice &#8221; tab_font_select=&#8221;default&#8221; tab_font=&#8221;||||&#8221; tab_line_height=&#8221;2em&#8221; tab_line_height_tablet=&#8221;2em&#8221; tab_line_height_phone=&#8221;2em&#8221; body_font_select=&#8221;default&#8221; body_font=&#8221;||||&#8221; body_line_height=&#8221;2em&#8221; body_line_height_tablet=&#8221;2em&#8221; body_line_height_phone=&#8221;2em&#8221;]<\/p>\n<p style=\"text-align: justify;\">Semiremorcile&nbsp;frigorifice asigur\u0103 transportul pentru m\u0103rfurile ce prezint\u0103 &nbsp;un grad crescut de perisabilitate.<\/p>\n<p>Exist\u0103 dou\u0103 mijloace de transport frigorifice:<\/p>\n<p style=\"text-align: justify;\">&#8211; Transport cu congelare: se folose\u0219te atunci c\u00e2nd m\u0103rfurile trebuie transportate la temperaturi foarte sc\u0103zute, sub 0 grade Celsius ( de regul\u0103 p\u00e2n\u0103 la -20 grade C);<\/p>\n<p style=\"text-align: justify;\">&#8211; Transport cu refrigerare: se folo\u0219este atunci c\u00e2nd m\u0103rfurile trebuie doar men\u021binute pe toat\u0103 durata transportului la o temperatur\u0103 constant\u0103 ( pozitiv\u0103 sau negativ\u0103);<br \/>\n<br style=\"clear: both;\"\/><a href=\"http:\/\/siracotrans.ro\/wp-content\/uploads\/2015\/03\/semi-frigo_new.jpg\"><img loading=\"lazy\" class=\"alignleft size-full wp-image-1054\" src=\"http:\/\/siracotrans.ro\/wp-content\/uploads\/2015\/03\/semi-frigo_new.jpg\" alt=\"semi-frigo_new\" width=\"844\" height=\"430\"\/><\/a><\/p>\n<p>[\/et_pb_tab][et_pb_tab title=&#8221;Capacitati de incarcare&#8221;]<\/p>\n<p>&nbsp;<\/p>\n<h4>Capacitati de incarcare<\/h4>\n<table class=\"footable\">\n<thead>\n<tr>\n<th>Ton\u0103 (t)<\/th>\n<th>Lungime (L)<\/th>\n<th>L\u0103\u0163ime (l)<\/th>\n<th>\u00cen\u0103l\u0163ime (h)<\/th>\n<th>Metri cubi (m3)<\/th>\n<\/tr>\n<\/thead>\n<tbody>\n<tr>\n<td>22<\/td>\n<td>13.6<\/td>\n<td>2.45<\/td>\n<td>2.70<\/td>\n<td>90<\/td>\n<\/tr>\n<\/tbody>\n<\/table>\n<p>[\/et_pb_tab]<\/p>\n<p>[\/et_pb_tabs][\/et_pb_column][\/et_pb_row][\/et_pb_section]<\/p>\n","protected":false},"excerpt":{"rendered":"<p>[et_pb_section admin_label=&#8221;section&#8221;][et_pb_row admin_label=&#8221;row&#8221;][et_pb_column type=&#8221;1_4&#8243;][et_pb_cta admin_label=&#8221;Call To Action&#8221; button_url=&#8221;http:\/\/siracotrans.ro\/cotatii&#8221; button_text=&#8221;Cere Cotatie !&#8221; use_background_color=&#8221;on&#8221; background_color=&#8221;#ff&#8230;<\/p>\n","protected":false},"author":1,"featured_media":0,"parent":0,"menu_order":0,"comment_status":"open","ping_status":"closed","template":"","meta":[],"categories":[4],"tags":[],"_links":{"self":[{"href":"http:\/\/siracotrans.ro\/ro_RO\/wp-json\/wp\/v2\/pages\/1170"}],"collection":[{"href":"http:\/\/siracotrans.ro\/ro_RO\/wp-json\/wp\/v2\/pages"}],"about":[{"href":"http:\/\/siracotrans.ro\/ro_RO\/wp-json\/wp\/v2\/types\/page"}],"author":[{"embeddable":true,"href":"http:\/\/siracotrans.ro\/ro_RO\/wp-json\/wp\/v2\/users\/1"}],"replies":[{"embeddable":true,"href":"http:\/\/siracotrans.ro\/ro_RO\/wp-json\/wp\/v2\/comments?post=1170"}],"version-history":[{"count":10,"href":"http:\/\/siracotrans.ro\/ro_RO\/wp-json\/wp\/v2\/pages\/1170\/revisions"}],"predecessor-version":[{"id":2070,"href":"http:\/\/siracotrans.ro\/ro_RO\/wp-json\/wp\/v2\/pages\/1170\/revisions\/2070"}],"wp:attachment":[{"href":"http:\/\/siracotrans.ro\/ro_RO\/wp-json\/wp\/v2\/media?parent=1170"}],"wp:term":[{"taxonomy":"category","embeddable":true,"href":"http:\/\/siracotrans.ro\/ro_RO\/wp-json\/wp\/v2\/categories?post=1170"},{"taxonomy":"post_tag","embeddable":true,"href":"http:\/\/siracotrans.ro\/ro_RO\/wp-json\/wp\/v2\/tags?post=1170"}],"curies":[{"name":"wp","href":"https:\/\/api.w.org\/{rel}","templated":true}]}}