{"id":1192,"date":"2015-04-09T10:40:40","date_gmt":"2015-04-09T07:40:40","guid":{"rendered":"http:\/\/siracotrans.ro\/siraco_new\/?page_id=1192"},"modified":"2017-06-25T19:30:34","modified_gmt":"2017-06-25T16:30:34","slug":"cariere","status":"publish","type":"page","link":"http:\/\/siracotrans.ro\/ro_RO\/cariere\/","title":{"rendered":"Cariere"},"content":{"rendered":"<p>[et_pb_section admin_label=&#8221;section&#8221;][et_pb_row admin_label=&#8221;row&#8221;][et_pb_column type=&#8221;1_4&#8243;][et_pb_cta admin_label=&#8221;Call To Action&#8221; button_url=&#8221;http:\/\/siracotrans.ro\/cotatii&#8221; button_text=&#8221;Cere Cotatie !&#8221; use_background_color=&#8221;on&#8221; background_color=&#8221;#ff4c0e&#8221; background_layout=&#8221;dark&#8221; text_orientation=&#8221;center&#8221; url_new_window=&#8221;off&#8221; use_border_color=&#8221;off&#8221; border_color=&#8221;#ffffff&#8221; border_style=&#8221;solid&#8221; custom_button=&#8221;off&#8221; button_letter_spacing=&#8221;0&#8243; button_use_icon=&#8221;default&#8221; button_icon_placement=&#8221;right&#8221; button_on_hover=&#8221;on&#8221; button_letter_spacing_hover=&#8221;0&#8243;]<\/p>\n<p>[\/et_pb_cta][et_pb_sidebar admin_label=&#8221;Bara lateral\u0103&#8221; orientation=&#8221;left&#8221; area=&#8221;et_pb_widget_area_5&#8243; background_layout=&#8221;light&#8221; remove_border=&#8221;off&#8221;]<\/p>\n<p>[\/et_pb_sidebar][et_pb_cta admin_label=&#8221;Call To Action&#8221; button_url=&#8221;http:\/\/siracotrans.ro\/8-motive-sa-alegi-siraco&#8221; button_text=&#8221;De ce Siraco?&#8221; use_background_color=&#8221;on&#8221; background_color=&#8221;#FF4C0E&#8221; background_layout=&#8221;dark&#8221; text_orientation=&#8221;center&#8221;]<\/p>\n<p>[\/et_pb_cta][\/et_pb_column][et_pb_column type=&#8221;3_4&#8243;][et_pb_text admin_label=&#8221;Text&#8221; background_layout=&#8221;light&#8221; text_orientation=&#8221;left&#8221; use_border_color=&#8221;off&#8221; border_color=&#8221;#ffffff&#8221; border_style=&#8221;solid&#8221;]<\/p>\n<h2 style=\"text-align: center;\">Vrei s\u0103 faci carier\u0103 \u00eentr-o companie de transport intern \u0219i interna\u021bional ?<\/h2>\n<h3 style=\"text-align: center;\">Al\u0103tur\u0103-te acum echipei Siraco Exim 94 SRL!<\/h3>\n<p>Angaj\u0103m \u0219oferi amatori \u0219i profesioni\u0219ti, pentru curse interne si interna\u021bionale.<br \/>\nUn angajat al Siraco Exim 94 SRL nu este doar un simplu angajat! El este reprezentantul nostru \u00een rela\u021bia cu clientul!<\/p>\n<h3>Posturi Disponibile<\/h3>\n<p>[\/et_pb_text][et_pb_accordion admin_label=&#8221;accordion&#8221; disabled=&#8221;off&#8221; disabled_on=&#8221;on|on|&#8221; use_border_color=&#8221;off&#8221; border_color=&#8221;#ffffff&#8221; border_style=&#8221;solid&#8221;]<\/p>\n<p>[et_pb_accordion_item title=&#8221;Conducator auto intern \u0219i international&#8221;]<\/p>\n<div class=\"cariere-blog\"><strong>Cerin\u021be:<\/strong><\/div>\n<ul class=\"siraco\">\n<li>\u0218oferi amatori: Necesit\u0103 categoria B.<\/li>\n<li>\u0218oferi profesioni\u0219ti: Necesit\u0103 categoria B sau B, C + E<\/li>\n<li>Experien\u021b\u0103; Conduc\u0103tor auto intern sau interna\u021bional, cu sau f\u0103r\u0103 experien\u021b\u0103.<\/li>\n<li>Card digital pentru tahograf \/ cunoa\u0219terea \u0219i respectarea reglement\u0103rilor orelor de condus, experien\u021ba de lucru cu card \u0219i diagram\u0103;<\/li>\n<li>Certificat \/ Atestat de Competen\u021b\u0103 Profesional\u0103 pentru transport marf\u0103;<\/li>\n<li>Aviz medical \u0219i psihologic valabil;<\/li>\n<li>Cazier judiciar \u0219i auto f\u0103r\u0103 incidente majore;<\/li>\n<li>Cuno\u0219tin\u021be minime de mecanic\u0103 auto \u0219i intre\u021binere a autovehiculelor;<\/li>\n<li>Cuno\u0219tin\u021be minime a cel pu\u021bin unei limbi str\u0103ine la nivel conversa\u021bional constituie un avantaj;<\/li>\n<li>Punctual, serios, responsabil \u0219i rezistent la stres;<\/li>\n<li>Disponibilitate pentru deplasare de lung\u0103 durat\u0103;<\/li>\n<\/ul>\n<div class=\"cariere-blog\"><strong>Descrierea postului \/ Responsabilit\u0103\u021bi:<\/strong><\/div>\n<ul class=\"siraco\">\n<li>Desf\u0103soar\u0103 transportul de marf\u0103 in condi\u021bii optime \u0219i conform graficului;<\/li>\n<li>Comunic\u0103 permanent cu dispeceratul privind desf\u0103surarea transportului, de la primirea comenzii p\u00e2n\u0103 la final;<\/li>\n<li>S\u0103 cunoasc\u0103 \u0219i s\u0103 respecte prevederile legale cu privire la circula\u021bia pe drumurile publice, \u00een trafic intern \u0219i interna\u021bional de m\u0103rfuri;<\/li>\n<li>Respect\u0103 timpii de conducere \u0219i a celor de odihn\u0103, conform legisla\u021biei \u00een vigoare;<\/li>\n<li>Are r\u0103spunderea ca tot ceea ce transport\u0103 s\u0103 ajung\u0103 la destina\u021bie \u00een perfect\u0103 stare;<\/li>\n<li>Are r\u0103spunderea s\u0103 ajung\u0103 la o destina\u021bie \u00een timpul specificat, respect\u00e2nd cele men\u021bionate anterior;<\/li>\n<li>Se ocup\u0103 de \u00eentocmirea documentelor de transport: CMR, ordine de deplasare, foi de parcurs, etc.<\/li>\n<li>De\u021bine r\u0103spunderea de consumare judicioas\u0103 a sumelor primite ca avans de deplasare. Acestea dovedesc, prin predare la \u00eentoarcerea din curs\u0103, deconturile (documente justificative: bonuri, chitan\u021be, etc.);<\/li>\n<li>Are obliga\u021bia s\u0103 men\u021bin\u0103 ma\u0219ina\/ma\u0219inile pe care lucreaz\u0103, \u00een perfect\u0103 stare de func\u021bionare, inform\u00e2nd permanent conducerea de nevoile sale cu privire la aceasta responsabilitate;<\/li>\n<li>Are obliga\u021bia s\u0103 men\u021bin\u0103 curate ma\u0219inile pe care le conduce;<\/li>\n<li>Are responsabilitatea s\u0103 re\u021bin\u0103 adresele la care livreaz\u0103 mai des sau detalii despre acestea;<\/li>\n<li>Are obliga\u021bia ca \u00een timpul \u00een care nu sunt transporturi de f\u0103cut, s\u0103 se al\u0103ture echipei de la garaj \u00een realizarea sarcinilor primare;<\/li>\n<\/ul>\n<div class=\"cariere-blog\"><strong>Oferta noastra:<\/strong><\/div>\n<ul class=\"siraco\">\n<li>Salariu fix + diurna zilnic\u0103 pentru plec\u0103rile \u00een afara \u021b\u0103rii;<\/li>\n<li>Mediu de lucru dinamic, colectiv primitor;<\/li>\n<li>Telefon de serviciu;<\/li>\n<li>Acces la buc\u0103t\u0103ria angaja\u021bilor ce-\u021bi asigur\u0103 apa, cafea\/ceai \u0219i minim o mas\u0103 pe zi;<\/li>\n<li>Posibilitate de afirmare \u0219i promovare;<\/li>\n<li>Posibilitate de practic\u0103 cu \u0219anse reale de angajare dac\u0103 \u00ee\u021bi dore\u0219ti cu adev\u0103rat s\u0103 te al\u0103turi echipei noastre;<\/li>\n<\/ul>\n<p class=\"posturi-diponibile-wrapper\"><strong>Posturi Disponibile: 4<\/strong> <a class=\"moduleItemMore\" href=\"http:\/\/siracotrans.ro\/formular-aplicatie\"><button class=\"btn btn-warning\" type=\"button\">Aplic\u0103<\/button><\/a><\/p>\n<p>[\/et_pb_accordion_item][et_pb_accordion_item title=&#8221;Agent transport rutier intern si international&#8221;]<\/p>\n<div class=\"cariere-blog\"><strong>Cerin\u0163e:<\/strong><\/div>\n<ul class=\"siraco\">\n<li>Cuno\u015ftin\u0163e de operare a pachetului MS Office \u015fi Internet;<\/li>\n<li>Cuno\u015ftin\u0163e la nivel conversa\u0163ional scris\/vorbit\/business minim a unei limbi str\u0103ine;<\/li>\n<li>Cuno\u015ftin\u0163e avansate sau a mai multor limbi str\u0103ine constituie un avantaj;<\/li>\n<li>Cuno\u015ftin\u0163e minime de geografie;<\/li>\n<li>Abilita\u0163i de planificare, organizare, negociere, comunicare \u015fi coordonare;<\/li>\n<li>Ini\u0163iativ\u0103 \u015fi orientare c\u0103tre rezolvarea problemelor;<\/li>\n<li>Capacitate de lucru in condi\u0163ii de stres \u015fi termene limit\u0103;<\/li>\n<li>Existen\u0163a unui portofoliu de clien\u0163i reprezint\u0103 un avantaj;<\/li>\n<li>Experient\u0103 \u00een domeniu reprezint\u0103 un avantaj;<\/li>\n<\/ul>\n<div class=\"cariere-blog\"><strong>Descrierea postului \/ Responsabilit\u0103\u0163i:<\/strong><\/div>\n<ul class=\"siraco\">\n<li>Preia apelurile telefonice ale clientilor c\u00e2t \u015fi a personalului intern;<\/li>\n<li>Urm\u0103re\u015fte pe Bursa de Transport \u015fi pe alte canale aseman\u0103toare toate ofertele \u015fi cerererile de transport marf\u0103 intern si interna\u0163ional;<\/li>\n<li>Preia comenzile de transport \u015fi se ocupa de planificarea acestora;<\/li>\n<li>\u00centocme\u015fte \u015fi verific\u0103 documenta\u0163ia specific\u0103 activit\u0103\u0163ii de transport;<\/li>\n<li>Comunic\u0103 detaliile \u00een ceea ce prive\u015fte \u00eenc\u0103rcarea\/desc\u0103rcarea;<\/li>\n<li>Ghideaz\u0103 \u015fi urm\u0103re\u015fte ma\u015finile p\u00e2n\u0103 la \u00eenc\u0103rcare\/desc\u0103rcare;<\/li>\n<li>Verific\u0103 activitatea \u015foferilor;<\/li>\n<li>Asigur\u0103 fluxul informa\u0163ional de la \u015fi c\u0103tre \u015foferi;<\/li>\n<li>Informeaz\u0103 \u015fi contacteaz\u0103 clien\u0163ii \u00een leg\u0103tur\u0103 cu transportul;<\/li>\n<li>\u00cenregistreaz\u0103 \u00eentr-un raport zilnic cursele efectuate;<\/li>\n<li>Respect\u0103 targeturile legate de performant\u0103 \u015fi calitatea serviciilor;<\/li>\n<li>Planific\u0103, organizeaz\u0103 \u015fi coordoneaz\u0103 activita\u0163i zilnice de transport prin preluarea \u015fi urm\u0103rirea execut\u0103rii comenzilor de transport intern \u015fi international pentru flota alocat\u0103 sau subcontractori;<\/li>\n<li>La nevoie caut\u0103 transportatori care s\u0103 efectueze transportul \u00een condi\u0163iile optime astfel \u00eencat firma s\u0103 obtin\u0103 profit.<\/li>\n<li>Programeaz\u0103 \u015fi optimizeaz\u0103 rutele astfel \u00eenc\u00e2t s\u0103 ob\u0163in\u0103 un parcurs \u00een gol c\u00e2t mai mic;<\/li>\n<li>P\u0103streaz\u0103 confiden\u0163ialitatea \u015fi loialitatea fat\u0103 de activitatea desf\u0103\u015furat\u0103;<\/li>\n<li>Prospecteaz\u0103 oportunit\u0103\u0163i de transport: contacteaz\u0103 clien\u0163i actuali, parteneri, poten\u0163iali clien\u0163i;<\/li>\n<li>Dezvolt\u0103 portofoliul de comenzi prin atragerea de noi clien\u0163i;<\/li>\n<\/ul>\n<div class=\"cariere-blog\">\n<p><strong>Oferta noastr\u0103:<\/strong><\/p>\n<ul class=\"siraco\">\n<li>Salariu fix;<\/li>\n<li>Mediu de lucru dinamic, colectiv primitor;<\/li>\n<li>Telefon de serviciu;<\/li>\n<li>Acces la buc\u0103t\u0103ria angajatilor ce-\u0163i asigura ap\u0103, cafea\/ceai \u015fi minim o mas\u0103 pe zi;<\/li>\n<li>Posibilitate de afirmare si promovare;<\/li>\n<li>Posibilitate de practic\u0103 cu \u015fanse reale de angajare daca i\u0163i dore\u015fti cu adev\u0103rat s\u0103 te al\u0103turi echipei noastre;<\/li>\n<\/ul>\n<\/div>\n<p class=\"posturi-diponibile-wrapper\"><strong>Posturi Disponibile: 4<\/strong> <a class=\"moduleItemMore\" href=\"http:\/\/siracotrans.ro\/formular-aplicatie\"><button class=\"btn btn-warning\" type=\"button\">Aplic\u0103<\/button><\/a><\/p>\n<p>[\/et_pb_accordion_item]<\/p>\n<p>[\/et_pb_accordion][\/et_pb_column][\/et_pb_row][\/et_pb_section]<\/p>\n","protected":false},"excerpt":{"rendered":"<p>[et_pb_section admin_label=&#8221;section&#8221;][et_pb_row admin_label=&#8221;row&#8221;][et_pb_column type=&#8221;1_4&#8243;][et_pb_cta admin_label=&#8221;Call To Action&#8221; button_url=&#8221;http:\/\/siracotrans.ro\/cotatii&#8221; button_text=&#8221;Cere Cotatie !&#8221; use_background_color=&#8221;on&#8221; background_color=&#8221;#ff&#8230;<\/p>\n","protected":false},"author":1,"featured_media":0,"parent":0,"menu_order":0,"comment_status":"open","ping_status":"open","template":"","meta":[],"categories":[],"tags":[],"_links":{"self":[{"href":"http:\/\/siracotrans.ro\/ro_RO\/wp-json\/wp\/v2\/pages\/1192"}],"collection":[{"href":"http:\/\/siracotrans.ro\/ro_RO\/wp-json\/wp\/v2\/pages"}],"about":[{"href":"http:\/\/siracotrans.ro\/ro_RO\/wp-json\/wp\/v2\/types\/page"}],"author":[{"embeddable":true,"href":"http:\/\/siracotrans.ro\/ro_RO\/wp-json\/wp\/v2\/users\/1"}],"replies":[{"embeddable":true,"href":"http:\/\/siracotrans.ro\/ro_RO\/wp-json\/wp\/v2\/comments?post=1192"}],"version-history":[{"count":15,"href":"http:\/\/siracotrans.ro\/ro_RO\/wp-json\/wp\/v2\/pages\/1192\/revisions"}],"predecessor-version":[{"id":2068,"href":"http:\/\/siracotrans.ro\/ro_RO\/wp-json\/wp\/v2\/pages\/1192\/revisions\/2068"}],"wp:attachment":[{"href":"http:\/\/siracotrans.ro\/ro_RO\/wp-json\/wp\/v2\/media?parent=1192"}],"wp:term":[{"taxonomy":"category","embeddable":true,"href":"http:\/\/siracotrans.ro\/ro_RO\/wp-json\/wp\/v2\/categories?post=1192"},{"taxonomy":"post_tag","embeddable":true,"href":"http:\/\/siracotrans.ro\/ro_RO\/wp-json\/wp\/v2\/tags?post=1192"}],"curies":[{"name":"wp","href":"https:\/\/api.w.org\/{rel}","templated":true}]}}