{"id":1204,"date":"2015-04-09T10:59:40","date_gmt":"2015-04-09T07:59:40","guid":{"rendered":"http:\/\/siracotrans.ro\/siraco_new\/?page_id=1204"},"modified":"2018-04-01T15:22:19","modified_gmt":"2018-04-01T12:22:19","slug":"flota","status":"publish","type":"page","link":"http:\/\/siracotrans.ro\/ro_RO\/flota\/","title":{"rendered":"Flota"},"content":{"rendered":"<p>[et_pb_section admin_label=&#8221;section&#8221; fullwidth=&#8221;off&#8221; specialty=&#8221;off&#8221;][et_pb_row admin_label=&#8221;row&#8221;][et_pb_column type=&#8221;1_4&#8243;][et_pb_cta admin_label=&#8221;Call To Action&#8221; button_url=&#8221;http:\/\/siracotrans.ro\/cotatii&#8221; button_text=&#8221;Cere Cotatie !&#8221; use_background_color=&#8221;on&#8221; background_color=&#8221;#ff4c0e&#8221; background_layout=&#8221;dark&#8221; text_orientation=&#8221;center&#8221;]<\/p>\n<p>&nbsp;<\/p>\n<p>[\/et_pb_cta][et_pb_tabs admin_label=&#8221;Tabs&#8221;]<\/p>\n<p>[et_pb_tab title=&#8221;Meniu&#8221;]<\/p>\n<ul>\n<li style=\"list-style: square;\"><a href=\"http:\/\/siracotrans.ro\/\">Acasa<\/a><\/li>\n<li style=\"list-style: square;\"><a href=\"http:\/\/siracotrans.ro\/servicii\">Servicii<\/a><\/li>\n<li style=\"list-style: square;\"><a href=\"http:\/\/siracotrans.ro\/flota\">Flota<\/a><\/li>\n<li style=\"list-style: square;\"><a href=\"http:\/\/siracotrans.ro\/cotatii\">Cotatii<\/a><\/li>\n<li style=\"list-style: square;\"><a href=\"http:\/\/siracotrans.ro\/cariere\">Cariere<\/a><\/li>\n<li style=\"list-style: square;\"><a href=\"http:\/\/siracotrans.ro\/contact\">Contact<\/a><\/li>\n<\/ul>\n<p>[\/et_pb_tab][et_pb_tab title=&#8221;SOCIAL MEDIA&#8221;]<\/p>\n<ul>\n<li style=\"list-style: square;\"><a>Facebook<\/a><\/li>\n<li style=\"list-style: square;\"><a>Google Plus<\/a><\/li>\n<li style=\"list-style: square;\"><a>Youtube<\/a><\/li>\n<\/ul>\n<p>[\/et_pb_tab]<\/p>\n<p>[\/et_pb_tabs][et_pb_cta admin_label=&#8221;Call To Action&#8221; button_url=&#8221;http:\/\/siracotrans.ro\/8-motive-sa-alegi-siraco&#8221; button_text=&#8221;De ce Siraco ?&#8221; use_background_color=&#8221;on&#8221; background_color=&#8221;#FF4C0E&#8221; background_layout=&#8221;dark&#8221; text_orientation=&#8221;center&#8221;]<\/p>\n<p>&nbsp;<\/p>\n<p>[\/et_pb_cta][et_pb_text admin_label=&#8221;Text&#8221; background_layout=&#8221;light&#8221; text_orientation=&#8221;center&#8221;]<\/p>\n<p><a href=\"http:\/\/siracotrans.ro\/inchirieri-semiremorci\"><br \/>\n<\/a><\/p>\n<h2>Nout\u0103\u021bi<\/h2>\n<p>&nbsp;<\/p>\n<p>[\/et_pb_text][et_pb_blog admin_label=&#8221;Blog&#8221; fullwidth=&#8221;off&#8221; posts_number=&#8221;1&#8243; include_categories=&#8221;3&#8243; meta_date=&#8221;M j, Y&#8221; show_thumbnail=&#8221;on&#8221; show_content=&#8221;off&#8221; show_more=&#8221;off&#8221; show_author=&#8221;off&#8221; show_date=&#8221;on&#8221; show_categories=&#8221;on&#8221; show_pagination=&#8221;off&#8221; background_layout=&#8221;light&#8221;]<\/p>\n<p>&nbsp;<\/p>\n<p>[\/et_pb_blog][\/et_pb_column][et_pb_column type=&#8221;3_4&#8243;][et_pb_tabs admin_label=&#8221;Tabs&#8221; module_class=&#8221;flota-wrapper&#8221;]<\/p>\n<p>[et_pb_tab]<a href=\"http:\/\/siracotrans.ro\/camioane-cu-prelata\/\"><img loading=\"lazy\" class=\"alignleft size-medium wp-image-1419\" src=\"http:\/\/siracotrans.ro\/wp-content\/uploads\/2015\/04\/camion_prelata_full-300x140.jpg\" alt=\"camion_prelata_full\" width=\"300\" height=\"138\" \/><\/a><\/p>\n<h3>Camioane cu prelat\u0103<\/h3>\n<p>Parcul nostru auto dispune de numeroase camioane cu prelat\u0103. Acestea sunt folosite pentru inc\u0103rc\u0103ri complete&#8230;. <a href='http:\/\/siracotrans.ro\/camioane-cu-prelata' class='small-button smallsilver' target=\"_blank\">Vezi Detalii<\/a>[\/et_pb_tab]<\/p>\n<p>[\/et_pb_tabs][et_pb_tabs admin_label=&#8221;Tabs&#8221; module_class=&#8221;flota-wrapper&#8221; use_border_color=&#8221;off&#8221; border_color=&#8221;#ffffff&#8221; border_style=&#8221;solid&#8221;]<\/p>\n<p>[et_pb_tab tab_font_select=&#8221;default&#8221; tab_font=&#8221;||||&#8221; tab_line_height=&#8221;2em&#8221; tab_line_height_tablet=&#8221;2em&#8221; tab_line_height_phone=&#8221;2em&#8221; body_font_select=&#8221;default&#8221; body_font=&#8221;||||&#8221; body_line_height=&#8221;2em&#8221; body_line_height_tablet=&#8221;2em&#8221; body_line_height_phone=&#8221;2em&#8221;]<\/p>\n<p>&nbsp;<\/p>\n<p><a href=\"http:\/\/siracotrans.ro\/camioane-mega-cu-prelata\"><img loading=\"lazy\" class=\"alignleft size-medium wp-image-1938\" src=\"http:\/\/siracotrans.ro\/wp-content\/uploads\/2015\/04\/Iveco_Stralis_Hi-Way-300x200.jpg\" alt=\"Iveco_Stralis_Hi-Way\" width=\"300\" height=\"200\" srcset=\"http:\/\/siracotrans.ro\/wp-content\/uploads\/2015\/04\/Iveco_Stralis_Hi-Way-300x200.jpg 300w, http:\/\/siracotrans.ro\/wp-content\/uploads\/2015\/04\/Iveco_Stralis_Hi-Way.jpg 610w\" sizes=\"(max-width: 300px) 100vw, 300px\" \/><\/a><\/p>\n<p>&nbsp;<\/p>\n<h3>Camioane mega cu prelat\u0103<\/h3>\n<p>V\u0103 punem la dispozi\u0163ie camioane de tip mega cu prelat\u0103 care utilizeaz\u0103 semiremorci ce pot fi \u00eenc\u0103rcate cu un volum&#8230;.<\/p>\n<a href='http:\/\/siracotrans.ro\/camioane-mega-cu-prelata\/' class='small-button smallsilver' target=\"_blank\">Vezi Detalii<\/a>\n<p>[\/et_pb_tab]<\/p>\n<p>[\/et_pb_tabs][et_pb_tabs admin_label=&#8221;Tabs&#8221; module_class=&#8221;flota-wrapper&#8221; use_border_color=&#8221;off&#8221; border_color=&#8221;#ffffff&#8221; border_style=&#8221;solid&#8221;]<\/p>\n<p>[et_pb_tab tab_font_select=&#8221;default&#8221; tab_font=&#8221;||||&#8221; tab_line_height=&#8221;2em&#8221; tab_line_height_tablet=&#8221;2em&#8221; tab_line_height_phone=&#8221;2em&#8221; body_font_select=&#8221;default&#8221; body_font=&#8221;||||&#8221; body_line_height=&#8221;2em&#8221; body_line_height_tablet=&#8221;2em&#8221; body_line_height_phone=&#8221;2em&#8221;]<\/p>\n<p><a href=\"http:\/\/siracotrans.ro\/camioane-tandem-cu-prelata\"><img loading=\"lazy\" class=\"alignleft size-full wp-image-1233\" src=\"http:\/\/siracotrans.ro\/wp-content\/uploads\/2015\/04\/tandem-small1-300x164.jpg\" alt=\"tandem-small1-300x164\" width=\"300\" height=\"164\"\/><\/a><\/p>\n<p>&nbsp;<\/p>\n<h3>Camioane tandem cu prelat\u0103<\/h3>\n<p>Camioanele tandem cu prelat\u0103, spre deosebire de cele standard, se pot \u00eenc\u0103rca separat, at\u00e2t \u00een camion c\u00e2t \u015fi \u00een&#8230;.<\/p>\n<a href='http:\/\/siracotrans.ro\/camioane-tandem-cu-prelata' class='small-button smallsilver' target=\"_blank\">Vezi Detalii<\/a>\n<p>[\/et_pb_tab]<\/p>\n<p>[\/et_pb_tabs][et_pb_tabs admin_label=&#8221;Tabs&#8221; module_class=&#8221;flota-wrapper&#8221; use_border_color=&#8221;off&#8221; border_color=&#8221;#ffffff&#8221; border_style=&#8221;solid&#8221;]<\/p>\n<p>[et_pb_tab tab_font_select=&#8221;default&#8221; tab_font=&#8221;||||&#8221; tab_line_height=&#8221;2em&#8221; tab_line_height_tablet=&#8221;2em&#8221; tab_line_height_phone=&#8221;2em&#8221; body_font_select=&#8221;default&#8221; body_font=&#8221;||||&#8221; body_line_height=&#8221;2em&#8221; body_line_height_tablet=&#8221;2em&#8221; body_line_height_phone=&#8221;2em&#8221;]<\/p>\n<p>&nbsp;<\/p>\n<p><a href=\"http:\/\/siracotrans.ro\/camionete-dube-prelate\"><img loading=\"lazy\" class=\"size-medium wp-image-2143 alignleft\" src=\"http:\/\/siracotrans.ro\/wp-content\/uploads\/2018\/04\/camioneta-300x169.jpg\" alt=\"\" width=\"300\" height=\"169\" srcset=\"http:\/\/siracotrans.ro\/wp-content\/uploads\/2018\/04\/camioneta-300x169.jpg 300w, http:\/\/siracotrans.ro\/wp-content\/uploads\/2018\/04\/camioneta-768x432.jpg 768w, http:\/\/siracotrans.ro\/wp-content\/uploads\/2018\/04\/camioneta.jpg 800w\" sizes=\"(max-width: 300px) 100vw, 300px\" \/><\/a><\/p>\n<p>&nbsp;<\/p>\n<h3>Camionete (dube, prelate)<\/h3>\n<p>Flota noastr\u0103 dispune de numeroase camionete de tip dub\u0103 sau prelat\u0103. Unele dintre ele sunt dotate cu lift hidraulic pentru&#8230;.<\/p>\n<a href='http:\/\/siracotrans.ro\/camionete-dube-prelate' class='small-button smallsilver' target=\"_blank\">Vezi Detalii<\/a>\n<p>[\/et_pb_tab]<\/p>\n<p>[\/et_pb_tabs][et_pb_tabs admin_label=&#8221;Tabs&#8221; module_class=&#8221;flota-wrapper&#8221; use_border_color=&#8221;off&#8221; border_color=&#8221;#ffffff&#8221; border_style=&#8221;solid&#8221;]<\/p>\n<p>[et_pb_tab tab_font_select=&#8221;default&#8221; tab_font=&#8221;||||&#8221; tab_line_height=&#8221;2em&#8221; tab_line_height_tablet=&#8221;2em&#8221; tab_line_height_phone=&#8221;2em&#8221; body_font_select=&#8221;default&#8221; body_font=&#8221;||||&#8221; body_line_height=&#8221;2em&#8221; body_line_height_tablet=&#8221;2em&#8221; body_line_height_phone=&#8221;2em&#8221;]<\/p>\n<p><a href=\"http:\/\/siracotrans.ro\/van-uri-sprintere-dube\"><img loading=\"lazy\" class=\"size-medium wp-image-1932 alignleft\" src=\"http:\/\/siracotrans.ro\/wp-content\/uploads\/2015\/04\/camioneta-psd-300x210.jpg\" alt=\"\" width=\"300\" height=\"210\" srcset=\"http:\/\/siracotrans.ro\/wp-content\/uploads\/2015\/04\/camioneta-psd-300x210.jpg 300w, http:\/\/siracotrans.ro\/wp-content\/uploads\/2015\/04\/camioneta-psd-768x538.jpg 768w, http:\/\/siracotrans.ro\/wp-content\/uploads\/2015\/04\/camioneta-psd.jpg 900w\" sizes=\"(max-width: 300px) 100vw, 300px\" \/><\/a><\/p>\n<h3>Van-uri (dube)<\/h3>\n<p>Acestea se folosesc \u00een special pentru transportul rapid, curierat, livr\u0103ri express \u015fi distribu\u0163ie&#8230;.<\/p>\n<a href='http:\/\/siracotrans.ro\/van-uri-sprintere-dube' class='small-button smallsilver' target=\"_blank\">Vezi Detalii<\/a>\n<p>[\/et_pb_tab]<\/p>\n<p>[\/et_pb_tabs][\/et_pb_column][\/et_pb_row][\/et_pb_section]<\/p>\n","protected":false},"excerpt":{"rendered":"<p>[et_pb_section admin_label=&#8221;section&#8221; fullwidth=&#8221;off&#8221; specialty=&#8221;off&#8221;][et_pb_row admin_label=&#8221;row&#8221;][et_pb_column type=&#8221;1_4&#8243;][et_pb_cta admin_label=&#8221;Call To Action&#8221; button_url=&#8221;http:\/\/siracotrans.ro\/cotatii&#8221; button_text=&#8221;Cere Cotatie !&#8221; use_background_&#8230;<\/p>\n","protected":false},"author":1,"featured_media":0,"parent":0,"menu_order":0,"comment_status":"open","ping_status":"open","template":"","meta":[],"categories":[],"tags":[],"_links":{"self":[{"href":"http:\/\/siracotrans.ro\/ro_RO\/wp-json\/wp\/v2\/pages\/1204"}],"collection":[{"href":"http:\/\/siracotrans.ro\/ro_RO\/wp-json\/wp\/v2\/pages"}],"about":[{"href":"http:\/\/siracotrans.ro\/ro_RO\/wp-json\/wp\/v2\/types\/page"}],"author":[{"embeddable":true,"href":"http:\/\/siracotrans.ro\/ro_RO\/wp-json\/wp\/v2\/users\/1"}],"replies":[{"embeddable":true,"href":"http:\/\/siracotrans.ro\/ro_RO\/wp-json\/wp\/v2\/comments?post=1204"}],"version-history":[{"count":57,"href":"http:\/\/siracotrans.ro\/ro_RO\/wp-json\/wp\/v2\/pages\/1204\/revisions"}],"predecessor-version":[{"id":2181,"href":"http:\/\/siracotrans.ro\/ro_RO\/wp-json\/wp\/v2\/pages\/1204\/revisions\/2181"}],"wp:attachment":[{"href":"http:\/\/siracotrans.ro\/ro_RO\/wp-json\/wp\/v2\/media?parent=1204"}],"wp:term":[{"taxonomy":"category","embeddable":true,"href":"http:\/\/siracotrans.ro\/ro_RO\/wp-json\/wp\/v2\/categories?post=1204"},{"taxonomy":"post_tag","embeddable":true,"href":"http:\/\/siracotrans.ro\/ro_RO\/wp-json\/wp\/v2\/tags?post=1204"}],"curies":[{"name":"wp","href":"https:\/\/api.w.org\/{rel}","templated":true}]}}