{"id":1206,"date":"2015-04-09T11:02:53","date_gmt":"2015-04-09T08:02:53","guid":{"rendered":"http:\/\/siracotrans.ro\/siraco_new\/?page_id=1206"},"modified":"2016-02-22T12:18:15","modified_gmt":"2016-02-22T10:18:15","slug":"formular-aplicatie","status":"publish","type":"page","link":"http:\/\/siracotrans.ro\/ro_RO\/formular-aplicatie\/","title":{"rendered":"Formular Aplicatie"},"content":{"rendered":"<p>[et_pb_section][et_pb_row][et_pb_column type=&#8221;1_4&#8243;][et_pb_cta admin_label=&#8221;Call To Action&#8221; button_url=&#8221;http:\/\/siracotrans.ro\/cotatii&#8221; button_text=&#8221;Cere Cotatie !&#8221; use_background_color=&#8221;on&#8221; background_color=&#8221;#ff4c0e&#8221; background_layout=&#8221;dark&#8221; text_orientation=&#8221;center&#8221; \/][et_pb_tabs admin_label=&#8221;Tabs&#8221;][et_pb_tab title=&#8221;Meniu&#8221;]<\/p>\n<ul>\n<li style=\"list-style:square\"><a href=\"http:\/\/siracotrans.ro\/\">Acasa<\/a><\/li>\n<li style=\"list-style:square\"><a href=\"http:\/\/siracotrans.ro\/servicii\">Servicii<\/a><\/li>\n<li style=\"list-style:square\"><a href=\"http:\/\/siracotrans.ro\/flota\">Flota<\/a><\/li>\n<li style=\"list-style:square\"><a href=\"http:\/\/siracotrans.ro\/cotatii\">Cotatii<\/a><\/li>\n<li style=\"list-style:square\"><a href=\"http:\/\/siracotrans.ro\/cariere\">Cariere<\/a><\/li>\n<li style=\"list-style:square\"><a href=\"http:\/\/siracotrans.ro\/contact\">Contact<\/a><\/li>\n<\/ul>\n<p>[\/et_pb_tab][et_pb_tab title=&#8221;SOCIAL MEDIA&#8221;]<\/p>\n<ul>\n<li style=\"list-style:square\"><a href=\"https:\/\/ro-ro.facebook.com\/pages\/Siraco-Trans\/598242463526804\">Facebook<\/a><\/li>\n<li style=\"list-style:square\"><a href=\"https:\/\/plus.google.com\/app\/basic\/105479435082682364531\/posts?cbp=1f038jwkn9mcu&amp;sview=25&amp;cid=5&amp;soc-app=115&amp;soc-platform=1\">Google Plus<\/a><\/li>\n<li style=\"list-style:square\"><a href=\"https:\/\/www.youtube.com\/watch?v=SSqD32bdwXA\">Youtube<\/a><\/li>\n<\/ul>\n<p>[\/et_pb_tab][\/et_pb_tabs][et_pb_cta admin_label=&#8221;Call To Action&#8221; button_url=&#8221;http:\/\/siracotrans.ro\/8-motive-sa-alegi-siraco&#8221; button_text=&#8221;De ce Siraco?&#8221; use_background_color=&#8221;on&#8221; background_color=&#8221;#ff4c0e&#8221; background_layout=&#8221;dark&#8221; text_orientation=&#8221;center&#8221; \/][et_pb_text admin_label=&#8221;Text&#8221; background_layout=&#8221;light&#8221; text_orientation=&#8221;center&#8221;]<a href=\"http:\/\/siracotrans.ro\/inchirieri-semiremorci\"><\/p>\n<h2>Nout\u0103\u021bi<\/h2>\n<p><\/a>[\/et_pb_text][et_pb_blog admin_label=&#8221;Blog&#8221; fullwidth=&#8221;off&#8221; posts_number=&#8221;5&#8243; include_categories=&#8221;3&#8243; meta_date=&#8221;M j, Y&#8221; show_thumbnail=&#8221;on&#8221; show_content=&#8221;off&#8221; show_more=&#8221;off&#8221; show_author=&#8221;off&#8221; show_date=&#8221;on&#8221; show_categories=&#8221;on&#8221; show_pagination=&#8221;off&#8221; background_layout=&#8221;light&#8221; offset_number=&#8221;0&#8243; \/][et_pb_cta admin_label=&#8221;Call To Action&#8221; button_url=&#8221;http:\/\/siracotrans.ro\/marturii&#8221; button_text=&#8221;Ce spun Clientii !&#8221; use_background_color=&#8221;on&#8221; background_color=&#8221;#ff4c0e&#8221; background_layout=&#8221;dark&#8221; text_orientation=&#8221;center&#8221; module_class=&#8221;ce-spun-clientii&#8221; \/][\/et_pb_column][et_pb_column type=&#8221;3_4&#8243;][et_pb_accordion admin_label=&#8221;Accordion&#8221;][et_pb_accordion_item]\n\n<!-- Fast Secure Contact Form plugin 4.0.52 - begin - FastSecureContactForm.com -->\r\n<div style=\"clear:both;\"><\/div>\n<p class=\"formular-cariere-poz\">\r\nTrimite\u021bi CV complet\u00e2nd formularul de mai jos \u0219i ave\u021bi posibilitatea de a intra \u00eentr-o echip\u0103 t\u00e2nar\u0103 \u0219i motivat\u0103.\r\n<\/p>\r\n<div id=\"FSContact3\" style=\"clear:left; float:left; width:100%; max-width:850px; margin-right:10px;\">\r\n<form enctype=\"multipart\/form-data\" action=\"http:\/\/siracotrans.ro\/ro_RO\/wp-json\/wp\/v2\/pages\/1206#FSContact3\" id=\"fscf_form3\" method=\"post\">\r\n<fieldset id=\"fscf_form_fieldset3\" style=\"border:1px solid #ff4c0e; width:99%; max-width:550px; padding:0 5px; text-align:center; border-radius:15px; margin:10px auto;\">\n<legend>Formular Aplica\u021bie<\/legend>\n\n<div id=\"fscf_required3\">\n  <span style=\"text-align:center;\">*<\/span> <span style=\"text-align:center;\">camp obligatoriu<\/span>\n<\/div>\n\n\n<div id=\"fscf_div_clear3_0\" style=\"clear:both;\">\n  <div id=\"fscf_div_field3_0\" style=\"clear:left; float:left; width:100%; max-width:850px; margin-right:10px;text-align:center;\">\r\n    <div style=\"text-align:center; padding-top:5px;\">\n      <label style=\"text-align:center;\" for=\"fscf_name3\">Nume<span style=\"text-align:center;\">*<\/span><\/label>\n    <\/div>\r\n    <div style=\"text-align:center;\">\r\n      <input style=\"text-align:center; margin:0; width:99%; max-width:250px;\" type=\"text\" id=\"fscf_name3\" name=\"full_name\" value=\"\"  \/>\r\n    <\/div>\r\n  <\/div>\n<\/div>\n\n<div id=\"fscf_div_clear3_4\" style=\"clear:both;\">\n  <div id=\"fscf_div_field3_4\" style=\"clear:left; float:left; width:100%; max-width:850px; margin-right:10px;text-align:center;\">\n    <div  id=\"fscf_label3_4\" style=\"text-align:center; padding-top:5px;\">\r\n      <label style=\"text-align:center;\" for=\"fscf_field3_4\">Prenume:<span style=\"text-align:center;\">*<\/span><\/label>\n    <\/div>\n    <div style=\"text-align:center;\">\n      <input style=\"text-align:center; margin:0; width:99%; max-width:250px;\" type=\"text\" id=\"fscf_field3_4\" name=\"Prenume\" value=\"\"  \/>\n    <\/div>\n  <\/div>\n<\/div>\n\n<div id=\"fscf_div_clear3_1\" style=\"clear:both;\">\n  <div id=\"fscf_div_field3_1\" style=\"clear:left; float:left; width:100%; max-width:850px; margin-right:10px;text-align:center;\">\n    <div style=\"text-align:center; padding-top:5px;\">\n      <label style=\"text-align:center;\" for=\"fscf_email3\">Email:<span style=\"text-align:center;\">*<\/span><\/label>\n    <\/div>\n    <div style=\"text-align:center;\">\n      <input style=\"text-align:center; margin:0; width:99%; max-width:250px;\" type=\"text\" id=\"fscf_email3\" name=\"email\" value=\"\"  \/>\n    <\/div>\n  <\/div>\n<\/div>\n\n<div id=\"fscf_div_clear3_5\" style=\"clear:both;\">\n  <div id=\"fscf_div_field3_5\" style=\"clear:left; float:left; width:100%; max-width:850px; margin-right:10px;text-align:center;\">\n    <div  id=\"fscf_label3_5\" style=\"text-align:center; padding-top:5px;\">\r\n      <label style=\"text-align:center;\" for=\"fscf_field3_5\">Telefon:<span style=\"text-align:center;\">*<\/span><\/label>\n    <\/div>\n    <div style=\"text-align:center;\">\n      <input style=\"text-align:center; margin:0; width:99%; max-width:250px;\" type=\"text\" id=\"fscf_field3_5\" name=\"Telefon\" value=\"\"  \/>\n    <\/div>\n  <\/div>\n<\/div>\n\n<div id=\"fscf_div_clear3_6\" style=\"clear:both;\">\n  <div id=\"fscf_div_field3_6\" style=\"clear:left; float:left; width:100%; max-width:850px; margin-right:10px;text-align:center;\">\n    <div  id=\"fscf_label3_6\" style=\"text-align:center; padding-top:5px;\">\r\n      <label style=\"text-align:center;\" for=\"fscf_field3_6\">Localitate:<span style=\"text-align:center;\">*<\/span><\/label>\n    <\/div>\n    <div style=\"text-align:center;\">\n      <input style=\"text-align:center; margin:0; width:99%; max-width:250px;\" type=\"text\" id=\"fscf_field3_6\" name=\"localitate\" value=\"\"  \/>\n    <\/div>\n  <\/div>\n<\/div>\n\n<div id=\"fscf_div_clear3_7\" style=\"clear:both;\">\n  <div id=\"fscf_div_field3_7\" style=\"clear:left; float:left; width:100%; max-width:850px; margin-right:10px;text-align:center;\">\n    <div  id=\"fscf_label3_7\" style=\"text-align:center; padding-top:5px;\">\r\n      <label style=\"text-align:center;\" for=\"fscf_field3_7\">Ataseaz\u0103 CV:<span style=\"text-align:center;\">*<\/span><\/label>\n    <\/div>\n    <div style=\"text-align:center;\">\n      <input style=\"text-align:center; margin:0; width:99%; max-width:250px;\" type=\"file\" id=\"fscf_field3_7\" name=\"ataseaza-cv\"  size=\"20\" \/><br \/>\n      <span id=\"fscf_hint_file_types3_7\" style=\"font-size:x-small; font-weight:normal;\">Tipuri de fi\u0219iere acceptate: doc,docx,pdf,txt,gif,jpg,jpeg,png.<br \/>M\u0103rime fi\u0219iere:  1mb.<\/span>\n    <\/div>\n  <\/div>\n<\/div>\n\n<div id=\"fscf_div_clear3_3\" style=\"clear:both;\">\n  <div id=\"fscf_div_field3_3\" style=\"clear:left; float:left; width:100%; max-width:850px; margin-right:10px;text-align:center;\">\n    <div style=\"text-align:center; padding-top:5px;\">\n      <label style=\"text-align:center;\" for=\"fscf_field3_3\">Mesaj<span style=\"text-align:center;\">*<\/span><\/label>\n    <\/div>\n    <div style=\"text-align:center;\">\n      <textarea style=\"text-align:center; margin:0; width:99%; max-width:250px; height:120px;\" id=\"fscf_field3_3\" name=\"message\" cols=\"30\" rows=\"10\" ><\/textarea>\n    <\/div>\n  <\/div>\n<\/div>\r\n<div style=\"clear:both;\"><\/div>\n\n<div style=\"text-align:center; padding-top:5px;\">\n<\/div>\n<div id=\"fscf_captcha_image_div3\" style=\"width:250px; height:65px; padding-top:2px;\">\n      <img id=\"fscf_captcha_image3\" style=\"border-style:none; margin:0; padding:0px; padding-right:5px;float:left;\" src=\"http:\/\/siracotrans.ro\/wp-content\/plugins\/si-contact-form\/captcha\/securimage_show.php?prefix=KGk3s75AsZH2fuDE\" width=\"175\" height=\"60\" alt=\"Cod de securitate\" title=\"Cod de securitate\" \/>\n      <input id=\"fscf_captcha_prefix3\" type=\"hidden\" name=\"fscf_captcha_prefix3\" value=\"KGk3s75AsZH2fuDE\" \/>\n     <div id=\"fscf_captcha_refresh3\">\n        <a href=\"#\" rel=\"nofollow\" title=\"Reimprosp\u0103teaz\u0103 Codul de Securitate\" onclick=\"fscf_captcha_refresh('3','\/wp-content\/plugins\/si-contact-form\/captcha','http:\/\/siracotrans.ro\/wp-content\/plugins\/si-contact-form\/captcha\/securimage_show.php?prefix='); return false;\">\n        <img src=\"http:\/\/siracotrans.ro\/wp-content\/plugins\/si-contact-form\/captcha\/images\/refresh.png\" width=\"22\" height=\"20\" alt=\"Reimprosp\u0103teaz\u0103 Codul de Securitate\" style=\"border-style:none; margin:0; padding:0px; vertical-align:bottom;\" onclick=\"this.blur();\" \/><\/a>\r\n     <\/div>\r\n<\/div>\r\n\r\n<div id=\"fscf_captcha_field3\" style=\"text-align:center; padding-top:5px;\">\r\n     <label style=\"text-align:center;\" for=\"fscf_captcha_code3\">Cod de Securitate<span style=\"text-align:center;\">*<\/span><\/label>\r\n<\/div>\r\n<div style=\"text-align:center;\">\n     <input style=\"text-align:left; margin:0; width:50px;\" type=\"text\" value=\"\" autocomplete=\"off\" id=\"fscf_captcha_code3\" name=\"captcha_code\"  \/>\n<\/div>\n\n<div id=\"fscf_submit_div3\" style=\"text-align:center; clear:both; padding-top:15px;\">\r\n\t\t<input type=\"submit\" id=\"fscf_submit3\" style=\"cursor:pointer; margin:0;\" value=\"Trimite\"  onclick=\"this.disabled=true; this.value='Se trimite mesajul dvs.'; this.form.submit();\" \/> <input type=\"reset\" id=\"fscf_reset3\" style=\"cursor:pointer; margin:0;\" value=\"Reset\" onclick=\"return confirm('Do you really want to reset the form?')\" \/>\n<\/div>\n<\/fieldset>\n\n<input type=\"hidden\" name=\"fscf_submitted\" value=\"0\" \/>\n<input type=\"hidden\" name=\"fs_postonce_3\" value=\"188c645b88b04ce027a4fd77f0ffc27a,1776294208\" \/>\n<input type=\"hidden\" name=\"si_contact_action\" value=\"send\" \/>\n<input type=\"hidden\" name=\"form_id\" value=\"3\" \/>\n<input type=\"hidden\" name=\"mailto_id\" value=\"1\" \/>\n\n<\/form>\n<\/div>\r\n<div style=\"clear:both;\"><\/div>\n\n<!-- Fast Secure Contact Form plugin 4.0.52 - end - FastSecureContactForm.com -->\n[\/et_pb_accordion_item][\/et_pb_accordion][\/et_pb_column][\/et_pb_row][\/et_pb_section]<\/p>\n","protected":false},"excerpt":{"rendered":"<p>[et_pb_section][et_pb_row][et_pb_column type=&#8221;1_4&#8243;][et_pb_cta admin_label=&#8221;Call To Action&#8221; button_url=&#8221;http:\/\/siracotrans.ro\/cotatii&#8221; button_text=&#8221;Cere Cotatie !&#8221; use_background_color=&#8221;on&#8221; background_color=&#8221;#ff4c0e&#8221; background_layout=&#8221;dark&#8221; text_orientation=&#8221;center&#8221; \/][et_pb_tabs admin_label=&#8221;Tabs&#8221;][et_pb_tab title=&#8221;Meniu&#8221;] Acasa Servicii Flota Cotatii Cariere Contact [\/et_pb_tab][et_pb_tab title=&#8221;SOCIAL MEDIA&#8221;] Facebook Google Plus Youtube [\/et_pb_tab][\/et_pb_tabs][et_pb_cta admin_label=&#8221;Call To Action&#8221; button_url=&#8221;http:\/\/siracotrans.ro\/8-motive-sa-alegi-siraco&#8221; button_text=&#8221;De ce Siraco?&#8221; use_background_color=&#8221;on&#8221; background_color=&#8221;#ff4c0e&#8221; background_layout=&#8221;dark&#8221; text_orientation=&#8221;center&#8221; \/][et_pb_text admin_label=&#8221;Text&#8221; background_layout=&#8221;light&#8221; text_orientation=&#8221;center&#8221;] Nout\u0103\u021bi [\/et_pb_text][et_pb_blog admin_label=&#8221;Blog&#8221; fullwidth=&#8221;off&#8221; posts_number=&#8221;5&#8243; include_categories=&#8221;3&#8243; meta_date=&#8221;M j, Y&#8221; show_thumbnail=&#8221;on&#8221; [&hellip;]<\/p>\n","protected":false},"author":1,"featured_media":0,"parent":0,"menu_order":0,"comment_status":"open","ping_status":"open","template":"","meta":[],"categories":[],"tags":[],"_links":{"self":[{"href":"http:\/\/siracotrans.ro\/ro_RO\/wp-json\/wp\/v2\/pages\/1206"}],"collection":[{"href":"http:\/\/siracotrans.ro\/ro_RO\/wp-json\/wp\/v2\/pages"}],"about":[{"href":"http:\/\/siracotrans.ro\/ro_RO\/wp-json\/wp\/v2\/types\/page"}],"author":[{"embeddable":true,"href":"http:\/\/siracotrans.ro\/ro_RO\/wp-json\/wp\/v2\/users\/1"}],"replies":[{"embeddable":true,"href":"http:\/\/siracotrans.ro\/ro_RO\/wp-json\/wp\/v2\/comments?post=1206"}],"version-history":[{"count":2,"href":"http:\/\/siracotrans.ro\/ro_RO\/wp-json\/wp\/v2\/pages\/1206\/revisions"}],"predecessor-version":[{"id":1532,"href":"http:\/\/siracotrans.ro\/ro_RO\/wp-json\/wp\/v2\/pages\/1206\/revisions\/1532"}],"wp:attachment":[{"href":"http:\/\/siracotrans.ro\/ro_RO\/wp-json\/wp\/v2\/media?parent=1206"}],"wp:term":[{"taxonomy":"category","embeddable":true,"href":"http:\/\/siracotrans.ro\/ro_RO\/wp-json\/wp\/v2\/categories?post=1206"},{"taxonomy":"post_tag","embeddable":true,"href":"http:\/\/siracotrans.ro\/ro_RO\/wp-json\/wp\/v2\/tags?post=1206"}],"curies":[{"name":"wp","href":"https:\/\/api.w.org\/{rel}","templated":true}]}}