{"id":1496,"date":"2016-02-22T11:17:30","date_gmt":"2016-02-22T09:17:30","guid":{"rendered":"http:\/\/siracotrans.ro\/?page_id=1496"},"modified":"2016-02-22T12:00:56","modified_gmt":"2016-02-22T10:00:56","slug":"servicii-relocari","status":"publish","type":"page","link":"http:\/\/siracotrans.ro\/ro_RO\/servicii-relocari\/","title":{"rendered":"Servicii Relocari"},"content":{"rendered":"<p>[et_pb_section][et_pb_row][et_pb_column type=&#8221;1_4&#8243;][et_pb_cta admin_label=&#8221;Call To Action&#8221; button_url=&#8221;http:\/\/siracotrans.ro\/cotatii-relocari&#8221; button_text=&#8221;Cotatie Relocare Gratuit!&#8221; use_background_color=&#8221;on&#8221; background_color=&#8221;#ff4c0e&#8221; background_layout=&#8221;dark&#8221; text_orientation=&#8221;center&#8221; \/][et_pb_tabs admin_label=&#8221;Tabs&#8221;][et_pb_tab title=&#8221;Meniu&#8221;]<\/p>\n<ul>\n<li style=\"list-style:square\"><a href=\"http:\/\/siracotrans.ro\/\">Acasa<\/a><\/li>\n<li style=\"list-style:square\"><a href=\"http:\/\/siracotrans.ro\/servicii\">Servicii<\/a><\/li>\n<li style=\"list-style:square\"><a href=\"http:\/\/siracotrans.ro\/flota\">Flota<\/a><\/li>\n<li style=\"list-style:square\"><a href=\"http:\/\/siracotrans.ro\/cotatii\">Cotatii<\/a><\/li>\n<li style=\"list-style:square\"><a href=\"http:\/\/siracotrans.ro\/cariere\">Cariere<\/a><\/li>\n<li style=\"list-style:square\"><a href=\"http:\/\/siracotrans.ro\/contact\">Contact<\/a><\/li>\n<\/ul>\n<p>[\/et_pb_tab][et_pb_tab title=&#8221;SOCIAL MEDIA&#8221;]<\/p>\n<ul>\n<li style=\"list-style:square\"><a href=\"https:\/\/ro-ro.facebook.com\/pages\/Siraco-Trans\/598242463526804\">Facebook<\/a><\/li>\n<li style=\"list-style:square\"><a href=\"https:\/\/plus.google.com\/app\/basic\/105479435082682364531\/posts?cbp=1f038jwkn9mcu&amp;sview=25&amp;cid=5&amp;soc-app=115&amp;soc-platform=1\">Google Plus<\/a><\/li>\n<li style=\"list-style:square\"><a href=\"https:\/\/www.youtube.com\/watch?v=SSqD32bdwXA\">Youtube<\/a><\/li>\n<\/ul>\n<p>[\/et_pb_tab][\/et_pb_tabs][\/et_pb_column][et_pb_column type=&#8221;3_4&#8243;][et_pb_text admin_label=&#8221;Text&#8221; background_layout=&#8221;light&#8221; text_orientation=&#8221;left&#8221;]<\/p>\n<h2>Servicii Relocari<\/h2>\n<p>Siraco Exim 94 SRL, va pune la dispozitie un serviciu de relocari, Intern si International Pentru mai multe detalii v\u0103 rug\u0103m s\u0103 ne contacta\u021bi la num\u0103rul de telefon 0723.355.712 sau puteti cere o cotatie gratuita prin <a href=\"http:\/\/siracotrans.ro\/cotatii-relocari\/\">formularul de cotatii relocari.<\/a><br \/> <br style=\"clear: both;\"><\/p>\n<p>[\/et_pb_text][et_pb_slider admin_label=&#8221;Slider&#8221; show_arrows=&#8221;on&#8221; show_pagination=&#8221;on&#8221; auto=&#8221;on&#8221; parallax=&#8221;off&#8221; parallax_method=&#8221;off&#8221;][et_pb_slide background_image=&#8221;http:\/\/siracotrans.ro\/wp-content\/uploads\/2016\/02\/relocari-locuinte.jpg&#8221; alignment=&#8221;center&#8221; background_layout=&#8221;dark&#8221; allow_player_pause=&#8221;off&#8221; button_text=&#8221;Servicii Relocari Locuinte ! Cere Cotatie Gratuit !&#8221; button_link=&#8221;http:\/\/siracotrans.ro\/cotatii-relocari\/&#8221; image_alt=&#8221;Servicii Relocari Locuinte&#8221; background_color=&#8221;#ffffff&#8221; \/][et_pb_slide background_image=&#8221;http:\/\/siracotrans.ro\/wp-content\/uploads\/2016\/02\/relocari-companii.jpg&#8221; background_color=&#8221;#ffffff&#8221; alignment=&#8221;center&#8221; background_layout=&#8221;dark&#8221; allow_player_pause=&#8221;off&#8221; button_text=&#8221;Servicii Relocari Companii  ! Cere Cotatie Gratuit !&#8221; button_link=&#8221;http:\/\/www.siractrans.ro\/cotatii-relocari\/&#8221; \/][et_pb_slide background_image=&#8221;http:\/\/siracotrans.ro\/wp-content\/uploads\/2016\/02\/relocari-internationale.jpg&#8221; background_color=&#8221;#ffffff&#8221; alignment=&#8221;center&#8221; background_layout=&#8221;dark&#8221; allow_player_pause=&#8221;off&#8221; button_text=&#8221;Servicii Relocari Internationale  ! Cere Cotatie Gratuit !&#8221; button_link=&#8221;http:\/\/www.siracotrans.ro\/cotatii-relocari\/&#8221; \/][\/et_pb_slider][\/et_pb_column][\/et_pb_row][\/et_pb_section]<\/p>\n","protected":false},"excerpt":{"rendered":"<p>[et_pb_section][et_pb_row][et_pb_column type=&#8221;1_4&#8243;][et_pb_cta admin_label=&#8221;Call To Action&#8221; button_url=&#8221;http:\/\/siracotrans.ro\/cotatii-relocari&#8221; button_text=&#8221;Cotatie Relocare Gratuit!&#8221; use_background_color=&#8221;on&#8221; background_color=&#8221;#ff4c0e&#8221; background_layout=&#8221;dark&#8221; text_orientation=&#8221;center&#8221; \/][et_pb_tabs admin_label=&#8221;Tabs&#8221;][et_pb_tab title=&#8221;Meniu&#8221;] Acasa Servicii Flota Cotatii Cariere Contact [\/et_pb_tab][et_pb_tab title=&#8221;SOCIAL MEDIA&#8221;] Facebook Google Plus Youtube [\/et_pb_tab][\/et_pb_tabs][\/et_pb_column][et_pb_column type=&#8221;3_4&#8243;][et_pb_text admin_label=&#8221;Text&#8221; background_layout=&#8221;light&#8221; text_orientation=&#8221;left&#8221;] Servicii Relocari Siraco Exim 94 SRL, va pune la dispozitie un serviciu de relocari, Intern si International Pentru mai multe detalii [&hellip;]<\/p>\n","protected":false},"author":1,"featured_media":0,"parent":0,"menu_order":0,"comment_status":"closed","ping_status":"closed","template":"","meta":[],"categories":[],"tags":[],"_links":{"self":[{"href":"http:\/\/siracotrans.ro\/ro_RO\/wp-json\/wp\/v2\/pages\/1496"}],"collection":[{"href":"http:\/\/siracotrans.ro\/ro_RO\/wp-json\/wp\/v2\/pages"}],"about":[{"href":"http:\/\/siracotrans.ro\/ro_RO\/wp-json\/wp\/v2\/types\/page"}],"author":[{"embeddable":true,"href":"http:\/\/siracotrans.ro\/ro_RO\/wp-json\/wp\/v2\/users\/1"}],"replies":[{"embeddable":true,"href":"http:\/\/siracotrans.ro\/ro_RO\/wp-json\/wp\/v2\/comments?post=1496"}],"version-history":[{"count":11,"href":"http:\/\/siracotrans.ro\/ro_RO\/wp-json\/wp\/v2\/pages\/1496\/revisions"}],"predecessor-version":[{"id":1512,"href":"http:\/\/siracotrans.ro\/ro_RO\/wp-json\/wp\/v2\/pages\/1496\/revisions\/1512"}],"wp:attachment":[{"href":"http:\/\/siracotrans.ro\/ro_RO\/wp-json\/wp\/v2\/media?parent=1496"}],"wp:term":[{"taxonomy":"category","embeddable":true,"href":"http:\/\/siracotrans.ro\/ro_RO\/wp-json\/wp\/v2\/categories?post=1496"},{"taxonomy":"post_tag","embeddable":true,"href":"http:\/\/siracotrans.ro\/ro_RO\/wp-json\/wp\/v2\/tags?post=1496"}],"curies":[{"name":"wp","href":"https:\/\/api.w.org\/{rel}","templated":true}]}}