{"id":1980,"date":"2017-02-08T10:36:25","date_gmt":"2017-02-08T08:36:25","guid":{"rendered":"http:\/\/siracotrans.ro\/camioane-cu-prelata-2\/"},"modified":"2017-02-08T12:35:13","modified_gmt":"2017-02-08T10:35:13","slug":"tarp-truck","status":"publish","type":"page","link":"http:\/\/siracotrans.ro\/ro_RO\/tarp-truck\/","title":{"rendered":"Tarp truck"},"content":{"rendered":"<p>[et_pb_section admin_label=&#8221;section&#8221; fullwidth=&#8221;off&#8221; specialty=&#8221;off&#8221;][et_pb_row admin_label=&#8221;row&#8221;][et_pb_column type=&#8221;1_4&#8243;][et_pb_cta admin_label=&#8221;Call To Action&#8221; use_background_color=&#8221;on&#8221; background_color=&#8221;#ff4c0e&#8221; background_layout=&#8221;dark&#8221; text_orientation=&#8221;center&#8221; button_url=&#8221;http:\/\/siracotrans.ro\/cotatii&#8221; button_text=&#8221;Cere Cotatie !&#8221;] [\/et_pb_cta][et_pb_tabs admin_label=&#8221;Tabs&#8221; use_border_color=&#8221;off&#8221; border_color=&#8221;#ffffff&#8221; border_style=&#8221;solid&#8221;] [et_pb_tab title=&#8221;Menu&#8221; tab_font_select=&#8221;default&#8221; tab_font=&#8221;||||&#8221; tab_line_height=&#8221;2em&#8221; tab_line_height_tablet=&#8221;2em&#8221; tab_line_height_phone=&#8221;2em&#8221; body_font_select=&#8221;default&#8221; body_font=&#8221;||||&#8221; body_line_height=&#8221;2em&#8221; body_line_height_tablet=&#8221;2em&#8221; body_line_height_phone=&#8221;2em&#8221;]<\/p>\n<ul>\n<li><a href=\"http:\/\/siracotrans.ro\/ro_RO\/trucks-with-tarpaulin\/\">Trucks with tarpaulin<\/a><\/li>\n<li><a href=\"http:\/\/siracotrans.ro\/ro_RO\/mega-truck-tarp-2\/\">Mega tandem truck<\/a><\/li>\n<li><a href=\"http:\/\/siracotrans.ro\/ro_RO\/tandem-truck-tarp\/\">Tandem truck<\/a><\/li>\n<li><a href=\"http:\/\/siracotrans.ro\/ro_RO\/refrigerated-semitrailers\/\">Refrigerated semitrailers<\/a><\/li>\n<li><a href=\"http:\/\/siracotrans.ro\/ro_RO\/vans\/\">Vans<\/a><\/li>\n<li><a href=\"http:\/\/siracotrans.ro\/ro_RO\/sprinters\/\">Sprinters<\/a><\/li>\n<\/ul>\n<p>[\/et_pb_tab][et_pb_tab title=&#8221;SOCIAL MEDIA&#8221;]<\/p>\n<ul>\n<li style=\"list-style: square;\"><a href=\"https:\/\/ro-ro.facebook.com\/pages\/Siraco-Trans\/598242463526804\">Facebook<\/a><\/li>\n<li style=\"list-style: square;\"><a href=\"https:\/\/plus.google.com\/app\/basic\/105479435082682364531\/posts?cbp=1f038jwkn9mcu&amp;sview=25&amp;cid=5&amp;soc-app=115&amp;soc-platform=1\">Google Plus<\/a><\/li>\n<li style=\"list-style: square;\"><a href=\"https:\/\/www.youtube.com\/watch?v=SSqD32bdwXA\">Youtube<\/a><\/li>\n<\/ul>\n<p>[\/et_pb_tab] [\/et_pb_tabs][et_pb_cta admin_label=&#8221;Call To Action&#8221; use_background_color=&#8221;on&#8221; background_color=&#8221;#ff4c0e&#8221; background_layout=&#8221;dark&#8221; text_orientation=&#8221;center&#8221; button_url=&#8221;http:\/\/siracotrans.ro\/8-motive-sa-alegi-siraco&#8221; button_text=&#8221;De ce Siraco ?&#8221;] [\/et_pb_cta][\/et_pb_column][et_pb_column type=&#8221;3_4&#8243;][et_pb_tabs admin_label=&#8221;Tabs&#8221;] [et_pb_tab title=&#8221;Camioane cu prelata&#8221;]<\/p>\n<h2>Camioane cu prelat\u0103<\/h2>\n<p style=\"text-align: justify;\">Parcul nostru auto dispune de numeroase camioane cu prelat\u0103. Acestea sunt folosite pentru \u00eenc\u0103rc\u0103ri complete \u015fi grupaje. \u00cen func\u0163ie de tipul prelatei, \u00eenc\u0103rcarea se poate face pe sus, prin lateral sau prin spatele camionului.<\/p>\n<p>[\/et_pb_tab][et_pb_tab title=&#8221;Capacitati de incarcare&#8221;]<\/p>\n<p>&nbsp;<\/p>\n<h4>Capacitati de incarcare<\/h4>\n<table class=\"footable\">\n<thead>\n<tr>\n<th>Ton\u0103 (t)<\/th>\n<th>Lungime (L)<\/th>\n<th>L\u0103\u0163ime (l)<\/th>\n<th>\u00cen\u0103l\u0163ime (h)<\/th>\n<th>Metri cubi (m3)<\/th>\n<\/tr>\n<\/thead>\n<tbody>\n<tr>\n<td>24<\/td>\n<td>13.6<\/td>\n<td>2.45<\/td>\n<td>2.70<\/td>\n<td>90<\/td>\n<\/tr>\n<\/tbody>\n<\/table>\n<p>[\/et_pb_tab] [\/et_pb_tabs][et_pb_slider admin_label=&#8221;Slider-camion&#8221; show_arrows=&#8221;on&#8221; show_pagination=&#8221;on&#8221; auto=&#8221;on&#8221; parallax=&#8221;off&#8221; parallax_method=&#8221;off&#8221; auto_ignore_hover=&#8221;off&#8221; remove_inner_shadow=&#8221;on&#8221; background_position=&#8221;default&#8221; background_size=&#8221;default&#8221; hide_content_on_mobile=&#8221;off&#8221; hide_cta_on_mobile=&#8221;off&#8221; show_image_video_mobile=&#8221;off&#8221; custom_button=&#8221;off&#8221; button_letter_spacing=&#8221;0&#8243; button_use_icon=&#8221;default&#8221; button_icon_placement=&#8221;right&#8221; button_on_hover=&#8221;on&#8221; button_letter_spacing_hover=&#8221;0&#8243;] [et_pb_slide background_image=&#8221;http:\/\/siracotrans.ro\/wp-content\/uploads\/2015\/04\/camion_prelata_full.jpg&#8221; background_color=&#8221;#ffffff&#8221; alignment=&#8221;center&#8221; background_layout=&#8221;dark&#8221; allow_player_pause=&#8221;off&#8221; heading=&#8221;Camion cu Prelat\u0103&#8221; background_position=&#8221;center&#8221; background_size=&#8221;contain&#8221; use_bg_overlay=&#8221;off&#8221; use_text_overlay=&#8221;off&#8221; text_border_radius=&#8221;3&#8243; header_font_select=&#8221;default&#8221; header_font=&#8221;||||&#8221; body_font_select=&#8221;default&#8221; body_font=&#8221;||||&#8221; custom_button=&#8221;off&#8221; button_font_select=&#8221;default&#8221; button_font=&#8221;||||&#8221; button_use_icon=&#8221;default&#8221; button_icon_placement=&#8221;right&#8221; button_on_hover=&#8221;on&#8221;][\/et_pb_slide][et_pb_slide heading=&#8221;Semiremorc\u0103 cu Prelat\u0103&#8221; background_image=&#8221;http:\/\/siracotrans.ro\/wp-content\/uploads\/2015\/04\/prelata.jpg&#8221; background_color=&#8221;#ffffff&#8221; alignment=&#8221;center&#8221; background_layout=&#8221;dark&#8221; allow_player_pause=&#8221;off&#8221; background_position=&#8221;center&#8221; background_size=&#8221;contain&#8221; use_bg_overlay=&#8221;off&#8221; use_text_overlay=&#8221;off&#8221; text_border_radius=&#8221;3&#8243; header_font_select=&#8221;default&#8221; header_font=&#8221;||||&#8221; body_font_select=&#8221;default&#8221; body_font=&#8221;||||&#8221; custom_button=&#8221;off&#8221; button_font_select=&#8221;default&#8221; button_font=&#8221;||||&#8221; button_use_icon=&#8221;default&#8221; button_icon_placement=&#8221;right&#8221; button_on_hover=&#8221;on&#8221;][\/et_pb_slide] [\/et_pb_slider][\/et_pb_column][\/et_pb_row][\/et_pb_section]<\/p>\n","protected":false},"excerpt":{"rendered":"<p>[et_pb_section admin_label=&#8221;section&#8221; fullwidth=&#8221;off&#8221; specialty=&#8221;off&#8221;][et_pb_row admin_label=&#8221;row&#8221;][et_pb_column type=&#8221;1_4&#8243;][et_pb_cta admin_label=&#8221;Call To Action&#8221; use_background_color=&#8221;on&#8221; background_color=&#8221;#ff4c0e&#8221; background_layout=&#8221;dark&#8221; text_orie&#8230;<\/p>\n","protected":false},"author":1,"featured_media":0,"parent":0,"menu_order":0,"comment_status":"open","ping_status":"closed","template":"","meta":[],"categories":[4],"tags":[],"_links":{"self":[{"href":"http:\/\/siracotrans.ro\/ro_RO\/wp-json\/wp\/v2\/pages\/1980"}],"collection":[{"href":"http:\/\/siracotrans.ro\/ro_RO\/wp-json\/wp\/v2\/pages"}],"about":[{"href":"http:\/\/siracotrans.ro\/ro_RO\/wp-json\/wp\/v2\/types\/page"}],"author":[{"embeddable":true,"href":"http:\/\/siracotrans.ro\/ro_RO\/wp-json\/wp\/v2\/users\/1"}],"replies":[{"embeddable":true,"href":"http:\/\/siracotrans.ro\/ro_RO\/wp-json\/wp\/v2\/comments?post=1980"}],"version-history":[{"count":2,"href":"http:\/\/siracotrans.ro\/ro_RO\/wp-json\/wp\/v2\/pages\/1980\/revisions"}],"predecessor-version":[{"id":2010,"href":"http:\/\/siracotrans.ro\/ro_RO\/wp-json\/wp\/v2\/pages\/1980\/revisions\/2010"}],"wp:attachment":[{"href":"http:\/\/siracotrans.ro\/ro_RO\/wp-json\/wp\/v2\/media?parent=1980"}],"wp:term":[{"taxonomy":"category","embeddable":true,"href":"http:\/\/siracotrans.ro\/ro_RO\/wp-json\/wp\/v2\/categories?post=1980"},{"taxonomy":"post_tag","embeddable":true,"href":"http:\/\/siracotrans.ro\/ro_RO\/wp-json\/wp\/v2\/tags?post=1980"}],"curies":[{"name":"wp","href":"https:\/\/api.w.org\/{rel}","templated":true}]}}